{"id":10447,"date":"2021-08-25T12:51:52","date_gmt":"2021-08-25T12:51:52","guid":{"rendered":"https:\/\/ritosa.click.si\/?post_type=product&#038;p=10447"},"modified":"2025-09-25T10:48:07","modified_gmt":"2025-09-25T08:48:07","slug":"shimano-saint-pd-m828-flat","status":"publish","type":"product","link":"https:\/\/ritosa.click.si\/hr\/ducan\/biciklizam\/oprema-za-biciklizam\/dodatna-oprema-in-rezervni-deli\/pedala\/shimano-saint-pd-m828-flat\/","title":{"rendered":"Dje\u010dja pedala RFR"},"content":{"rendered":"<p data-start=\"119\" data-end=\"183\">Lagane i visokokvalitetne dje\u010dje pedale pru\u017eaju izvrsno prianjanje. Uklju\u010deni su reflektori (katadioptrije). Kugli\u010dni le\u017eajevi.<\/p>\n<ul>\n<li data-start=\"245\" data-end=\"345\"><strong data-start=\"245\" data-end=\"255\">Boja:<\/strong> plava<\/li>\n<li data-start=\"245\" data-end=\"345\"><strong data-start=\"264\" data-end=\"286\">Dimenzije (D x \u0160):<\/strong> 112 x 77 mm<\/li>\n<li data-start=\"245\" data-end=\"345\"><strong data-start=\"301\" data-end=\"314\">Materijal:<\/strong> polikarbonat<\/li>\n<li data-start=\"245\" data-end=\"345\"><strong data-start=\"330\" data-end=\"339\">Te\u017eina:<\/strong> 387 g<\/li>\n<\/ul>","protected":false},"excerpt":{"rendered":"<p>Dje\u010dje pedale RFR plave.<\/p>","protected":false},"featured_media":19742,"template":"","meta":{"_acf_changed":false,"inline_featured_image":false,"_monsterinsights_skip_tracking":false,"_monsterinsights_sitenote_active":false,"_monsterinsights_sitenote_note":"","_monsterinsights_sitenote_category":0},"product_brand":[],"product_cat":[531],"product_tag":[1198,1696,1007,1657,1698,1697],"class_list":{"0":"post-10447","1":"product","2":"type-product","3":"status-publish","4":"has-post-thumbnail","6":"product_cat-pedala","7":"product_tag-otroci","8":"product_tag-otroska-pedala","9":"product_tag-otrosko-kolo","10":"product_tag-pedala","11":"product_tag-pedala-cube","12":"product_tag-pedala-rfr","14":"first","15":"instock","16":"taxable","17":"shipping-taxable","18":"purchasable","19":"product-type-simple"},"acf":[],"aioseo_notices":[],"_links":{"self":[{"href":"https:\/\/ritosa.click.si\/hr\/wp-json\/wp\/v2\/product\/10447","targetHints":{"allow":["GET"]}}],"collection":[{"href":"https:\/\/ritosa.click.si\/hr\/wp-json\/wp\/v2\/product"}],"about":[{"href":"https:\/\/ritosa.click.si\/hr\/wp-json\/wp\/v2\/types\/product"}],"wp:featuredmedia":[{"embeddable":true,"href":"https:\/\/ritosa.click.si\/hr\/wp-json\/wp\/v2\/media\/19742"}],"wp:attachment":[{"href":"https:\/\/ritosa.click.si\/hr\/wp-json\/wp\/v2\/media?parent=10447"}],"wp:term":[{"taxonomy":"product_brand","embeddable":true,"href":"https:\/\/ritosa.click.si\/hr\/wp-json\/wp\/v2\/product_brand?post=10447"},{"taxonomy":"product_cat","embeddable":true,"href":"https:\/\/ritosa.click.si\/hr\/wp-json\/wp\/v2\/product_cat?post=10447"},{"taxonomy":"product_tag","embeddable":true,"href":"https:\/\/ritosa.click.si\/hr\/wp-json\/wp\/v2\/product_tag?post=10447"}],"curies":[{"name":"radni list","href":"https:\/\/api.w.org\/{rel}","templated":true}]}}