{"id":10445,"date":"2021-08-25T12:50:15","date_gmt":"2021-08-25T12:50:15","guid":{"rendered":"https:\/\/ritosa.click.si\/?post_type=product&#038;p=10445"},"modified":"2025-09-25T10:00:29","modified_gmt":"2025-09-25T08:00:29","slug":"supacaz-smash","status":"publish","type":"product","link":"https:\/\/ritosa.click.si\/hr\/ducan\/biciklizam\/oprema-za-biciklizam\/dodatna-oprema-in-rezervni-deli\/pedala\/supacaz-smash\/","title":{"rendered":"Keo jastu\u010di\u0107i za pedale"},"content":{"rendered":"<p>Look Keo su plo\u010dice za pedale (blokovi) za Look Keo SPD sustav pedala. Pri\u010dvr\u0161\u0107uju se s tri vijka, \u0161to osigurava maksimalnu stabilnost stopala na pedali. Bijela podru\u010dja izra\u0111ena su od teflonskog spoja, \u0161to olak\u0161ava obuvanje ili izuvanje te smanjuje zveckanje samih kopa\u010dki.<\/p>\n<p>Crvene Keo plo\u010de omogu\u0107uju 9 stupnjeva pomicanja stopala ulijevo ili udesno, pa su prikladne za osobe koje imaju problema s koljenom i osje\u0107ale bi bol ako bi stopalo bilo fiksirano. Plo\u010de su prikladne samo za Look Keo sustav.<\/p>\n<p><strong>Zna\u010dajke:<\/strong><\/p>\n<ul>\n<li>Crvena plo\u010da omogu\u0107uje pomicanje stopala lijevo i desno za 9 stupnjeva<\/li>\n<li>Izra\u0111ene su od mje\u0161avine poliamida i najlona s teflonskim umecima.<\/li>\n<li>Mogu\u0107nosti pode\u0161avanja: 4 mm \u0161irine i 9 mm duljine stopala<\/li>\n<li>Vijci i podlo\u0161ke su uklju\u010deni<\/li>\n<li>Te\u017eina: 68 g<\/li>\n<\/ul>\n<p><img decoding=\"async\" class=\"alignnone size-medium wp-image-19706\" src=\"https:\/\/ritosa.click.si\/wp-content\/uploads\/2021\/08\/1569770525-pedals-product-page-why-you-love-it-2732x1536-795-cleat-keo-150x200.jpg\" alt=\"\" width=\"150\" height=\"200\" srcset=\"https:\/\/ritosa.click.si\/wp-content\/uploads\/2021\/08\/1569770525-pedals-product-page-why-you-love-it-2732x1536-795-cleat-keo-150x200.jpg 150w, https:\/\/ritosa.click.si\/wp-content\/uploads\/2021\/08\/1569770525-pedals-product-page-why-you-love-it-2732x1536-795-cleat-keo-770x1024.jpg 770w, https:\/\/ritosa.click.si\/wp-content\/uploads\/2021\/08\/1569770525-pedals-product-page-why-you-love-it-2732x1536-795-cleat-keo-113x150.jpg 113w, https:\/\/ritosa.click.si\/wp-content\/uploads\/2021\/08\/1569770525-pedals-product-page-why-you-love-it-2732x1536-795-cleat-keo-768x1021.jpg 768w, https:\/\/ritosa.click.si\/wp-content\/uploads\/2021\/08\/1569770525-pedals-product-page-why-you-love-it-2732x1536-795-cleat-keo-9x12.jpg 9w, https:\/\/ritosa.click.si\/wp-content\/uploads\/2021\/08\/1569770525-pedals-product-page-why-you-love-it-2732x1536-795-cleat-keo-300x399.jpg 300w, https:\/\/ritosa.click.si\/wp-content\/uploads\/2021\/08\/1569770525-pedals-product-page-why-you-love-it-2732x1536-795-cleat-keo-600x798.jpg 600w, https:\/\/ritosa.click.si\/wp-content\/uploads\/2021\/08\/1569770525-pedals-product-page-why-you-love-it-2732x1536-795-cleat-keo.jpg 1155w\" sizes=\"(max-width: 150px) 100vw, 150px\" \/><\/p>","protected":false},"excerpt":{"rendered":"<p>Look Keo su plo\u010dice za pedale (blokovi) za Look Keo SPD sustav pedala. U crvenoj boji.<\/p>","protected":false},"featured_media":19705,"template":"","meta":{"_acf_changed":false,"inline_featured_image":false},"product_brand":[1660],"product_cat":[531],"product_tag":[1669,1687,1681,1686],"class_list":{"0":"post-10445","1":"product","2":"type-product","3":"status-publish","4":"has-post-thumbnail","6":"product_brand-look","7":"product_cat-pedala","8":"product_tag-look","9":"product_tag-look-keo","10":"product_tag-ploscice-za-pedala","11":"product_tag-ploscice-za-pedala-keo","13":"first","14":"instock","15":"taxable","16":"shipping-taxable","17":"purchasable","18":"product-type-simple"},"acf":[],"_links":{"self":[{"href":"https:\/\/ritosa.click.si\/hr\/wp-json\/wp\/v2\/product\/10445","targetHints":{"allow":["GET"]}}],"collection":[{"href":"https:\/\/ritosa.click.si\/hr\/wp-json\/wp\/v2\/product"}],"about":[{"href":"https:\/\/ritosa.click.si\/hr\/wp-json\/wp\/v2\/types\/product"}],"wp:featuredmedia":[{"embeddable":true,"href":"https:\/\/ritosa.click.si\/hr\/wp-json\/wp\/v2\/media\/19705"}],"wp:attachment":[{"href":"https:\/\/ritosa.click.si\/hr\/wp-json\/wp\/v2\/media?parent=10445"}],"wp:term":[{"taxonomy":"product_brand","embeddable":true,"href":"https:\/\/ritosa.click.si\/hr\/wp-json\/wp\/v2\/product_brand?post=10445"},{"taxonomy":"product_cat","embeddable":true,"href":"https:\/\/ritosa.click.si\/hr\/wp-json\/wp\/v2\/product_cat?post=10445"},{"taxonomy":"product_tag","embeddable":true,"href":"https:\/\/ritosa.click.si\/hr\/wp-json\/wp\/v2\/product_tag?post=10445"}],"curies":[{"name":"radni list","href":"https:\/\/api.w.org\/{rel}","templated":true}]}}