{"id":10434,"date":"2021-08-25T10:17:08","date_gmt":"2021-08-25T10:17:08","guid":{"rendered":"https:\/\/ritosa.click.si\/?post_type=product&#038;p=10434"},"modified":"2025-09-18T13:13:41","modified_gmt":"2025-09-18T11:13:41","slug":"topeak-whitelite-redlite-race-combo","status":"publish","type":"product","link":"https:\/\/ritosa.click.si\/hr\/ducan\/biciklizam\/oprema-za-biciklizam\/dodatna-oprema-in-rezervni-deli\/luci-zarometi\/topeak-whitelite-redlite-race-combo\/","title":{"rendered":"Set svjetala Topeak Whitelite &amp; Redlite Race Combo"},"content":{"rendered":"<div id=\"collapse1One\" class=\"accordion-body collapse in\">\n<p>Dvije prednje super svijetle bijele i dvije stra\u017enje super svijetle crvene LED diode pru\u017eaju izvrsnu vidljivost. Gumena traka omogu\u0107uje monta\u017eu bez alata i razli\u010dite polo\u017eaje monta\u017ee.<\/p>\n<div class=\"field field-name-body field-type-text-with-summary field-label-hidden\">\n<div class=\"field-items\">\n<div class=\"field-item even\">\n<p><strong>Prednje svjetlo:<\/strong><\/p>\n<ul>\n<li>\u017darulja: 2 svijetle LED diode<\/li>\n<li>Na\u010din rada: konstantan \/ trep\u0107u\u0107i<\/li>\n<li>CR2032 baterije (2) (uklju\u010dene)<\/li>\n<li>Trajanje baterije: 70 sati \/ 140 sati<\/li>\n<li>Svjetlina: 25 cd<\/li>\n<li>Monta\u017ea: na cijev \u00f825,4-\u00f831,8 mm<\/li>\n<li>Veli\u010dina: (D x \u0160 x V) 7 x 3,8 x 3,6 cm<\/li>\n<li>Te\u017eina: 40 g<\/li>\n<\/ul>\n<p><strong>Stra\u017enje svjetlo:<\/strong><\/p>\n<ul>\n<li>\u017darulja: 2 crvene LED diode<\/li>\n<li>Na\u010din rada: konstantan \/ trep\u0107u\u0107i<\/li>\n<li>Baterija: CR2032 (2) (uklju\u010dena)<\/li>\n<li>Trajanje baterije: 70 sati \/ 140 sati<\/li>\n<li>Svjetlina: 15 cd<\/li>\n<li>Monta\u017ea: Na cijev \u00f825,4-\u00f834,9 mm<\/li>\n<li>Veli\u010dina: (D x \u0160 x V) 7 x 3,6 x 3,8 cm<\/li>\n<li>Te\u017eina: 37,6 g<\/li>\n<\/ul>\n<\/div>\n<\/div>\n<\/div>\n<\/div>","protected":false},"excerpt":{"rendered":"<p>Topeak Whitelite &amp; Redlite Race Combo set svjetala za bicikl s prednjim i stra\u017enjim svjetlom.<\/p>","protected":false},"featured_media":10435,"template":"","meta":{"_acf_changed":false,"inline_featured_image":false},"product_brand":[1395],"product_cat":[534],"product_tag":[1553,1552,1558,1551,1554],"class_list":{"0":"post-10434","1":"product","2":"type-product","3":"status-publish","4":"has-post-thumbnail","6":"product_brand-topeak","7":"product_cat-luci-zarometi","8":"product_tag-luci-topeak","9":"product_tag-luci-za-na-kolo","10":"product_tag-set-luci-topeak","11":"product_tag-set-luci-za-na-kolo","12":"product_tag-topeak","14":"first","15":"instock","16":"taxable","17":"shipping-taxable","18":"purchasable","19":"product-type-simple"},"acf":[],"_links":{"self":[{"href":"https:\/\/ritosa.click.si\/hr\/wp-json\/wp\/v2\/product\/10434","targetHints":{"allow":["GET"]}}],"collection":[{"href":"https:\/\/ritosa.click.si\/hr\/wp-json\/wp\/v2\/product"}],"about":[{"href":"https:\/\/ritosa.click.si\/hr\/wp-json\/wp\/v2\/types\/product"}],"wp:featuredmedia":[{"embeddable":true,"href":"https:\/\/ritosa.click.si\/hr\/wp-json\/wp\/v2\/media\/10435"}],"wp:attachment":[{"href":"https:\/\/ritosa.click.si\/hr\/wp-json\/wp\/v2\/media?parent=10434"}],"wp:term":[{"taxonomy":"product_brand","embeddable":true,"href":"https:\/\/ritosa.click.si\/hr\/wp-json\/wp\/v2\/product_brand?post=10434"},{"taxonomy":"product_cat","embeddable":true,"href":"https:\/\/ritosa.click.si\/hr\/wp-json\/wp\/v2\/product_cat?post=10434"},{"taxonomy":"product_tag","embeddable":true,"href":"https:\/\/ritosa.click.si\/hr\/wp-json\/wp\/v2\/product_tag?post=10434"}],"curies":[{"name":"radni list","href":"https:\/\/api.w.org\/{rel}","templated":true}]}}