{"id":10420,"date":"2021-08-07T10:11:05","date_gmt":"2021-08-07T10:11:05","guid":{"rendered":"https:\/\/ritosa.click.si\/?post_type=product&#038;p=10420"},"modified":"2025-06-23T15:21:00","modified_gmt":"2025-06-23T13:21:00","slug":"zadnja-luc-za-elektricni-skiro","status":"publish","type":"product","link":"https:\/\/ritosa.click.si\/hr\/ducan\/skiroji\/rezervni-deli-za-elektricne-skiroje\/zadnja-luc-za-elektricni-skiro\/","title":{"rendered":"Stra\u017enje svjetlo za elektri\u010dni skuter"},"content":{"rendered":"<p>Stra\u017enje svjetlo za elektri\u010dne skutere, montira se na stra\u017enji blatobran.<\/p>","protected":false},"excerpt":{"rendered":"<p>Stra\u017enje svjetlo za elektri\u010dne skutere, montira se na stra\u017enji blatobran.<\/p>","protected":false},"featured_media":10421,"template":"","meta":{"_acf_changed":false,"inline_featured_image":false},"product_brand":[],"product_cat":[655],"product_tag":[],"class_list":{"0":"post-10420","1":"product","2":"type-product","3":"status-publish","4":"has-post-thumbnail","6":"product_cat-rezervni-deli-za-elektricne-skiroje","8":"first","9":"onbackorder","10":"taxable","11":"shipping-taxable","12":"purchasable","13":"product-type-simple"},"acf":[],"_links":{"self":[{"href":"https:\/\/ritosa.click.si\/hr\/wp-json\/wp\/v2\/product\/10420","targetHints":{"allow":["GET"]}}],"collection":[{"href":"https:\/\/ritosa.click.si\/hr\/wp-json\/wp\/v2\/product"}],"about":[{"href":"https:\/\/ritosa.click.si\/hr\/wp-json\/wp\/v2\/types\/product"}],"wp:featuredmedia":[{"embeddable":true,"href":"https:\/\/ritosa.click.si\/hr\/wp-json\/wp\/v2\/media\/10421"}],"wp:attachment":[{"href":"https:\/\/ritosa.click.si\/hr\/wp-json\/wp\/v2\/media?parent=10420"}],"wp:term":[{"taxonomy":"product_brand","embeddable":true,"href":"https:\/\/ritosa.click.si\/hr\/wp-json\/wp\/v2\/product_brand?post=10420"},{"taxonomy":"product_cat","embeddable":true,"href":"https:\/\/ritosa.click.si\/hr\/wp-json\/wp\/v2\/product_cat?post=10420"},{"taxonomy":"product_tag","embeddable":true,"href":"https:\/\/ritosa.click.si\/hr\/wp-json\/wp\/v2\/product_tag?post=10420"}],"curies":[{"name":"radni list","href":"https:\/\/api.w.org\/{rel}","templated":true}]}}