{"id":10418,"date":"2021-08-07T10:07:37","date_gmt":"2021-08-07T10:07:37","guid":{"rendered":"https:\/\/ritosa.click.si\/?post_type=product&#038;p=10418"},"modified":"2025-06-23T15:21:01","modified_gmt":"2025-06-23T13:21:01","slug":"zavorna-rocka-za-elektricni-skiro","status":"publish","type":"product","link":"https:\/\/ritosa.click.si\/hr\/ducan\/skiroji\/rezervni-deli-za-elektricne-skiroje\/zavorna-rocka-za-elektricni-skiro\/","title":{"rendered":"Ru\u010dica ko\u010dnice za elektri\u010dni skuter"},"content":{"rendered":"<p>Ru\u010dica ko\u010dnice za elektri\u010dni skuter s konektorima.<\/p>","protected":false},"excerpt":{"rendered":"<p>Ru\u010dica ko\u010dnice za elektri\u010dni skuter s konektorima.<\/p>","protected":false},"featured_media":10419,"template":"","meta":{"_acf_changed":false,"inline_featured_image":false},"product_brand":[],"product_cat":[655],"product_tag":[],"class_list":{"0":"post-10418","1":"product","2":"type-product","3":"status-publish","4":"has-post-thumbnail","6":"product_cat-rezervni-deli-za-elektricne-skiroje","8":"first","9":"onbackorder","10":"taxable","11":"shipping-taxable","12":"purchasable","13":"product-type-simple"},"acf":[],"_links":{"self":[{"href":"https:\/\/ritosa.click.si\/hr\/wp-json\/wp\/v2\/product\/10418","targetHints":{"allow":["GET"]}}],"collection":[{"href":"https:\/\/ritosa.click.si\/hr\/wp-json\/wp\/v2\/product"}],"about":[{"href":"https:\/\/ritosa.click.si\/hr\/wp-json\/wp\/v2\/types\/product"}],"wp:featuredmedia":[{"embeddable":true,"href":"https:\/\/ritosa.click.si\/hr\/wp-json\/wp\/v2\/media\/10419"}],"wp:attachment":[{"href":"https:\/\/ritosa.click.si\/hr\/wp-json\/wp\/v2\/media?parent=10418"}],"wp:term":[{"taxonomy":"product_brand","embeddable":true,"href":"https:\/\/ritosa.click.si\/hr\/wp-json\/wp\/v2\/product_brand?post=10418"},{"taxonomy":"product_cat","embeddable":true,"href":"https:\/\/ritosa.click.si\/hr\/wp-json\/wp\/v2\/product_cat?post=10418"},{"taxonomy":"product_tag","embeddable":true,"href":"https:\/\/ritosa.click.si\/hr\/wp-json\/wp\/v2\/product_tag?post=10418"}],"curies":[{"name":"radni list","href":"https:\/\/api.w.org\/{rel}","templated":true}]}}