{"id":10365,"date":"2021-07-15T16:31:07","date_gmt":"2021-07-15T16:31:07","guid":{"rendered":"https:\/\/ritosa.click.si\/?post_type=product&#038;p=10365"},"modified":"2025-09-23T16:32:03","modified_gmt":"2025-09-23T14:32:03","slug":"otroski-sedez-bellelli-freccia-sprednji-b-fix-4","status":"publish","type":"product","link":"https:\/\/ritosa.click.si\/hr\/ducan\/biciklizam\/oprema-za-biciklizam\/dodatna-oprema-in-rezervni-deli\/otroski-sedezi\/otroski-sedez-bellelli-freccia-sprednji-b-fix-4\/","title":{"rendered":"Bellelli FRECCIA prednje dje\u010dje sjedalo B-FIX"},"content":{"rendered":"<p>Prednja dje\u010dja sjedalica za bicikle proizvo\u0111a\u010da Bellelli, montirana na okvir, na donju cijev izme\u0111u upravlja\u010da i pogonskog sklopa. T\u00dcV certifikat.<\/p>\n<ul>\n<li>Pogodno za djecu od 9 mjeseci do 4 godine. Maksimalno preporu\u010deno optere\u0107enje 15 kg.<\/li>\n<li>Montiranje dje\u010dje sjedalice na okvir omogu\u0107uje vi\u0161e prostora za ostalu prtljagu.<\/li>\n<li>Podesivi sigurnosni pojas i oslonci za noge. Pojas je dizajniran tako da ga dijete ne mo\u017ee samo otvoriti.<\/li>\n<li>Vi\u0161e mogu\u0107nosti monta\u017ee<\/li>\n<li>Za bicikle s obru\u010dima od 26\u201d do 28\u201d, uklju\u010duju\u0107i \u017eenske ili mu\u0161ke trekking, cross-country, brdske i hibridne bicikle.<\/li>\n<\/ul>\n<p style=\"text-align: center\"><img fetchpriority=\"high\" decoding=\"async\" src=\"http:\/\/ritosa.si\/img\/cms\/IMG_20170927_115832.jpg\" alt=\"\" width=\"219\" height=\"472\" \/><\/p>\n<p>\u00a0Dje\u010dju sjedalicu mo\u017eete naru\u010diti u na\u0161oj internetskoj trgovini ili u na\u0161em biciklisti\u010dkom centru Rito\u0161a Izola.<\/p>","protected":false},"excerpt":{"rendered":"<p>Prednja dje\u010dja sjedalica za bicikle proizvo\u0111a\u010da Bellelli, montirana na okvir, na donju cijev izme\u0111u upravlja\u010da i pogonskog sklopa. T\u00dcV certifikat.<\/p>","protected":false},"featured_media":10368,"template":"","meta":{"_acf_changed":false,"inline_featured_image":false,"_monsterinsights_skip_tracking":false,"_monsterinsights_sitenote_active":false,"_monsterinsights_sitenote_note":"","_monsterinsights_sitenote_category":0},"product_brand":[1643],"product_cat":[538],"product_tag":[1641,1198,1654,1653],"class_list":{"0":"post-10365","1":"product","2":"type-product","3":"status-publish","4":"has-post-thumbnail","6":"product_brand-bellelli","7":"product_cat-otroski-sedezi","8":"product_tag-bellelli","9":"product_tag-otroci","10":"product_tag-otroski-sedez-bellelli","11":"product_tag-otroski-sedez-za-kolo","12":"pa_barva-roza","13":"pa_barva-temno-siva","15":"first","16":"onbackorder","17":"sale","18":"taxable","19":"shipping-taxable","20":"purchasable","21":"product-type-simple"},"acf":[],"aioseo_notices":[],"_links":{"self":[{"href":"https:\/\/ritosa.click.si\/hr\/wp-json\/wp\/v2\/product\/10365","targetHints":{"allow":["GET"]}}],"collection":[{"href":"https:\/\/ritosa.click.si\/hr\/wp-json\/wp\/v2\/product"}],"about":[{"href":"https:\/\/ritosa.click.si\/hr\/wp-json\/wp\/v2\/types\/product"}],"wp:featuredmedia":[{"embeddable":true,"href":"https:\/\/ritosa.click.si\/hr\/wp-json\/wp\/v2\/media\/10368"}],"wp:attachment":[{"href":"https:\/\/ritosa.click.si\/hr\/wp-json\/wp\/v2\/media?parent=10365"}],"wp:term":[{"taxonomy":"product_brand","embeddable":true,"href":"https:\/\/ritosa.click.si\/hr\/wp-json\/wp\/v2\/product_brand?post=10365"},{"taxonomy":"product_cat","embeddable":true,"href":"https:\/\/ritosa.click.si\/hr\/wp-json\/wp\/v2\/product_cat?post=10365"},{"taxonomy":"product_tag","embeddable":true,"href":"https:\/\/ritosa.click.si\/hr\/wp-json\/wp\/v2\/product_tag?post=10365"}],"curies":[{"name":"radni list","href":"https:\/\/api.w.org\/{rel}","templated":true}]}}