{"id":10342,"date":"2021-07-15T16:09:56","date_gmt":"2021-07-15T16:09:56","guid":{"rendered":"https:\/\/ritosa.click.si\/?post_type=product&#038;p=10342"},"modified":"2026-03-14T13:21:59","modified_gmt":"2026-03-14T12:21:59","slug":"kosara-sprednja-z-nosilcem-za-pritrditev-4","status":"publish","type":"product","link":"https:\/\/ritosa.click.si\/hr\/ducan\/biciklizam\/oprema-za-biciklizam\/dodatna-oprema-in-rezervni-deli\/kosare\/kosara-sprednja-z-nosilcem-za-pritrditev-4\/","title":{"rendered":"Prednja ko\u0161ara Belelli s nosa\u010dem za monta\u017eu"},"content":{"rendered":"<p>Nosa\u010d je uklju\u010den.<\/p>\n<p>Dimenzije (Dx\u0160xV): 26 cm x 38 cm x 25 cm<\/p>\n<p>Prednja torba za bicikl Belelli tako\u0111er stane na isti nosa\u010d.<\/p>\n<p>&nbsp;<\/p>\n<p>&nbsp;<\/p>","protected":false},"excerpt":{"rendered":"<p>Prednja PVC ko\u0161ara Belelli s ru\u010dkom i brzo-otpu\u0161taju\u0107im nosa\u010dem za monta\u017eu na upravlja\u010d.<\/p>","protected":false},"featured_media":21660,"template":"","meta":{"_acf_changed":false,"inline_featured_image":false},"product_brand":[1643],"product_cat":[536],"product_tag":[],"class_list":{"0":"post-10342","1":"product","2":"type-product","3":"status-publish","4":"has-post-thumbnail","6":"product_brand-bellelli","7":"product_cat-kosare","8":"pa_barva-bela","9":"pa_barva-krem","11":"first","12":"instock","13":"sale","14":"taxable","15":"shipping-taxable","16":"purchasable","17":"product-type-simple"},"acf":[],"_links":{"self":[{"href":"https:\/\/ritosa.click.si\/hr\/wp-json\/wp\/v2\/product\/10342","targetHints":{"allow":["GET"]}}],"collection":[{"href":"https:\/\/ritosa.click.si\/hr\/wp-json\/wp\/v2\/product"}],"about":[{"href":"https:\/\/ritosa.click.si\/hr\/wp-json\/wp\/v2\/types\/product"}],"wp:featuredmedia":[{"embeddable":true,"href":"https:\/\/ritosa.click.si\/hr\/wp-json\/wp\/v2\/media\/21660"}],"wp:attachment":[{"href":"https:\/\/ritosa.click.si\/hr\/wp-json\/wp\/v2\/media?parent=10342"}],"wp:term":[{"taxonomy":"product_brand","embeddable":true,"href":"https:\/\/ritosa.click.si\/hr\/wp-json\/wp\/v2\/product_brand?post=10342"},{"taxonomy":"product_cat","embeddable":true,"href":"https:\/\/ritosa.click.si\/hr\/wp-json\/wp\/v2\/product_cat?post=10342"},{"taxonomy":"product_tag","embeddable":true,"href":"https:\/\/ritosa.click.si\/hr\/wp-json\/wp\/v2\/product_tag?post=10342"}],"curies":[{"name":"radni list","href":"https:\/\/api.w.org\/{rel}","templated":true}]}}