{"id":10323,"date":"2021-07-08T15:48:27","date_gmt":"2021-07-08T15:48:27","guid":{"rendered":"https:\/\/ritosa.click.si\/?post_type=product&#038;p=10323"},"modified":"2025-06-23T15:13:37","modified_gmt":"2025-06-23T13:13:37","slug":"potopna-sedezna-opora-tranzx-31-6-100mm","status":"publish","type":"product","link":"https:\/\/ritosa.click.si\/hr\/ducan\/biciklizam\/potopna-sedezna-opora-tranzx-31-6-100mm\/","title":{"rendered":"Cijev sjedala TranzX 31.6 100 mm s teleskopskom teleskopskom oprugom"},"content":{"rendered":"<p>Usmjeravanje kabela: Unutarnje<\/p>\n<p>Promjer: 31,6 mm<\/p>\n<p>Hod: 100 mm<\/p>\n<p>Duljina: 370 mm<\/p>\n<p>Uklju\u010duju\u0107i upravlja\u010dku ru\u010dicu, kabel i pletenicu.<\/p>","protected":false},"excerpt":{"rendered":"<p>Potopna cijevi sjedala za unutarnje vo\u0111enje sajli.<\/p>","protected":false},"featured_media":10324,"template":"","meta":{"_acf_changed":false,"inline_featured_image":false},"product_brand":[],"product_cat":[1185],"product_tag":[],"class_list":{"0":"post-10323","1":"product","2":"type-product","3":"status-publish","4":"has-post-thumbnail","6":"product_cat-kolesarstvo","8":"first","9":"onbackorder","10":"taxable","11":"shipping-taxable","12":"purchasable","13":"product-type-simple"},"acf":[],"_links":{"self":[{"href":"https:\/\/ritosa.click.si\/hr\/wp-json\/wp\/v2\/product\/10323","targetHints":{"allow":["GET"]}}],"collection":[{"href":"https:\/\/ritosa.click.si\/hr\/wp-json\/wp\/v2\/product"}],"about":[{"href":"https:\/\/ritosa.click.si\/hr\/wp-json\/wp\/v2\/types\/product"}],"wp:featuredmedia":[{"embeddable":true,"href":"https:\/\/ritosa.click.si\/hr\/wp-json\/wp\/v2\/media\/10324"}],"wp:attachment":[{"href":"https:\/\/ritosa.click.si\/hr\/wp-json\/wp\/v2\/media?parent=10323"}],"wp:term":[{"taxonomy":"product_brand","embeddable":true,"href":"https:\/\/ritosa.click.si\/hr\/wp-json\/wp\/v2\/product_brand?post=10323"},{"taxonomy":"product_cat","embeddable":true,"href":"https:\/\/ritosa.click.si\/hr\/wp-json\/wp\/v2\/product_cat?post=10323"},{"taxonomy":"product_tag","embeddable":true,"href":"https:\/\/ritosa.click.si\/hr\/wp-json\/wp\/v2\/product_tag?post=10323"}],"curies":[{"name":"radni list","href":"https:\/\/api.w.org\/{rel}","templated":true}]}}