{"id":10311,"date":"2021-07-08T11:48:57","date_gmt":"2021-07-08T11:48:57","guid":{"rendered":"https:\/\/ritosa.click.si\/?post_type=product&#038;p=10311"},"modified":"2025-09-30T11:37:30","modified_gmt":"2025-09-30T09:37:30","slug":"evlji-shimano-sh-mt502w","status":"publish","type":"product","link":"https:\/\/ritosa.click.si\/hr\/ducan\/biciklizam\/oprema-za-biciklizam\/kolesarski-cevlji\/evlji-shimano-sh-mt502w\/","title":{"rendered":"Cipele SHIMANO SH-MT502W"},"content":{"rendered":"<p>SH-MT502W (MT5W) su svestrane i visokou\u010dinkovite \u017eenske cipele: udobne biciklisti\u010dke cipele za terensku vo\u017enju koje nude potporu i prianjanje laganih planinarskih cipela.<\/p>\n<ul>\n<li>Stabilna platforma za pedaliranje: Oja\u010dani me\u0111upotplat od stakloplastike omogu\u0107uje bolji prijenos snage na pedale<\/li>\n<li>Lagane performanse: Sportska mre\u017easta tkanina pru\u017ea sigurno prianjanje i dobru ventilaciju<\/li>\n<li>Prianjaju\u0107i potplat: \u0160iroki gumeni potplat s tehni\u010dkim gaznim slojem pru\u017ea pouzdano prianjanje na biciklu i pri hodanju<\/li>\n<li>SPD\/2-rupne kopa\u010dke: Kompatibilne s SPD\/2-rupnim pedalama za optimalne performanse na zahtjevnim stazama (kopa\u010dke nisu uklju\u010dene)<\/li>\n<\/ul>","protected":false},"excerpt":{"rendered":"<p>Svestrane i sna\u017ene \u017eenske biciklisti\u010dke cipele Shimano SH-MT502W<\/p>","protected":false},"featured_media":10313,"template":"","meta":{"_acf_changed":false,"inline_featured_image":false},"product_brand":[1189],"product_cat":[549],"product_tag":[1780,1782,1787,1786,1785,1784,1781,1783,1199],"class_list":{"0":"post-10311","1":"product","2":"type-product","3":"status-publish","4":"has-post-thumbnail","6":"product_brand-shimano","7":"product_cat-kolesarski-cevlji","8":"product_tag-cevlji","9":"product_tag-cevlji-shimano","10":"product_tag-kolesarski-cevlji","11":"product_tag-kolesarski-cevlji-shimano","12":"product_tag-kolesarski-cevlji-shimano-sh-mt502w","13":"product_tag-sh-mt502w","14":"product_tag-shimano-cevlji","15":"product_tag-shimano-sh-mt502w","16":"product_tag-zenske","17":"pa_velikost-742","19":"first","20":"instock","21":"sale","22":"taxable","23":"shipping-taxable","24":"purchasable","25":"product-type-variable"},"acf":[],"_links":{"self":[{"href":"https:\/\/ritosa.click.si\/hr\/wp-json\/wp\/v2\/product\/10311","targetHints":{"allow":["GET"]}}],"collection":[{"href":"https:\/\/ritosa.click.si\/hr\/wp-json\/wp\/v2\/product"}],"about":[{"href":"https:\/\/ritosa.click.si\/hr\/wp-json\/wp\/v2\/types\/product"}],"wp:featuredmedia":[{"embeddable":true,"href":"https:\/\/ritosa.click.si\/hr\/wp-json\/wp\/v2\/media\/10313"}],"wp:attachment":[{"href":"https:\/\/ritosa.click.si\/hr\/wp-json\/wp\/v2\/media?parent=10311"}],"wp:term":[{"taxonomy":"product_brand","embeddable":true,"href":"https:\/\/ritosa.click.si\/hr\/wp-json\/wp\/v2\/product_brand?post=10311"},{"taxonomy":"product_cat","embeddable":true,"href":"https:\/\/ritosa.click.si\/hr\/wp-json\/wp\/v2\/product_cat?post=10311"},{"taxonomy":"product_tag","embeddable":true,"href":"https:\/\/ritosa.click.si\/hr\/wp-json\/wp\/v2\/product_tag?post=10311"}],"curies":[{"name":"radni list","href":"https:\/\/api.w.org\/{rel}","templated":true}]}}