{"id":10259,"date":"2021-05-24T14:34:38","date_gmt":"2021-05-24T14:34:38","guid":{"rendered":"https:\/\/ritosa.click.si\/?post_type=product&#038;p=10259"},"modified":"2026-04-04T10:09:07","modified_gmt":"2026-04-04T08:09:07","slug":"rolerji-tempish-wire-3-0-black-blu","status":"publish","type":"product","link":"https:\/\/ritosa.click.si\/hr\/ducan\/rolerji\/odrasli-rolerji\/rolerji-tempish-wire-3-0-black-blu\/","title":{"rendered":"Rolerji Tempish WIRE 3.0"},"content":{"rendered":"<div id=\"description\" class=\"tab-pane fade in active\">\n<div class=\"product-description\">\n<p><strong>Roleri TEMPISH WIRE 3.0 crno\/plavi<\/strong><\/p>\n<div class=\"tab-pane fade in active\">\n<div class=\"product-description\">\n<p><strong>\u017dICA 3.0<\/strong><\/p>\n<p>WIRE 3.0. fitness role namijenjene su rekreativnom klizanju. Namijenjene su i po\u010detnicima i onima koji ve\u0107 imaju iskustva u klizanju. Kalup rola je srednje visok, gornji dio je dodatno oja\u010dan i lijepo se kre\u0107e sa stopalom. Role imaju kota\u010de serije CATCH tvrdo\u0107e 85A, \u0161to omogu\u0107uje brzo i mekano klizanje. Na\u010din pri\u010dvr\u0161\u0107ivanja rola je vezicama, \u010di\u010dkom i kop\u010dom.<\/p>\n<p>Diameter vijaka: 6mm \/ 29mm<\/p>\n<p>Veli\u010dine: 38 \u2013 45<\/p>\n<p>Dol\u017eina notranjega vlo\u017eka: 43 &#8211; 28,0cm<\/p>\n<\/div>\n<\/div>\n<\/div>\n<\/div>\n<div class=\"data-table\">\n<div class=\"data-table\">\n<dl class=\"data-sheet\">\n<dt class=\"name\">Preporu\u010dena upotreba<\/dt>\n<dd class=\"value\">Rekreativno, fitness klizanje, napredni, iskusni kliza\u010di.<\/dd>\n<dt class=\"name\">Kategorija<\/dt>\n<dd class=\"value\">Kondicija<\/dd>\n<dt class=\"name\">Ljuska<\/dt>\n<dd class=\"value\">PE\/NAJLON, trodijelni, mekani, jedna zajedni\u010dka kop\u010da, vezanje s preklopnim zatvara\u010dem, anatomski prostor za gle\u017eanj, visoko oja\u010dana konstrukcija<\/dd>\n<dt class=\"name\">Unutarnji materijal<\/dt>\n<dd class=\"value\">Ukru\u0107eni NYLON\/NYLEX, anatomski, oja\u010dan PVC dijelovima. Vezice i pri\u010dvr\u0161\u0107ivanje \u010di\u010dkom, prozra\u010divanje na gornjem dijelu. Konstrukcija: mekano podru\u010dje gle\u017enja.<\/dd>\n<dt class=\"name\">\u0160asija<\/dt>\n<dd class=\"value\">Posebna Al legura, 2 dijela, oja\u010dana 3D pre\u0161anjem, sustav pri\u010dvr\u0161\u0107ivanja na \u0161koljku: idealno ku\u0107i\u0161te za kontrolu polo\u017eaja, povr\u0161inska obrada: srebrni sjaj s tiskom.<\/dd>\n<dt class=\"name\">Vrsta kota\u010da<\/dt>\n<dd class=\"value\">CATCH standardni kota\u010di, PU lijevanje, nizak otpor kotrljanja<\/dd>\n<dt class=\"name\">Promjer kota\u010da<\/dt>\n<dd class=\"value\">84 mm<\/dd>\n<dt class=\"name\">Tvrdo\u0107a kota\u010da<\/dt>\n<dd class=\"value\">85A<\/dd>\n<dt class=\"name\">Le\u017eajevi<\/dt>\n<dd class=\"value\">ABEC 9 kromirani \u010delik<\/dd>\n<dt class=\"name\">Ko\u010dnice<\/dt>\n<dd class=\"value\">Da<\/dd>\n<dt class=\"name\">Sustav pri\u010dvr\u0161\u0107ivanja<\/dt>\n<dd class=\"value\">Vezice, \u010di\u010dak traka, obostrana kop\u010da AUTOMATSKO ZAKLJU\u010cAVANJE<\/dd>\n<dt class=\"name\">Koli\u010dina u kartonu<\/dt>\n<dd class=\"value\">6<\/dd>\n<dt class=\"name\">Razina optimalnog sportskog optere\u0107enja<\/dt>\n<dd class=\"value\">4<\/dd>\n<\/dl>\n<\/div>\n<\/div>","protected":false},"excerpt":{"rendered":"<p>Rolerji Tempish WIRE 3.0 black\/blu<\/p>","protected":false},"featured_media":10261,"template":"","meta":{"_acf_changed":false,"inline_featured_image":false,"_monsterinsights_skip_tracking":false,"_monsterinsights_sitenote_active":false,"_monsterinsights_sitenote_note":"","_monsterinsights_sitenote_category":0},"product_brand":[1219],"product_cat":[584],"product_tag":[1201,1218,1224,1223],"class_list":{"0":"post-10259","1":"product","2":"type-product","3":"status-publish","4":"has-post-thumbnail","6":"product_brand-tempish","7":"product_cat-odrasli-rolerji","8":"product_tag-outlet","9":"product_tag-rolerji-tempish","10":"product_tag-tempish-wire","11":"product_tag-tempish-wire-3-0","12":"pa_velikost-43-2","14":"first","15":"instock","16":"sale","17":"taxable","18":"shipping-taxable","19":"purchasable","20":"product-type-variable"},"acf":[],"aioseo_notices":[],"_links":{"self":[{"href":"https:\/\/ritosa.click.si\/hr\/wp-json\/wp\/v2\/product\/10259","targetHints":{"allow":["GET"]}}],"collection":[{"href":"https:\/\/ritosa.click.si\/hr\/wp-json\/wp\/v2\/product"}],"about":[{"href":"https:\/\/ritosa.click.si\/hr\/wp-json\/wp\/v2\/types\/product"}],"wp:featuredmedia":[{"embeddable":true,"href":"https:\/\/ritosa.click.si\/hr\/wp-json\/wp\/v2\/media\/10261"}],"wp:attachment":[{"href":"https:\/\/ritosa.click.si\/hr\/wp-json\/wp\/v2\/media?parent=10259"}],"wp:term":[{"taxonomy":"product_brand","embeddable":true,"href":"https:\/\/ritosa.click.si\/hr\/wp-json\/wp\/v2\/product_brand?post=10259"},{"taxonomy":"product_cat","embeddable":true,"href":"https:\/\/ritosa.click.si\/hr\/wp-json\/wp\/v2\/product_cat?post=10259"},{"taxonomy":"product_tag","embeddable":true,"href":"https:\/\/ritosa.click.si\/hr\/wp-json\/wp\/v2\/product_tag?post=10259"}],"curies":[{"name":"radni list","href":"https:\/\/api.w.org\/{rel}","templated":true}]}}