{"id":10218,"date":"2021-05-21T10:43:12","date_gmt":"2021-05-21T10:43:12","guid":{"rendered":"https:\/\/ritosa.click.si\/?post_type=product&#038;p=10218"},"modified":"2026-04-04T10:09:25","modified_gmt":"2026-04-04T08:09:25","slug":"rolerji-roces-thread","status":"publish","type":"product","link":"https:\/\/ritosa.click.si\/hr\/ducan\/rolerji\/odrasli-rolerji\/rolerji-roces-thread\/","title":{"rendered":"Roces THREAD role"},"content":{"rendered":"<p>Inovativna cipela koja kombinira udobnost i prozra\u010dnost. Najva\u017enije je da je izra\u0111ena u procesu koji je energetski u\u010dinkovit i proizvodi malo nusproizvoda. U proizvodnji 60% smanjena je i upotreba ljepila. Kupnja ovih klizaljki je zaista zelena odluka!<\/p>\n<ul>\n<li>Le\u017eajevi: ABEC 9<\/li>\n<li>Kota\u010di: 90 mm\/82A<\/li>\n<li>\u0160asija: aluminij<\/li>\n<li>Ko\u010dnica uklju\u010dena<\/li>\n<\/ul>","protected":false},"excerpt":{"rendered":"<p>Role za odrasle ROCES THREAD<\/p>\n<p><span style=\"color: #d0121a\"><span class=\"jCAhz ChMk0b\">Rocesova nit je mala, s<\/span><span class=\"jCAhz ChMk0b\">preporu\u010dujemo da odaberete jednu veli\u010dinu ve\u0107u od va\u0161e uobi\u010dajene veli\u010dine cipela.<\/span><\/span><\/p>","protected":false},"featured_media":10220,"template":"","meta":{"_acf_changed":false,"inline_featured_image":false,"_monsterinsights_skip_tracking":false,"_monsterinsights_sitenote_active":false,"_monsterinsights_sitenote_note":"","_monsterinsights_sitenote_category":0},"product_brand":[684],"product_cat":[584],"product_tag":[1201],"class_list":{"0":"post-10218","1":"product","2":"type-product","3":"status-publish","4":"has-post-thumbnail","6":"product_brand-roces","7":"product_cat-odrasli-rolerji","8":"product_tag-outlet","9":"pa_velikost-766","11":"first","12":"instock","13":"sale","14":"taxable","15":"shipping-taxable","16":"purchasable","17":"product-type-variable"},"acf":[],"aioseo_notices":[],"_links":{"self":[{"href":"https:\/\/ritosa.click.si\/hr\/wp-json\/wp\/v2\/product\/10218","targetHints":{"allow":["GET"]}}],"collection":[{"href":"https:\/\/ritosa.click.si\/hr\/wp-json\/wp\/v2\/product"}],"about":[{"href":"https:\/\/ritosa.click.si\/hr\/wp-json\/wp\/v2\/types\/product"}],"wp:featuredmedia":[{"embeddable":true,"href":"https:\/\/ritosa.click.si\/hr\/wp-json\/wp\/v2\/media\/10220"}],"wp:attachment":[{"href":"https:\/\/ritosa.click.si\/hr\/wp-json\/wp\/v2\/media?parent=10218"}],"wp:term":[{"taxonomy":"product_brand","embeddable":true,"href":"https:\/\/ritosa.click.si\/hr\/wp-json\/wp\/v2\/product_brand?post=10218"},{"taxonomy":"product_cat","embeddable":true,"href":"https:\/\/ritosa.click.si\/hr\/wp-json\/wp\/v2\/product_cat?post=10218"},{"taxonomy":"product_tag","embeddable":true,"href":"https:\/\/ritosa.click.si\/hr\/wp-json\/wp\/v2\/product_tag?post=10218"}],"curies":[{"name":"radni list","href":"https:\/\/api.w.org\/{rel}","templated":true}]}}