{"id":10214,"date":"2021-05-20T12:33:07","date_gmt":"2021-05-20T12:33:07","guid":{"rendered":"https:\/\/ritosa.click.si\/?post_type=product&#038;p=10214"},"modified":"2026-03-13T18:39:19","modified_gmt":"2026-03-13T17:39:19","slug":"speedcross-fairy-16-2","status":"publish","type":"product","link":"https:\/\/ritosa.click.si\/hr\/ducan\/biciklizam\/kotaci\/djecji-bicikli-2\/16\/speedcross-fairy-16-2\/","title":{"rendered":"SpeedCross Fairy 16\u201d"},"content":{"rendered":"<p>Okvir: Hi-ten<br \/>Vilice: Hi-ten<br \/>Ko\u010dnice: Aluminijske V-ko\u010dnice<br \/>Ru\u010dice ko\u010dnica: Aluminij<br \/>Naplatci: Aluminijski<br \/>D\u017eojstik: Hi-ten<br \/>Nosa\u010d volana: Hi-ten<br \/>Cijev sjedala: Hi-ten<br \/>Stra\u017enji lan\u010danik: Jedan, 1 brzina<br \/>Radilica: Jednoredna, Hi-ten<br \/>Dodatna oprema: Stabilizatori (pomo\u0107ni kota\u010di), ko\u0161ara, stra\u017enji kov\u010deg<br \/>Gume: 16\u00d71,75<br \/>Te\u017eina: 10 kg<\/p>\n<p>\u00a0<\/p>\n<p>\u00a0<\/p>","protected":false},"excerpt":{"rendered":"<p>Dje\u010dji bicikl SpeedCross Fairy 16\u201d - pogodan za djevoj\u010dice od 4,5 godina<\/p>\n<ul>\n<li>Vilice: Hi-ten<\/li>\n<li>Okvir: Hi-ten 16\u201d<\/li>\n<li>Ko\u010dnice: Aluminijske V-ko\u010dnice<\/li>\n<li>Dodatna oprema: Blatobrani, pomo\u0107ni kota\u010di, ko\u0161ara, stra\u017enji bisaga<\/li>\n<\/ul>","protected":false},"featured_media":10215,"template":"","meta":{"_acf_changed":false,"inline_featured_image":false,"_monsterinsights_skip_tracking":false,"_monsterinsights_sitenote_active":false,"_monsterinsights_sitenote_note":"","_monsterinsights_sitenote_category":0},"product_brand":[681],"product_cat":[645],"product_tag":[1198,1202,1007],"class_list":{"0":"post-10214","1":"product","2":"type-product","3":"status-publish","4":"has-post-thumbnail","6":"product_brand-speedcross","7":"product_cat-645","8":"product_tag-otroci","9":"product_tag-otroska-kolesa","10":"product_tag-otrosko-kolo","12":"first","13":"instock","14":"sale","15":"taxable","16":"shipping-taxable","17":"purchasable","18":"product-type-simple"},"acf":[],"aioseo_notices":[],"_links":{"self":[{"href":"https:\/\/ritosa.click.si\/hr\/wp-json\/wp\/v2\/product\/10214","targetHints":{"allow":["GET"]}}],"collection":[{"href":"https:\/\/ritosa.click.si\/hr\/wp-json\/wp\/v2\/product"}],"about":[{"href":"https:\/\/ritosa.click.si\/hr\/wp-json\/wp\/v2\/types\/product"}],"wp:featuredmedia":[{"embeddable":true,"href":"https:\/\/ritosa.click.si\/hr\/wp-json\/wp\/v2\/media\/10215"}],"wp:attachment":[{"href":"https:\/\/ritosa.click.si\/hr\/wp-json\/wp\/v2\/media?parent=10214"}],"wp:term":[{"taxonomy":"product_brand","embeddable":true,"href":"https:\/\/ritosa.click.si\/hr\/wp-json\/wp\/v2\/product_brand?post=10214"},{"taxonomy":"product_cat","embeddable":true,"href":"https:\/\/ritosa.click.si\/hr\/wp-json\/wp\/v2\/product_cat?post=10214"},{"taxonomy":"product_tag","embeddable":true,"href":"https:\/\/ritosa.click.si\/hr\/wp-json\/wp\/v2\/product_tag?post=10214"}],"curies":[{"name":"radni list","href":"https:\/\/api.w.org\/{rel}","templated":true}]}}