{"id":10185,"date":"2021-04-28T11:53:51","date_gmt":"2021-04-28T11:53:51","guid":{"rendered":"https:\/\/ritosa.click.si\/?post_type=product&#038;p=10185"},"modified":"2026-04-03T16:39:18","modified_gmt":"2026-04-03T14:39:18","slug":"rog-pony-classic-5","status":"publish","type":"product","link":"https:\/\/ritosa.click.si\/hr\/ducan\/biciklizam\/kotaci\/rog-pony-kolesa\/classic-5\/rog-pony-classic-5\/","title":{"rendered":"Rog PONY CLASSIC 5"},"content":{"rendered":"<p>5 UNUTARNJA ZUP\u010cANIKA \u2013 Unutarnji zup\u010danici omogu\u0107uju pouzdano mijenjanje brzina u svim uvjetima. Tako\u0111er ih je izuzetno lako odr\u017eavati.<\/p>\n<ul class=\"technical-specifications\">\n<li><strong>Okvir:<\/strong> <i>Al6061, sklopivi okvir s prtlja\u017enikom<\/i><\/li>\n<li><strong>Vilica:<\/strong> <i>Al6061, profilirane s nastavcima za V ko\u010dnice, 1 1\/8<\/i><\/li>\n<li><strong>Le\u017eaj upravlja\u010da:<\/strong> <i>Neco H112N, polintegriran le\u017eaj s navojem 1 1\/8<\/i><\/li>\n<li><strong>Le\u017eaj pogona:<\/strong> <i>Thun, 68mm BSA integrirani le\u017eaj, \u010detverorubna os<\/i><\/li>\n<li><strong>Pogonska osovina:<\/strong> <i>PIONEER-244A-2, 1\/8*44T*170mm<\/i><\/li>\n<li><strong>Glava upravlja\u010da:<\/strong> <i>Al6061, \u00d825,4 mm x 300 mm<\/i><\/li>\n<li><strong>Volan:<\/strong> <i>Al6061, \u0161irina 660mm, visina 200mm<\/i><\/li>\n<li><strong>Ru\u010dice ko\u010dnica:<\/strong> <i>Promax<\/i><\/li>\n<li><strong>Ko\u010dnice:<\/strong> <i>Promax TX-121<\/i><\/li>\n<li><strong>Sajle:<\/strong> <i>Jagwire<\/i><\/li>\n<li><strong>Sjedalo:<\/strong> <i>Selle San Remo Lindau<\/i><\/li>\n<li><strong>Potpora sjedala:<\/strong> <i>Al6061, \u00d833,9 mm x 400 mm<\/i><\/li>\n<li><strong>Prednji pesto:<\/strong> <i>Glav\u010dina od legure<\/i><\/li>\n<li><strong>Zadnji pesto:<\/strong> <i>Sturmey Archer RX-RF5<\/i><\/li>\n<li><strong>Kola:<\/strong> <i>Nepal<\/i><\/li>\n<li><strong>Gume:<\/strong> <i>Continental<\/i><\/li>\n<li><strong>Lanac:<\/strong> <i>KMC, 1\/2- 1\/8<\/i><\/li>\n<li><strong>Pedale:<\/strong> <i>Aluminijsko tijelo, neklizaju\u0107a crna boja, Marwi 9\/16\u2033<\/i><\/li>\n<li><strong>Svjetla:<\/strong> <i>Baterijske LED lampe<\/i><\/li>\n<li><strong>Blatobrani:<\/strong> <i>Eurofender DUO<\/i><\/li>\n<li><strong>Stojalo:<\/strong> <i>Ursus 71<\/i><\/li>\n<li><strong>Te\u017eina:<\/strong> <i>14 kg (prosje\u010dna te\u017eina sastavljenog bicikla)<\/i><\/li>\n<\/ul>\n<p>Uvijek postoji prilika za vo\u017enju biciklom. Samo sjednite na svoj Pony i krenite.\nPrtlja\u017enik vam omogu\u0107uje prijevoz prtljage, a sklopivi okvir idealan je za transport bicikla u automobilu ili vlaku.<\/p>","protected":false},"excerpt":{"rendered":"<p>Tehni\u010dke i vozne karakteristike Pony Classic 5 idealne su za svakodnevnu i povremenu gradsku vo\u017enju. Rogova bicikli oduvijek su poznati po svom dugom vijeku trajanja.<\/p>","protected":false},"featured_media":10191,"template":"","meta":{"_acf_changed":false,"inline_featured_image":false},"product_brand":[1194],"product_cat":[2290,490],"product_tag":[],"class_list":{"0":"post-10185","1":"product","2":"type-product","3":"status-publish","4":"has-post-thumbnail","6":"product_brand-rog","7":"product_cat-classic-5","8":"product_cat-rog-pony-kolesa","9":"pa_barva-bela","10":"pa_barva-crna","11":"pa_barva-modra","12":"pa_barva-rdeca","13":"pa_barva-zelena","15":"first","16":"instock","17":"sale","18":"taxable","19":"shipping-taxable","20":"purchasable","21":"product-type-simple"},"acf":[],"_links":{"self":[{"href":"https:\/\/ritosa.click.si\/hr\/wp-json\/wp\/v2\/product\/10185","targetHints":{"allow":["GET"]}}],"collection":[{"href":"https:\/\/ritosa.click.si\/hr\/wp-json\/wp\/v2\/product"}],"about":[{"href":"https:\/\/ritosa.click.si\/hr\/wp-json\/wp\/v2\/types\/product"}],"wp:featuredmedia":[{"embeddable":true,"href":"https:\/\/ritosa.click.si\/hr\/wp-json\/wp\/v2\/media\/10191"}],"wp:attachment":[{"href":"https:\/\/ritosa.click.si\/hr\/wp-json\/wp\/v2\/media?parent=10185"}],"wp:term":[{"taxonomy":"product_brand","embeddable":true,"href":"https:\/\/ritosa.click.si\/hr\/wp-json\/wp\/v2\/product_brand?post=10185"},{"taxonomy":"product_cat","embeddable":true,"href":"https:\/\/ritosa.click.si\/hr\/wp-json\/wp\/v2\/product_cat?post=10185"},{"taxonomy":"product_tag","embeddable":true,"href":"https:\/\/ritosa.click.si\/hr\/wp-json\/wp\/v2\/product_tag?post=10185"}],"curies":[{"name":"radni list","href":"https:\/\/api.w.org\/{rel}","templated":true}]}}