{"id":10145,"date":"2021-04-08T10:24:31","date_gmt":"2021-04-08T10:24:31","guid":{"rendered":"https:\/\/ritosa.click.si\/?post_type=product&#038;p=10145"},"modified":"2026-02-11T11:19:20","modified_gmt":"2026-02-11T10:19:20","slug":"rog-pony-classic-moder","status":"publish","type":"product","link":"https:\/\/ritosa.click.si\/hr\/ducan\/biciklizam\/kotaci\/rog-pony-kolesa\/classic\/rog-pony-classic-moder\/","title":{"rendered":"Rog PONY CLASSIC \u2013 plavi"},"content":{"rendered":"<p>Na dva kota\u010da otvara se potpuno novi svijet. Nema vi\u0161e \u010dekanja u prometnim gu\u017evama, ispu\u0161nim plinovima i zatvaranjima cesta. Prestignite svoje kolege, u\u0161tedite vrijeme i provozajte se s redizajniranim Ponyjem.<\/p>\n<p><strong>Specifikacija bicikla:<\/strong><\/p>\n<ul class=\"technical-specifications\">\n<li><strong>Okvir:<\/strong> <i>Al6061, sklopivi okvir s prtlja\u017enikom<\/i><\/li>\n<li><strong>Vilica:<\/strong> <i>Al6061, profilirane s nastavcima za V ko\u010dnice, 1 1\/8<\/i><\/li>\n<li><strong>Le\u017eaj upravlja\u010da:<\/strong> <i>Neco H112N, polintegriran le\u017eaj s navojem 1 1\/8<\/i><\/li>\n<li><strong>Le\u017eaj pogona:<\/strong> <i>Thun, 68mm BSA integrirani le\u017eaj, \u010detverorubna os<\/i><\/li>\n<li><strong>Pogonska osovina:<\/strong> <i>Sturmey Archer FCS441 1\/2-1\/8, 44T, 170 mm<\/i><\/li>\n<li><strong>Glava upravlja\u010da:<\/strong> <i>Al6061, \u00d825,4 mm x 300 mm<\/i><\/li>\n<li><strong>Volan:<\/strong> <i>Al6061, \u0161irina 660mm, visina 200mm<\/i><\/li>\n<li><strong>Ru\u010dice ko\u010dnica:<\/strong> <i>Promax<\/i><\/li>\n<li><strong>Ko\u010dnice:<\/strong> <i>Promax TX-121<\/i><\/li>\n<li><strong>Sajle:<\/strong> <i>Jagwire<\/i><\/li>\n<li><strong>Sjedalo:<\/strong> <i>Sele San Remo Be\u010d<\/i><\/li>\n<li><strong>Potpora sjedala:<\/strong> <i>Al6061, \u00d833,9 mm x 400 mm<\/i><\/li>\n<li><strong>Prednji pesto:<\/strong> <i>Shimano AHBTX500<\/i><\/li>\n<li><strong>Zadnji pesto:<\/strong> <i>Sturmey Archer S1C<\/i><\/li>\n<li><strong>Kola:<\/strong> <i>Nepal<\/i><\/li>\n<li><strong>Gume:<\/strong> <i>Kenda<\/i><\/li>\n<li><strong>Lanac:<\/strong> <i>KMC, 1\/2- 1\/8<\/i><\/li>\n<li><strong>Pedale:<\/strong> <i>VP komponente -628<\/i><\/li>\n<li><strong>Svjetla:<\/strong> <i>Baterijske LED lampe<\/i><\/li>\n<li><strong>Blatobrani:<\/strong> <i>Eurofender DUO<\/i><\/li>\n<li><strong>Stojalo:<\/strong> <i>Ursus 71<\/i><\/li>\n<li><strong>Te\u017eina:<\/strong> <i>14 kg (prosje\u010dna te\u017eina sastavljenog bicikla)<\/i><\/li>\n<\/ul>\n<p><span style=\"font-weight: 400\">ZA SVE VELI\u010cINE \u2013 Iako je novi Pony nevjerojatno jednostavan za pohranu, nismo napravili kompromise u pogledu udobnosti voza\u010da. Cijev sjedala od 40 cm osigurava udobnu vo\u017enju za voza\u010de svih veli\u010dina i oblika.<\/span><\/p>\n<p><span style=\"font-weight: 400\">JEDNOSTAVNO ODR\u017dAVANJE \u2013 Izdr\u017eljiv okvir, lanac od nehr\u0111aju\u0107eg \u010delika, vrhunske gume i kvalitetna izrada osiguravaju da \u0107ete u\u017eivati u svom novom Ponyju dugi niz godina. Osnovno odr\u017eavanje je tako\u0111er jednostavno.<\/span><\/p>\n<p><span style=\"font-weight: 400\">JAMSTVO I SERVIS \u2013 Budu\u0107i da vjerujemo u kvalitetu izrade i komponenti novog Ponyja, nudimo vam do 5 godina jamstva na okvir i vilicu. Tako mo\u017eete biti sigurni da \u0107ete sa svojim Ponyjem iskusiti puno vi\u0161e.<\/span><\/p>","protected":false},"excerpt":{"rendered":"<p><strong>Klasika s da\u0161kom modernosti\u00a0<\/strong>\u2013 Pony Classic je bicikl koji vozi iz nedavne pro\u0161losti u budu\u0107nost. Kombinira klasi\u010dni dizajn s torpednim ko\u010dnicama s modernim dodacima poput LED elektri\u010dnih svjetala.<\/p>\n<h4><\/h4>","protected":false},"featured_media":10146,"template":"","meta":{"_acf_changed":false,"inline_featured_image":false},"product_brand":[1194],"product_cat":[1213,490],"product_tag":[],"class_list":{"0":"post-10145","1":"product","2":"type-product","3":"status-publish","4":"has-post-thumbnail","6":"product_brand-rog","7":"product_cat-classic","8":"product_cat-rog-pony-kolesa","10":"first","11":"instock","12":"sale","13":"taxable","14":"shipping-taxable","15":"purchasable","16":"product-type-simple"},"acf":[],"_links":{"self":[{"href":"https:\/\/ritosa.click.si\/hr\/wp-json\/wp\/v2\/product\/10145","targetHints":{"allow":["GET"]}}],"collection":[{"href":"https:\/\/ritosa.click.si\/hr\/wp-json\/wp\/v2\/product"}],"about":[{"href":"https:\/\/ritosa.click.si\/hr\/wp-json\/wp\/v2\/types\/product"}],"wp:featuredmedia":[{"embeddable":true,"href":"https:\/\/ritosa.click.si\/hr\/wp-json\/wp\/v2\/media\/10146"}],"wp:attachment":[{"href":"https:\/\/ritosa.click.si\/hr\/wp-json\/wp\/v2\/media?parent=10145"}],"wp:term":[{"taxonomy":"product_brand","embeddable":true,"href":"https:\/\/ritosa.click.si\/hr\/wp-json\/wp\/v2\/product_brand?post=10145"},{"taxonomy":"product_cat","embeddable":true,"href":"https:\/\/ritosa.click.si\/hr\/wp-json\/wp\/v2\/product_cat?post=10145"},{"taxonomy":"product_tag","embeddable":true,"href":"https:\/\/ritosa.click.si\/hr\/wp-json\/wp\/v2\/product_tag?post=10145"}],"curies":[{"name":"radni list","href":"https:\/\/api.w.org\/{rel}","templated":true}]}}