{"id":10137,"date":"2021-04-06T11:54:55","date_gmt":"2021-04-06T11:54:55","guid":{"rendered":"https:\/\/ritosa.click.si\/?post_type=product&#038;p=10137"},"modified":"2026-03-27T18:18:13","modified_gmt":"2026-03-27T17:18:13","slug":"tempish-ventus-mine","status":"publish","type":"product","link":"https:\/\/ritosa.click.si\/hr\/ducan\/skiroji\/freestyle-skiroji\/tempish-ventus-mine\/","title":{"rendered":"Tempish Ventus Mine"},"content":{"rendered":"<p>Ventus Mine je dje\u010dji freestyle romobil s prednjim kota\u010dem od 120 mm i stra\u017enjim kota\u010dem od 100 mm. Kota\u010di su tvrdi 85A. Stezaljka ili glava romobila ima 3 vijka. Upravlja\u010d je dug 580x500 mm i ima TPR ru\u010dke od 100 mm. Plato romobila je izra\u0111en od aluminija, a upravlja\u010d od \u010delika.<\/p>\n<ul>\n<li><strong>Materijal:<\/strong> Aluminij + \u010delik<\/li>\n<li><strong>Le\u017eajevi:<\/strong> ABEC 9<\/li>\n<li><strong>Ko\u010dnica: <\/strong>DA<\/li>\n<li><strong>Kota\u010di: <\/strong>120\/100 mm<\/li>\n<li><strong>Duljina staja\u0107e povr\u0161ine:<\/strong>\u00a042 cm<\/li>\n<li><strong>\u0160irina staja\u0107eg prostora:<\/strong> 11 cm<\/li>\n<li><strong>Visina upravlja\u010da:<\/strong>\u00a050 cm<\/li>\n<li><strong>\u0160irina upravlja\u010da:<\/strong>\u00a043 cm<\/li>\n<li><strong>Te\u017eina:<\/strong> 3,2 kg<\/li>\n<li><strong>Maksimalna dopu\u0161tena te\u017eina:<\/strong> 60 kg<\/li>\n<\/ul>\n<p><strong>Upozorenje!<\/strong>\u00a0Prilikom kori\u0161tenja potrebno je nositi za\u0161titnu opremu (kacigu, \u0161titnike, rukavice).<br \/>\n\u2013 Proizvod je igra\u010dka i nije namijenjen za kori\u0161tenje u javnom prijevozu jer nije prilago\u0111en za javni prijevoz.<br \/>\n<strong>Upozorenje!<\/strong> Proizvod ne smiju koristiti djeca mla\u0111a od 36 mjeseci jer sadr\u017ei sitne dijelove i mo\u017ee predstavljati opasnost od gu\u0161enja.<\/p>","protected":false},"excerpt":{"rendered":"<p>Ventus Mine je dje\u010dji freestyle romobil<\/p>","protected":false},"featured_media":10138,"template":"","meta":{"_acf_changed":false,"inline_featured_image":false},"product_brand":[1219],"product_cat":[652,495],"product_tag":[1353,1198,1011,1352,1012,1354],"class_list":{"0":"post-10137","1":"product","2":"type-product","3":"status-publish","4":"has-post-thumbnail","6":"product_brand-tempish","7":"product_cat-freestyle-skiroji","8":"product_cat-skiroji","9":"product_tag-freestyle-skiro","10":"product_tag-otroci","11":"product_tag-skiro","12":"product_tag-skiro-za-skakat","13":"product_tag-skiro-za-trike","14":"product_tag-tempish-skiro","16":"first","17":"instock","18":"sale","19":"taxable","20":"shipping-taxable","21":"purchasable","22":"product-type-simple"},"acf":[],"_links":{"self":[{"href":"https:\/\/ritosa.click.si\/hr\/wp-json\/wp\/v2\/product\/10137","targetHints":{"allow":["GET"]}}],"collection":[{"href":"https:\/\/ritosa.click.si\/hr\/wp-json\/wp\/v2\/product"}],"about":[{"href":"https:\/\/ritosa.click.si\/hr\/wp-json\/wp\/v2\/types\/product"}],"wp:featuredmedia":[{"embeddable":true,"href":"https:\/\/ritosa.click.si\/hr\/wp-json\/wp\/v2\/media\/10138"}],"wp:attachment":[{"href":"https:\/\/ritosa.click.si\/hr\/wp-json\/wp\/v2\/media?parent=10137"}],"wp:term":[{"taxonomy":"product_brand","embeddable":true,"href":"https:\/\/ritosa.click.si\/hr\/wp-json\/wp\/v2\/product_brand?post=10137"},{"taxonomy":"product_cat","embeddable":true,"href":"https:\/\/ritosa.click.si\/hr\/wp-json\/wp\/v2\/product_cat?post=10137"},{"taxonomy":"product_tag","embeddable":true,"href":"https:\/\/ritosa.click.si\/hr\/wp-json\/wp\/v2\/product_tag?post=10137"}],"curies":[{"name":"radni list","href":"https:\/\/api.w.org\/{rel}","templated":true}]}}