{"id":10085,"date":"2021-03-31T13:49:13","date_gmt":"2021-03-31T13:49:13","guid":{"rendered":"https:\/\/ritosa.click.si\/?post_type=product&#038;p=10085"},"modified":"2026-03-27T18:15:20","modified_gmt":"2026-03-27T17:15:20","slug":"rolerji-tempish-gokid-boy","status":"publish","type":"product","link":"https:\/\/ritosa.click.si\/hr\/ducan\/rolerji\/otroski-rolerji\/rolerji-tempish-gokid-boy\/","title":{"rendered":"Rolerji Tempish GOKID BOY"},"content":{"rendered":"<p>Dje\u010dje podesive role za rekreativno i fitness klizanje. Role su namijenjene i po\u010detnicima i djeci koja ve\u0107 imaju iskustva u klizanju. Iznimno mekan i brzosu\u0161e\u0107i unutarnji potplat pru\u017ea iznimnu potporu i udobnost dje\u010djem stopalu. Vanjski kalup pru\u017ea dobru stabilnost gle\u017enja, a unutarnji potplat je anatomski oblikovan. Role su rastezljive u 4 veli\u010dine.<\/p>\n<p>Veli\u010dine kota\u010da za pojedina\u010dne veli\u010dine: 33-36 (70 mm)<\/p>\n<p>Veli\u010dine: 33-36<\/p>\n<p>Duljine pojedina\u010dnih veli\u010dina:<\/p>\n<p>Veli\u010dina: 33-36 20,5 \u2013 22,0 cm<\/p>\n<p>&nbsp;<\/p>\n<h3><span style=\"text-decoration: underline\">\u00a0PREPORUKA<br \/>\n<\/span><\/h3>\n<h4><em>\u2013 Obavezno no\u0161enje za\u0161titne opreme! (kaciga, \u0161titnici za zglobove, laktove i koljena)<\/em><\/h4>\n<h4><em>\u2013 Predmet nije namijenjen za upotrebu u prometu!<\/em><\/h4>\n<h4><em>\u2013 Prije upotrebe obavezno pro\u010ditajte upute za uporabu i upozorenja.<\/em><\/h4>","protected":false},"excerpt":{"rendered":"<div class=\"large-10 columns\">\n<div id=\"section-description\" class=\"entry-content\">\n<p>Otro\u0161ki nastavljivi rolerji Tempish GODIK BOY<\/p>\n<p>&nbsp;<\/p>\n<\/div>\n<\/div>","protected":false},"featured_media":10087,"template":"","meta":{"_acf_changed":false,"inline_featured_image":false,"_monsterinsights_skip_tracking":false,"_monsterinsights_sitenote_active":false,"_monsterinsights_sitenote_note":"","_monsterinsights_sitenote_category":0},"product_brand":[1219],"product_cat":[583],"product_tag":[1198,1201,1225],"class_list":{"0":"post-10085","1":"product","2":"type-product","3":"status-publish","4":"has-post-thumbnail","6":"product_brand-tempish","7":"product_cat-otroski-rolerji","8":"product_tag-otroci","9":"product_tag-outlet","10":"product_tag-rolerji-tempish-godik","11":"pa_velikost-33-36","13":"first","14":"instock","15":"sale","16":"taxable","17":"shipping-taxable","18":"purchasable","19":"product-type-variable"},"acf":[],"aioseo_notices":[],"_links":{"self":[{"href":"https:\/\/ritosa.click.si\/hr\/wp-json\/wp\/v2\/product\/10085","targetHints":{"allow":["GET"]}}],"collection":[{"href":"https:\/\/ritosa.click.si\/hr\/wp-json\/wp\/v2\/product"}],"about":[{"href":"https:\/\/ritosa.click.si\/hr\/wp-json\/wp\/v2\/types\/product"}],"wp:featuredmedia":[{"embeddable":true,"href":"https:\/\/ritosa.click.si\/hr\/wp-json\/wp\/v2\/media\/10087"}],"wp:attachment":[{"href":"https:\/\/ritosa.click.si\/hr\/wp-json\/wp\/v2\/media?parent=10085"}],"wp:term":[{"taxonomy":"product_brand","embeddable":true,"href":"https:\/\/ritosa.click.si\/hr\/wp-json\/wp\/v2\/product_brand?post=10085"},{"taxonomy":"product_cat","embeddable":true,"href":"https:\/\/ritosa.click.si\/hr\/wp-json\/wp\/v2\/product_cat?post=10085"},{"taxonomy":"product_tag","embeddable":true,"href":"https:\/\/ritosa.click.si\/hr\/wp-json\/wp\/v2\/product_tag?post=10085"}],"curies":[{"name":"radni list","href":"https:\/\/api.w.org\/{rel}","templated":true}]}}