{"id":10073,"date":"2021-03-29T09:46:48","date_gmt":"2021-03-29T09:46:48","guid":{"rendered":"https:\/\/ritosa.click.si\/?post_type=product&#038;p=10073"},"modified":"2025-09-30T11:45:26","modified_gmt":"2025-09-30T09:45:26","slug":"evlji-shimano-sh-et500","status":"publish","type":"product","link":"https:\/\/ritosa.click.si\/hr\/ducan\/biciklizam\/oprema-za-biciklizam\/kolesarski-cevlji\/evlji-shimano-sh-et500\/","title":{"rendered":"Cipele SHIMANO SH-ET500"},"content":{"rendered":"<p>Zna\u010dajke:<\/p>\n<ul>\n<li>Dvostruka namjena: Pogodno i za biciklizam i za kratke, lagane \u0161etnje<\/li>\n<li>Izvrsno prianjanje: Poseban uzorak potplata s kri\u017enim \u017eljebovima omogu\u0107uje bolje prianjanje na razli\u010ditim vrstama pedala i pri hodanju<\/li>\n<li>Mini Power Strap sustav vezanja: Kombinacija vezica i remena osigurava sigurno i udobno pristajanje<\/li>\n<li>Gornji dio od mre\u017eastog materijala i TPU-a: Pru\u017ea prozra\u010dnost, fleksibilnost i izdr\u017eljivost<\/li>\n<li>Lagana i udobna baza od EVA pjene: Pru\u017ea udobnost tijekom dulje upotrebe i dobru apsorpciju udaraca<\/li>\n<\/ul>\n<p>ET500 je odli\u010dan izbor za gradske bicikliste, ljubitelje planinarenja ili bilo koga tko \u017eeli funkcionalnost i udobnost - i na biciklu i pje\u0161ice.<\/p>","protected":false},"excerpt":{"rendered":"<p>Shimano ET500 su udobne, lagane biciklisti\u010dke cipele dizajnirane za svakodnevnu vo\u017enju, rekreativne ture i biciklisti\u010dke izlete gdje se biciklizam \u010desto isprepli\u0107e s kratkim \u0161etnjama. Idealan su izbor za sve kojima su potrebne pouzdane cipele za biciklizam i vo\u017enju izvan ceste - u jednom paru.<\/p>","protected":false},"featured_media":10076,"template":"","meta":{"_acf_changed":false,"inline_featured_image":false,"_monsterinsights_skip_tracking":false,"_monsterinsights_sitenote_active":false,"_monsterinsights_sitenote_note":"","_monsterinsights_sitenote_category":0},"product_brand":[1189],"product_cat":[549],"product_tag":[1780,1782,1787,1786,1790,1788,1789],"class_list":{"0":"post-10073","1":"product","2":"type-product","3":"status-publish","4":"has-post-thumbnail","6":"product_brand-shimano","7":"product_cat-kolesarski-cevlji","8":"product_tag-cevlji","9":"product_tag-cevlji-shimano","10":"product_tag-kolesarski-cevlji","11":"product_tag-kolesarski-cevlji-shimano","12":"product_tag-kolesarski-cevlji-shimano-sh-et500","13":"product_tag-shimano-et500","14":"product_tag-shimano-sh-et500","15":"pa_velikost-766","17":"first","18":"instock","19":"sale","20":"taxable","21":"shipping-taxable","22":"purchasable","23":"product-type-variable"},"acf":[],"aioseo_notices":[],"_links":{"self":[{"href":"https:\/\/ritosa.click.si\/hr\/wp-json\/wp\/v2\/product\/10073","targetHints":{"allow":["GET"]}}],"collection":[{"href":"https:\/\/ritosa.click.si\/hr\/wp-json\/wp\/v2\/product"}],"about":[{"href":"https:\/\/ritosa.click.si\/hr\/wp-json\/wp\/v2\/types\/product"}],"wp:featuredmedia":[{"embeddable":true,"href":"https:\/\/ritosa.click.si\/hr\/wp-json\/wp\/v2\/media\/10076"}],"wp:attachment":[{"href":"https:\/\/ritosa.click.si\/hr\/wp-json\/wp\/v2\/media?parent=10073"}],"wp:term":[{"taxonomy":"product_brand","embeddable":true,"href":"https:\/\/ritosa.click.si\/hr\/wp-json\/wp\/v2\/product_brand?post=10073"},{"taxonomy":"product_cat","embeddable":true,"href":"https:\/\/ritosa.click.si\/hr\/wp-json\/wp\/v2\/product_cat?post=10073"},{"taxonomy":"product_tag","embeddable":true,"href":"https:\/\/ritosa.click.si\/hr\/wp-json\/wp\/v2\/product_tag?post=10073"}],"curies":[{"name":"radni list","href":"https:\/\/api.w.org\/{rel}","templated":true}]}}