{"id":10009,"date":"2021-03-19T10:22:54","date_gmt":"2021-03-19T10:22:54","guid":{"rendered":"https:\/\/ritosa.click.si\/?post_type=product&#038;p=10009"},"modified":"2026-03-14T09:32:22","modified_gmt":"2026-03-14T08:32:22","slug":"cube-numove-160","status":"publish","type":"product","link":"https:\/\/ritosa.click.si\/hr\/ducan\/biciklizam\/kotaci\/djecji-bicikli-2\/16\/cube-numove-160\/","title":{"rendered":"CUBE NUMOVE 160 \u2013 plavo\/zelena"},"content":{"rendered":"<p><strong>CUBE NUMOVE 160<\/strong><\/p>\n<p>Ba\u0161 kao i na\u0161i bicikli za odrasle, <strong>Numove 160 kombinira zabavno, responzivno upravljanje sa stabilnim i predvidljivim upravljanjem.<\/strong> \u2013 s dodatnom sigurno\u0161\u0107u, kako je pro\u0161lo <strong>na\u0161e stroge interne procedure testiranja<\/strong>. <strong>Lagani okvir od aluminija 6061<\/strong> ima <strong>zaobljeni rubovi i kutovi<\/strong>kako bi se smanjio rizik od ozljeda, a istovremeno bio dovoljno \u010dvrst da izdr\u017ei <strong>dje\u010dja upotreba<\/strong>. <strong>Raznolike kombinacije boja<\/strong> jam\u010de da \u0107e <strong>Numove 160 je zaokupio ma\u0161tu svakog djeteta<\/strong>.<\/p>\n<p><em>Cube Numove 160 idealan je za djecu visine izme\u0111u 102 i 111 cm i duljine koraka od 41 do 49 cm.<\/em><\/p>\n<p><em>Maksimalno optere\u0107enje: 30 kg<\/em><\/p>\n<h3><strong>Specifikacije<\/strong><\/h3>\n<ul>\n<li><strong>Okvir<\/strong>Aluminij Lite 6061<\/li>\n<li><strong>Vilica<\/strong>Aluminij Lite 6061<\/li>\n<li><strong>Le\u017eaj vilice<\/strong>KOCKA<\/li>\n<li><strong>Nosa\u010d upravlja\u010da<\/strong>CUBE Aluminum Lite<\/li>\n<li><strong>Volan<\/strong>KOCKA ZA DJECU 450 mm, \u00d8 16 mm<\/li>\n<li><strong>Volan \/ Traka za volan<\/strong>Prirodna fit djeca 16.0<\/li>\n<li><strong>Ko\u010dnice<\/strong>Aluminijske V-ko\u010dnice<\/li>\n<li><strong>Pogonska osovina<\/strong>Thun Shorty-ML Sl, kvadratna, \u0161irina BB kuglice 68 mm<\/li>\n<li><strong>Voza\u010d<\/strong>ACID Numove 25T, 105 mm, uski Q-faktor<\/li>\n<li><strong>Za\u0161tita radilice<\/strong>Kiselina<\/li>\n<li><strong>Pedale<\/strong>CUBE PP Rookie mali<\/li>\n<li><strong>Lanac<\/strong>KMC HV500<\/li>\n<li><strong data-start=\"53\" data-end=\"73\">Obro\u010di \/ kolesa:<\/strong> ACID Pro C2000, 16\/16 naper, enoprestavni pogon (16T), torpedo zavora<\/li>\n<li><strong>Vanjske gume<\/strong>Schwalbe Smart Sam, 16 x 1.5<\/li>\n<li><strong>Sjedalo<\/strong>: ACID Rookie<\/li>\n<li><strong>Potpora sjedala<\/strong>: CUBE Performance Post, 25.4mm<\/li>\n<li><strong>Te\u017eina<\/strong>: <strong>5,8 kg<\/strong><\/li>\n<\/ul>","protected":false},"excerpt":{"rendered":"<p>Otro\u0161ko kolo 16&#8221; Cube Numove 160<\/p>","protected":false},"featured_media":21544,"template":"","meta":{"_acf_changed":false,"inline_featured_image":false},"product_brand":[1192],"product_cat":[645],"product_tag":[1198,1202,1007],"class_list":{"0":"post-10009","1":"product","2":"type-product","3":"status-publish","4":"has-post-thumbnail","6":"product_brand-cube","7":"product_cat-645","8":"product_tag-otroci","9":"product_tag-otroska-kolesa","10":"product_tag-otrosko-kolo","12":"first","13":"instock","14":"sale","15":"taxable","16":"shipping-taxable","17":"purchasable","18":"product-type-simple"},"acf":[],"_links":{"self":[{"href":"https:\/\/ritosa.click.si\/hr\/wp-json\/wp\/v2\/product\/10009","targetHints":{"allow":["GET"]}}],"collection":[{"href":"https:\/\/ritosa.click.si\/hr\/wp-json\/wp\/v2\/product"}],"about":[{"href":"https:\/\/ritosa.click.si\/hr\/wp-json\/wp\/v2\/types\/product"}],"wp:featuredmedia":[{"embeddable":true,"href":"https:\/\/ritosa.click.si\/hr\/wp-json\/wp\/v2\/media\/21544"}],"wp:attachment":[{"href":"https:\/\/ritosa.click.si\/hr\/wp-json\/wp\/v2\/media?parent=10009"}],"wp:term":[{"taxonomy":"product_brand","embeddable":true,"href":"https:\/\/ritosa.click.si\/hr\/wp-json\/wp\/v2\/product_brand?post=10009"},{"taxonomy":"product_cat","embeddable":true,"href":"https:\/\/ritosa.click.si\/hr\/wp-json\/wp\/v2\/product_cat?post=10009"},{"taxonomy":"product_tag","embeddable":true,"href":"https:\/\/ritosa.click.si\/hr\/wp-json\/wp\/v2\/product_tag?post=10009"}],"curies":[{"name":"radni list","href":"https:\/\/api.w.org\/{rel}","templated":true}]}}