{"id":5622,"date":"2025-06-04T15:47:14","date_gmt":"2025-06-04T13:47:14","guid":{"rendered":"https:\/\/ritosa.click.si\/?page_id=5622"},"modified":"2026-04-08T12:30:30","modified_gmt":"2026-04-08T10:30:30","slug":"dostava","status":"publish","type":"page","link":"https:\/\/ritosa.click.si\/hr\/dostava\/","title":{"rendered":"Dostava"},"content":{"rendered":"<div data-elementor-type=\"wp-page\" data-elementor-id=\"5622\" class=\"elementor elementor-5622\" wpc-filter-elementor-widget=\"1\" data-elementor-post-type=\"page\">\n\t\t\t\t<div class=\"elementor-element elementor-element-d6f0f80 e-flex e-con-boxed e-con e-parent\" data-id=\"d6f0f80\" data-element_type=\"container\" data-e-type=\"container\">\n\t\t\t\t\t<div class=\"e-con-inner\">\n\t\t\t\t\t<\/div>\n\t\t\t\t<\/div>\n\t\t<div class=\"elementor-element elementor-element-dfa0790 e-flex e-con-boxed e-con e-parent\" data-id=\"dfa0790\" data-element_type=\"container\" data-e-type=\"container\">\n\t\t\t\t\t<div class=\"e-con-inner\">\n\t\t\t\t<div class=\"elementor-element elementor-element-2944dc0 dostavne-moznosti elementor-widget elementor-widget-text-editor\" data-id=\"2944dc0\" data-element_type=\"widget\" data-e-type=\"widget\" data-widget_type=\"text-editor.default\">\n\t\t\t\t<div class=\"elementor-widget-container\">\n\t\t\t\t\t\t\t\t\t<h2>Mogu\u0107nosti dostave<\/h2><ul><li><strong>OSOBNO PREUZIMANJE<\/strong>\u00a0u na\u0161oj poslovnici u Izoli, Kajuhova 28.<p>URNIK: pon-pet od 9h do 13,30 in 15h do 18h, sobota od 9h do 13h, nedelja in prazniki zaprto.<\/p><\/li><li><strong>DOSTAVA PUTEM DOSTAVNE SLU\u017dBE PAKETA<\/strong>, ki je Po\u0161ta Slovenije, Ob vsakem naro\u010dilu so jasno navedeni stro\u0161ki dostave (obdelava naro\u010dila, pakiranje in po\u0161tnina).<p>To su:<br \/>\u2013 za narud\u017ebe ukupne vrijednosti manje od 150 \u20ac, tro\u0161ak dostave iznosi 5,95 \u20ac<br \/>\u2013 za narud\u017ebe preko 150 \u20ac, dostava je besplatna<\/p><\/li><\/ul><p>Naro\u010dila oddana do 12:00 gredo v obdelavo \u0161e isti dan.<\/p><h2>Uvjeti pla\u0107anja<\/h2><ul><li><strong>PLA\u0106ANJE PRI OSOBNOM PREUZIMANJU<\/strong> u na\u0161oj poslovnici u Izoli, Kajuhova 28. Osim gotovine, primamo i platne kartice (vidi lijevi stupac dolje).<\/li><li><strong>PLA\u0106ANJE SA\u017dETKOM RA\u010cUNA<\/strong>, ko za na\u010din dostave izberete paketno dostavo Po\u0161te Slovenije,<\/li><li><strong>PLA\u0106ANJE AVANTUROM<\/strong>, i ga dobite na va\u0161 e-po\u0161tni naslov, ki ste ga podali ob registraciji. V celoten znesek naro\u010dila so v\u0161teti tudi stro\u0161ki obdelave in po\u0161tnina.<\/li><\/ul>\t\t\t\t\t\t\t\t<\/div>\n\t\t\t\t<\/div>\n\t\t\t\t\t<\/div>\n\t\t\t\t<\/div>\n\t\t\t\t<\/div>","protected":false},"excerpt":{"rendered":"<p>Dostavne mo\u017enosti OSEBNI PREVZEM\u00a0v na\u0161i poslovalnici v Izoli, Kajuhova 28. URNIK: pon-pet od 9h do 13,30 in 15h do 18h, sobota od 9h do 13h, nedelja in prazniki zaprto. DOSTAVA PREKO PAKETNE DOSTAVNE SLU\u017dBE, ki je Po\u0161ta Slovenije, Ob vsakem naro\u010dilu so jasno navedeni stro\u0161ki dostave (obdelava naro\u010dila, pakiranje in po\u0161tnina). Le-ti zna\u0161ajo:&#8211; za naro\u010dila [&hellip;]<\/p>\n","protected":false},"author":1,"featured_media":0,"parent":0,"menu_order":0,"comment_status":"closed","ping_status":"closed","template":"","meta":{"_acf_changed":false,"inline_featured_image":false,"_monsterinsights_skip_tracking":false,"_monsterinsights_sitenote_active":false,"_monsterinsights_sitenote_note":"","_monsterinsights_sitenote_category":0,"footnotes":""},"class_list":["post-5622","page","type-page","status-publish","hentry"],"acf":[],"aioseo_notices":[],"_links":{"self":[{"href":"https:\/\/ritosa.click.si\/hr\/wp-json\/wp\/v2\/pages\/5622","targetHints":{"allow":["GET"]}}],"collection":[{"href":"https:\/\/ritosa.click.si\/hr\/wp-json\/wp\/v2\/pages"}],"about":[{"href":"https:\/\/ritosa.click.si\/hr\/wp-json\/wp\/v2\/types\/page"}],"author":[{"embeddable":true,"href":"https:\/\/ritosa.click.si\/hr\/wp-json\/wp\/v2\/users\/1"}],"replies":[{"embeddable":true,"href":"https:\/\/ritosa.click.si\/hr\/wp-json\/wp\/v2\/comments?post=5622"}],"version-history":[{"count":10,"href":"https:\/\/ritosa.click.si\/hr\/wp-json\/wp\/v2\/pages\/5622\/revisions"}],"predecessor-version":[{"id":22835,"href":"https:\/\/ritosa.click.si\/hr\/wp-json\/wp\/v2\/pages\/5622\/revisions\/22835"}],"wp:attachment":[{"href":"https:\/\/ritosa.click.si\/hr\/wp-json\/wp\/v2\/media?parent=5622"}],"curies":[{"name":"radni list","href":"https:\/\/api.w.org\/{rel}","templated":true}]}}