{"id":5620,"date":"2025-06-04T15:47:02","date_gmt":"2025-06-04T13:47:02","guid":{"rendered":"https:\/\/ritosa.click.si\/?page_id=5620"},"modified":"2025-06-27T10:48:23","modified_gmt":"2025-06-27T08:48:23","slug":"vracila","status":"publish","type":"page","link":"https:\/\/ritosa.click.si\/hr\/vracila\/","title":{"rendered":"Povrat novca"},"content":{"rendered":"<div data-elementor-type=\"wp-page\" data-elementor-id=\"5620\" class=\"elementor elementor-5620\" wpc-filter-elementor-widget=\"1\" data-elementor-post-type=\"page\">\n\t\t\t\t<div class=\"elementor-element elementor-element-95a0b36 e-flex e-con-boxed e-con e-parent\" data-id=\"95a0b36\" data-element_type=\"container\" data-e-type=\"container\">\n\t\t\t\t\t<div class=\"e-con-inner\">\n\t\t\t\t\t<\/div>\n\t\t\t\t<\/div>\n\t\t<div class=\"elementor-element elementor-element-7d8d038 e-flex e-con-boxed e-con e-parent\" data-id=\"7d8d038\" data-element_type=\"container\" data-e-type=\"container\">\n\t\t\t\t\t<div class=\"e-con-inner\">\n\t\t\t\t<div class=\"elementor-element elementor-element-547be9f vracilo elementor-widget elementor-widget-text-editor\" data-id=\"547be9f\" data-element_type=\"widget\" data-e-type=\"widget\" data-widget_type=\"text-editor.default\">\n\t\t\t\t<div class=\"elementor-widget-container\">\n\t\t\t\t\t\t\t\t\t<h2>Povrat robe<\/h2><p>Kupac mo\u017ee vratiti kupljenu robu u roku od 45 dana od dana primitka, ali mora poslati pisanu obavijest prodavatelju u roku od 14 dana od dana primitka u kojoj navodi da odustaje od kupnje ili ugovora. Vra\u0107anje robe tvrtki smatra se obavijesti o odustanku od ugovora.<\/p><p>Kupac je odgovoran za tro\u0161kove povrata robe. Ne primamo po\u0161iljke pouze\u0107em.<\/p><p>U skladu s \u010dlankom 43.d Zakona o za\u0161titi potro\u0161a\u010da (ZVPot), kupac mora vratiti kupljene artikle u neo\u0161te\u0107enom stanju, \u0161to uklju\u010duje i ambala\u017eu u kojoj je proizvod isporu\u010den.<\/p><p>Vratit \u0107emo kupovnu cijenu na bankovni ra\u010dun kupca najkasnije u roku od 14 dana od primitka vra\u0107ene robe i potrebnog obrasca za odustajanje od kupnje.<\/p><p>Dostupan je obrazac za odustajanje od proizvoda\u00a0<strong><a href=\"\/wp-content\/uploads\/2025\/06\/return-form.pdf\" target=\"_blank\" rel=\"noopener\">ovdje<\/a><\/strong>.<br \/><br \/><\/p><h3>Smanjenje vrijednosti robe prilikom odustajanja od ugovora<\/h3><p>U skladu s devetim stavkom \u010dlanka 43.d nZVPot-a, potro\u0161a\u010d je odgovoran za smanjenje vrijednosti robe ako je smanjenje vrijednosti posljedica pona\u0161anja koje nije nu\u017eno potrebno za utvr\u0111ivanje prirode svojstava i funkcioniranja robe, ali potro\u0161a\u010d ne gubi pravo na odustanak od ugovora bez navo\u0111enja razloga u slu\u010daju povrata rabljene ili o\u0161te\u0107ene robe.<br \/><br \/><\/p><h2>Materijalni nedostatak (odgovoran je proizvo\u0111a\u010d artikla)<\/h2><p>Prema Zakonu o za\u0161titi potro\u0161a\u010da, pogre\u0161ka je bitna:<\/p><ul><li><p lang=\"sl-si\" xml:lang=\"sl-si\">ako roba nema svojstva potrebna za njezinu normalnu upotrebu ili za promet;<\/p><\/li><li><p lang=\"sl-si\" xml:lang=\"sl-si\">ako roba nema svojstva potrebna za specifi\u010dnu upotrebu za koju je kupac kupuje, ali koja su prodavatelju bila poznata ili su mu trebala biti poznata;<\/p><\/li><li><p lang=\"sl-si\" xml:lang=\"sl-si\">ako roba nema svojstva i karakteristike koje su bile izri\u010dito ili pre\u0161utno ugovorene ili propisane;<\/p><\/li><li><p lang=\"sl-si\" xml:lang=\"sl-si\">ako je prodavatelj isporu\u010dio robu koja ne odgovara uzorku ili modelu, osim ako je uzorak ili model prikazan samo radi obavijesti.<br \/><br \/><\/p><\/li><\/ul><h3 lang=\"sl-si\" xml:lang=\"sl-si\">Tvrdnja o \u010dinjeni\u010dnoj pogre\u0161ci<\/h3><p>Kupac mora obavijestiti prodavatelja o svakom materijalnom nedostatku, zajedno s detaljnim opisom nedostatka, najkasnije u roku od dva mjeseca od datuma kada je nedostatak otkriven. Ako je pro\u0161lo vi\u0161e od dvije godine od primitka artikla, reklamacija materijalnog nedostatka vi\u0161e nije mogu\u0107a. Istovremeno, kupac mora dopustiti pregled artikla. Za reklamaciju materijalnog nedostatka, molimo ispunite obrazac koji \u0107ete prona\u0107i\u00a0<\/p><p>Pravo na reklamaciju materijalnog nedostatka stvari detaljnije je regulirano odredbama ZVPot-a.<\/p><p>Za prijavu \u010dinjeni\u010dne pogre\u0161ke, molimo ispunite obrazac koji se nalazi ovdje.\u00a0<strong><a href=\"\/wp-content\/uploads\/2025\/06\/form-for-actual-error.pdf\" target=\"_blank\" rel=\"noopener\">ovdje<\/a><\/strong>.<\/p>\t\t\t\t\t\t\t\t<\/div>\n\t\t\t\t<\/div>\n\t\t\t\t\t<\/div>\n\t\t\t\t<\/div>\n\t\t\t\t<\/div>","protected":false},"excerpt":{"rendered":"<p>Vra\u010dilo blaga Kupec lahko kupljeno blago vrne v roku 45 dni od dneva prevzema, vendar mora poslati pisno obvestilo prodajalcu v roku 14 dni od dneva prevzema, kjer navede, da odstopa od nakupa oz. pogodbe. Vrnitev blaga podjetju se \u0161teje za sporo\u010dilo od odstopu od pogodbe. Stro\u0161ke vra\u010dila blaga krije kupec. Po\u0161iljk z odkupnino ne [&hellip;]<\/p>\n","protected":false},"author":1,"featured_media":0,"parent":0,"menu_order":0,"comment_status":"closed","ping_status":"closed","template":"","meta":{"_acf_changed":false,"inline_featured_image":false,"footnotes":""},"class_list":["post-5620","page","type-page","status-publish","hentry"],"acf":[],"_links":{"self":[{"href":"https:\/\/ritosa.click.si\/hr\/wp-json\/wp\/v2\/pages\/5620","targetHints":{"allow":["GET"]}}],"collection":[{"href":"https:\/\/ritosa.click.si\/hr\/wp-json\/wp\/v2\/pages"}],"about":[{"href":"https:\/\/ritosa.click.si\/hr\/wp-json\/wp\/v2\/types\/page"}],"author":[{"embeddable":true,"href":"https:\/\/ritosa.click.si\/hr\/wp-json\/wp\/v2\/users\/1"}],"replies":[{"embeddable":true,"href":"https:\/\/ritosa.click.si\/hr\/wp-json\/wp\/v2\/comments?post=5620"}],"version-history":[{"count":7,"href":"https:\/\/ritosa.click.si\/hr\/wp-json\/wp\/v2\/pages\/5620\/revisions"}],"predecessor-version":[{"id":18781,"href":"https:\/\/ritosa.click.si\/hr\/wp-json\/wp\/v2\/pages\/5620\/revisions\/18781"}],"wp:attachment":[{"href":"https:\/\/ritosa.click.si\/hr\/wp-json\/wp\/v2\/media?parent=5620"}],"curies":[{"name":"radni list","href":"https:\/\/api.w.org\/{rel}","templated":true}]}}