{"id":5618,"date":"2025-06-04T15:46:42","date_gmt":"2025-06-04T13:46:42","guid":{"rendered":"https:\/\/ritosa.click.si\/?page_id=5618"},"modified":"2025-06-27T10:56:05","modified_gmt":"2025-06-27T08:56:05","slug":"pogoji-poslovanja","status":"publish","type":"page","link":"https:\/\/ritosa.click.si\/hr\/pogoji-poslovanja\/","title":{"rendered":"Uvjeti i odredbe"},"content":{"rendered":"<div data-elementor-type=\"wp-page\" data-elementor-id=\"5618\" class=\"elementor elementor-5618\" wpc-filter-elementor-widget=\"1\" data-elementor-post-type=\"page\">\n\t\t\t\t<div class=\"elementor-element elementor-element-9d6e116 e-flex e-con-boxed e-con e-parent\" data-id=\"9d6e116\" data-element_type=\"container\" data-e-type=\"container\">\n\t\t\t\t\t<div class=\"e-con-inner\">\n\t\t\t\t\t<\/div>\n\t\t\t\t<\/div>\n\t\t<div class=\"elementor-element elementor-element-ad0df44 e-flex e-con-boxed e-con e-parent\" data-id=\"ad0df44\" data-element_type=\"container\" data-e-type=\"container\">\n\t\t\t\t\t<div class=\"e-con-inner\">\n\t\t\t\t<div class=\"elementor-element elementor-element-569280c pogoji-poslovanja elementor-widget elementor-widget-text-editor\" data-id=\"569280c\" data-element_type=\"widget\" data-e-type=\"widget\" data-widget_type=\"text-editor.default\">\n\t\t\t\t<div class=\"elementor-widget-container\">\n\t\t\t\t\t\t\t\t\t<p>Ugovorne odredbe i uvjeti u osnovi su regulirani Zakonom o za\u0161titi potro\u0161a\u010da (ZVPot), koji je objavljen u Slu\u017ebenom listu Republike Slovenije. Osim toga, tvrtka Rito\u0161a doo (u daljnjem tekstu prodavatelj) dodaje i isti\u010de sljede\u0107e.<\/p><h2>Cijene<\/h2><p>Sve cijene proizvoda navedene su u EUR i uklju\u010duju porez na dodanu vrijednost (PDV). Cijene su zajam\u010dene za dan narud\u017ebe i podlo\u017ene su dnevnim promjenama, bez prethodne najave.<\/p><h2>Narud\u017ebe - koraci kupnje<\/h2><ol><li>Za po\u010detak, dodajte proizvode koje \u017eelite kupiti u ko\u0161aricu tako da ih prona\u0111ete u online trgovini pregledavanjem kategorija ili kori\u0161tenjem tra\u017eilice i klikom na gumb &quot;Dodaj u ko\u0161aricu&quot; za proizvod. Proizvod \u0107e zatim biti dodan u va\u0161u ko\u0161aricu, \u010diji sadr\u017eaj uvijek mo\u017eete vidjeti u gornjem desnom kutu. Nakon \u0161to ste u ko\u0161aricu dodali sve \u017eeljene proizvode, mo\u017eete nastaviti na obrazac za narud\u017ebu klikom na gumb &quot;Nastavi na blagajnu&quot;.<\/li><li>Prije naru\u010divanja robe, sadr\u017eaj narud\u017ebe mo\u017eete urediti u ko\u0161arici. Mo\u017eete dodavati proizvode u ko\u0161aricu, mijenjati koli\u010dinu i brisati pojedina\u010dne proizvode. Ako ste sigurni da \u017eelite kupiti proizvode iz ko\u0161arice, mo\u017eete nastaviti.<br \/>\u2013 Ako ste ve\u0107 kupili ne\u0161to u na\u0161oj internetskoj trgovini i registrirali se s adresom e-po\u0161te i lozinkom, mo\u017eete se prijaviti klikom na upit \u201eKliknite ovdje\u201c pored teksta \u201eJeste li ve\u0107 registrirani?\u201c. To \u0107e vam omogu\u0107iti kori\u0161tenje podataka o va\u0161oj adresi koje smo ve\u0107 spremili iz va\u0161ih prethodnih kupnji kod nas.<br \/>\u2013 Ako niste registrirani, a \u017eelite se registrirati, kliknite na gumb \u201eKreiraj ra\u010dun\u201c. To \u0107e vam omogu\u0107iti ne samo da naru\u010dite, ve\u0107 se i registrirate kod nas, \u0161to \u0107e vam omogu\u0107iti pregled popisa narud\u017ebi te upravljanje i kori\u0161tenje popisa adresa za pla\u0107anje i dostavu.<br \/>\u2013 Ako niste registrirani i ne \u017eelite se registrirati, ne morate to u\u010diniti. Jednostavno nastavite klikom na gumb \u201eKupi kao gost\u201c.<\/li><li>Na temelju primjera u to\u010dki 2, otvorit \u0107e se obrazac za unos va\u0161ih podataka, uklju\u010duju\u0107i podatke za dostavu i pla\u0107anje ili ra\u010dun (ako se razlikuje od adrese dostave). Morate ispuniti sva polja ozna\u010dena zvjezdicom *, ostala su neobavezna.<br \/>Odaberite na\u010din dostave i ozna\u010dite da se sla\u017eete s uvjetima i odredbama.<br \/>U posljednjem koraku odaberite na\u010din pla\u0107anja.<\/li><li>Otvorit \u0107e se sa\u017eetak narud\u017ebe u kojem su ponovno navedeni neki detalji va\u0161e narud\u017ebe.<\/li><li>Za nastavak i narud\u017ebu kliknite na gumb &quot;Naru\u010di s obvezom pla\u0107anja&quot;.<\/li><li>Nakon uspje\u0161ne narud\u017ebe, potro\u0161a\u010d \u0107e na svoju adresu e-po\u0161te dobiti informacije o statusu narud\u017ebe. Potro\u0161a\u010d \u0107e na navedenu adresu e-po\u0161te dobiti sve informacije o statusu narud\u017ebe te \u0107e biti obavije\u0161ten kada po\u0161iljka bude predana dostavnoj slu\u017ebi.<\/li><\/ol><h2>Zajam\u010deno besprijekorno funkcioniranje<\/h2><p>Svi proizvodi pokriveni su minimalnim jamstvenim rokom od 12 mjeseci, osim proizvoda kod kojih je druga\u010dije navedeno na web stranici ili u prilo\u017eenom jamstvenom listu. Ako to nije navedeno, proizvod nema jamstvo ili ta informacija nije poznata u tom trenutku. Za detalje kupac se mo\u017ee obratiti prodavatelju.<\/p><p>Kupac mo\u017ee ostvariti pravo na jamstvo samo ako je ure\u0111ajem rukovano u skladu s uputama i ako su se po\u0161tovali jamstveni uvjeti proizvo\u0111a\u010da.<\/p><p>Kupac ostvaruje jamstvo uz jamstveni list i ra\u010dun prodavatelja izravno od proizvo\u0111a\u010da ili njegovog ovla\u0161tenog servisnog centra.<\/p><p>Prodavatelj pru\u017ea pomo\u0107 u rje\u0161avanju jamstvenih zahtjeva s proizvo\u0111a\u010dem ili ovla\u0161tenim servisnim centrom.<\/p><p>Kupac tako\u0111er mo\u017ee robu za koju \u017eeli ostvariti svoja prava u jamstvenom roku dostaviti u sjedi\u0161te prodavatelja ili je poslati po\u0161tom, pokrivaju\u0107i tro\u0161kove dostave. Ne primamo po\u0161iljke pouze\u0107em.<\/p><h2>Povrat robe<\/h2><p>Kupac mo\u017ee vratiti kupljenu robu u roku od 45 dana od dana primitka, ali mora poslati pisanu obavijest prodavatelju u roku od 14 dana od dana primitka u kojoj navodi da odustaje od kupnje ili ugovora. Vra\u0107anje robe tvrtki smatra se obavijesti o odustanku od ugovora.<\/p><p>Kupac je odgovoran za tro\u0161kove povrata robe. Ne primamo po\u0161iljke pouze\u0107em.<\/p><p>U skladu s \u010dlankom 43.d Zakona o za\u0161titi potro\u0161a\u010da (ZVPot), kupac mora vratiti kupljene artikle u neo\u0161te\u0107enom stanju, \u0161to uklju\u010duje i ambala\u017eu u kojoj je proizvod isporu\u010den.<\/p><p>Vratit \u0107emo kupovnu cijenu na bankovni ra\u010dun kupca najkasnije u roku od 14 dana od primitka vra\u0107ene robe i potrebnog obrasca za odustajanje od kupnje.<\/p><p>Dostupan je obrazac za odustajanje od proizvoda\u00a0<strong><a href=\"\/wp-content\/uploads\/2025\/06\/return-form.pdf\" target=\"_blank\" rel=\"noopener\">ovdje<\/a><\/strong>.<\/p><h3>Smanjenje vrijednosti robe prilikom odustajanja od ugovora<\/h3><p>U skladu s devetim stavkom \u010dlanka 43.d nZVPot-a, potro\u0161a\u010d je odgovoran za smanjenje vrijednosti robe ako je smanjenje vrijednosti posljedica pona\u0161anja koje nije nu\u017eno potrebno za utvr\u0111ivanje prirode svojstava i funkcioniranja robe, ali potro\u0161a\u010d ne gubi pravo na odustanak od ugovora bez navo\u0111enja razloga u slu\u010daju povrata rabljene ili o\u0161te\u0107ene robe.<\/p><h2>Materijalni nedostatak (odgovoran je proizvo\u0111a\u010d artikla)<\/h2><p>Prema Zakonu o za\u0161titi potro\u0161a\u010da, pogre\u0161ka je bitna:<\/p><ul><li><p lang=\"sl-si\" xml:lang=\"sl-si\">ako roba nema svojstva potrebna za njezinu normalnu upotrebu ili za promet;<\/p><\/li><li><p lang=\"sl-si\" xml:lang=\"sl-si\">ako roba nema svojstva potrebna za specifi\u010dnu upotrebu za koju je kupac kupuje, ali koja su prodavatelju bila poznata ili su mu trebala biti poznata;<\/p><\/li><li><p lang=\"sl-si\" xml:lang=\"sl-si\">ako roba nema svojstva i karakteristike koje su bile izri\u010dito ili pre\u0161utno ugovorene ili propisane;<\/p><\/li><li><p lang=\"sl-si\" xml:lang=\"sl-si\">ako je prodavatelj isporu\u010dio robu koja ne odgovara uzorku ili modelu, osim ako je uzorak ili model prikazan samo radi obavijesti.<\/p><\/li><\/ul><h3 lang=\"sl-si\" xml:lang=\"sl-si\">Tvrdnja o \u010dinjeni\u010dnoj pogre\u0161ci<\/h3><p>Kupac mora obavijestiti prodavatelja o svakom materijalnom nedostatku, zajedno s detaljnim opisom nedostatka, najkasnije u roku od dva mjeseca od datuma kada je nedostatak otkriven. Ako je pro\u0161lo vi\u0161e od dvije godine od primitka artikla, reklamacija materijalnog nedostatka vi\u0161e nije mogu\u0107a. Istovremeno, kupac mora dopustiti pregled artikla. Za reklamaciju materijalnog nedostatka, molimo ispunite obrazac koji \u0107ete prona\u0107i<\/p><p>Pravo na reklamaciju materijalnog nedostatka stvari detaljnije je regulirano odredbama ZVPot-a.<\/p><p>Za prijavu \u010dinjeni\u010dne pogre\u0161ke, molimo ispunite obrazac koji se nalazi ovdje.\u00a0<strong><a href=\"\/wp-content\/uploads\/2025\/06\/form-for-actual-error.pdf\" target=\"_blank\" rel=\"noopener\">ovdje<\/a><\/strong>.<\/p><h2>Sigurnost osobnih podataka<\/h2><p>Prodavatelj \u0107e osobne podatke kupca koristiti isklju\u010divo za ispunjenje narud\u017ebe. Ni pod kojim uvjetima ne\u0107e biti proslije\u0111eni tre\u0107im stranama.<\/p><p>Kupac mora za\u0161tititi svoje pristupne podatke (e-mail adresu i lozinku) koji ga identificiraju u elektroni\u010dkoj trgovini.<\/p><h2>Informacije o proizvodu na web stranici<\/h2><p>Slike ne predstavljaju stvarno stanje. Informacije na web stranici mogu biti neto\u010dne. Prodavatelj ne jam\u010di to\u010dnost cijena i ostalih informacija o proizvodu. Objavljeni podaci su informacije o ponu\u0111enim proizvodima. Cijena i dostupnost proizvoda potvr\u0111ene su tek kada kupac primi e-po\u0161tu od prodavatelja na adresu e-po\u0161te, kojom ga obavje\u0161tava da je ponuda potvr\u0111ena i narud\u017eba obra\u0111ena.<\/p><p>U slu\u010daju bilo kakvih gre\u0161aka, prodavatelj mo\u017ee savjetovati kupcu kupnju sli\u010dnog proizvoda.<\/p><h2>Otkazivanje narud\u017ebe<\/h2><p>Narud\u017eba se tako\u0111er mo\u017ee otkazati bez obveze za kupca, osim ako to ve\u0107 nije potvrdio prodavatelj.<\/p><p>Ako je narud\u017eba potvr\u0111ena i kupac \u017eeli otkazati narud\u017ebu, ugovorne strane mogu se dogovoriti o mogu\u0107nosti otkazivanja bez obveze (ovisno o transakcijama i dostavi). Ako takav dogovor nije mogu\u0107, otkazivanje se tretira kao povrat novca.<\/p><h2>Prigovori i sporovi<\/h2><p>Prodavatelj prima sve pritu\u017ebe u sjedi\u0161tu tvrtke ili putem e-po\u0161te. Prodavatelj se obvezuje u\u010diniti sve \u0161to je u njegovoj mo\u0107i kako bi sve pritu\u017ebe i sporove rije\u0161io u korist kupca. Prodavatelj se pridr\u017eava va\u017ee\u0107ih zakona o za\u0161titi potro\u0161a\u010da. Prodavatelj mora potvrditi primitak pritu\u017ebe u roku od 5 radnih dana i obavijestiti kupca o tijeku postupka. Prodavatelj je svjestan da je bitna karakteristika potro\u0161a\u010dkog spora, barem \u0161to se ti\u010de sudskog rje\u0161avanja, njegova nesrazmjernost izme\u0111u ekonomske vrijednosti potra\u017eivanja i tro\u0161kova nastalih u rje\u0161avanju samog spora. To je ujedno i glavna prepreka da potro\u0161a\u010d ne pokrene spor na sudu. Stoga prodavatelj ula\u017ee sve napore da sve sporove rije\u0161i mirnim putem.<\/p><p>U slu\u010daju problema, kupac mo\u017ee kontaktirati prodavatelja telefonom na 05 640 12 40 ili putem e-po\u0161te na\u00a0<a href=\"mailto:info@ritosa.si\">info@ritosa.si<\/a>Prigovor se mora podnijeti putem e-po\u0161te ili pisanim putem na adresu sjedi\u0161ta tvrtke: RITO\u0160A doo, Kajuhova 28, 6310 IZOLA.<\/p><h3>Izvansudsko rje\u0161avanje potro\u0161a\u010dkih sporova<\/h3><p>U skladu sa zakonskim propisima, prodavatelj ne priznaje nijednog pru\u017eatelja izvansudskog rje\u0161avanja potro\u0161a\u010dkih sporova kao nadle\u017enog za rje\u0161avanje potro\u0161a\u010dkog spora koji bi potro\u0161a\u010d mogao pokrenuti u skladu sa Zakonom o izvansudskom rje\u0161avanju potro\u0161a\u010dkih sporova.<\/p><p>U skladu s Uredbom (EU) br. 524\/2013 Europskog parlamenta i Vije\u0107a o online rje\u0161avanju potro\u0161a\u010dkih sporova i izmjeni Uredbe (EZ) br. 2016\/2004 i Direktive 2009\/22\/EZ, prodavatelj objavljuje elektroni\u010dku poveznicu na platformu za online rje\u0161avanje sporova (ODR). Platforma je dostupna potro\u0161a\u010dima ovdje:\u00a0<a href=\"https:\/\/webgate.ec.europa.eu\/odr\/main\/index.cfm?event=main.home.show&amp;lng=SL\" target=\"_blank\" rel=\"noopener\">https:\/\/webgate.ec.europa.eu\/odr\/main\/index.cfm?event=main.home.show&amp;lng=SL<\/a>.<\/p>\t\t\t\t\t\t\t\t<\/div>\n\t\t\t\t<\/div>\n\t\t\t\t\t<\/div>\n\t\t\t\t<\/div>\n\t\t\t\t<\/div>","protected":false},"excerpt":{"rendered":"<p>Pogodbene pogoje v osnovi ureja Zakon o varstvu potro\u0161nikov (ZVPot), ki se nahaja v uradnem listu Republike Slovenije. K temu podjetje Rito\u0161a d.o.o. (v nadaljevanju prodajalec), dodaja in izpostavlja naslednje. Cene Vse cene izdelkov so navedene v EUR in vklju\u010dujejo davek na dodano vrednost (DDV). Cene so zagotovljene za dan naro\u010dila in se lahko dnevno [&hellip;]<\/p>\n","protected":false},"author":1,"featured_media":0,"parent":0,"menu_order":0,"comment_status":"closed","ping_status":"closed","template":"","meta":{"_acf_changed":false,"inline_featured_image":false,"footnotes":""},"class_list":["post-5618","page","type-page","status-publish","hentry"],"acf":[],"_links":{"self":[{"href":"https:\/\/ritosa.click.si\/hr\/wp-json\/wp\/v2\/pages\/5618","targetHints":{"allow":["GET"]}}],"collection":[{"href":"https:\/\/ritosa.click.si\/hr\/wp-json\/wp\/v2\/pages"}],"about":[{"href":"https:\/\/ritosa.click.si\/hr\/wp-json\/wp\/v2\/types\/page"}],"author":[{"embeddable":true,"href":"https:\/\/ritosa.click.si\/hr\/wp-json\/wp\/v2\/users\/1"}],"replies":[{"embeddable":true,"href":"https:\/\/ritosa.click.si\/hr\/wp-json\/wp\/v2\/comments?post=5618"}],"version-history":[{"count":13,"href":"https:\/\/ritosa.click.si\/hr\/wp-json\/wp\/v2\/pages\/5618\/revisions"}],"predecessor-version":[{"id":18784,"href":"https:\/\/ritosa.click.si\/hr\/wp-json\/wp\/v2\/pages\/5618\/revisions\/18784"}],"wp:attachment":[{"href":"https:\/\/ritosa.click.si\/hr\/wp-json\/wp\/v2\/media?parent=5618"}],"curies":[{"name":"radni list","href":"https:\/\/api.w.org\/{rel}","templated":true}]}}