{"id":9372,"date":"2020-08-27T13:36:33","date_gmt":"2020-08-27T13:36:33","guid":{"rendered":"https:\/\/ritosa.click.si\/?post_type=product&#038;p=9372"},"modified":"2026-04-03T13:12:48","modified_gmt":"2026-04-03T11:12:48","slug":"ziener-collby","status":"publish","type":"product","link":"https:\/\/ritosa.click.si\/en\/trgovina\/cycling\/kolesarska-oprema\/kolesarske-rokavice\/moske-kolesarske-rokavice\/ziener-collby\/","title":{"rendered":"Cycling gloves Ziener COLLBY"},"content":{"rendered":"<p><span class=\"tlid-translation translation\" lang=\"sl\" xml:lang=\"sl\"><span title=\"\">Kolesarske rokavice Ziener Collby mo\u0161ke so prave vsestranske rokavice.<\/span> <span title=\"\">Posebna GEL obloga na dlaneh nudi maksimalno udobje na krmilih.<\/span> <span title=\"\">Me\u0161anica tkanine Air Mesh in trpe\u017enega materiala Amara na dlaneh, pomeni, da se va\u0161e roke ne bodo znojile, tudi pri dalj\u0161ih potovanjih.<\/span> <span title=\"\">Velcro strap and integrated finger loops ensure easy and quick removal.<\/span> <span title=\"\">The use of specially absorbent material on the thumbs makes it easier to wipe away sweat while riding.<\/span><\/span><\/p>","protected":false},"excerpt":{"rendered":"<p>Men&#039;s cycling gloves COLLBY<\/p>","protected":false},"featured_media":9376,"template":"","meta":{"_acf_changed":false,"inline_featured_image":false},"product_brand":[682],"product_cat":[580],"product_tag":[1200],"class_list":{"0":"post-9372","1":"product","2":"type-product","3":"status-publish","4":"has-post-thumbnail","6":"product_brand-ziener","7":"product_cat-moske-kolesarske-rokavice","8":"product_tag-moski","9":"pa_velikost-801","10":"pa_velikost-799","11":"pa_velikost-8-5","12":"pa_velikost-794","13":"pa_velikost-9-5","15":"first","16":"instock","17":"sale","18":"taxable","19":"shipping-taxable","20":"purchasable","21":"product-type-variable"},"acf":[],"_links":{"self":[{"href":"https:\/\/ritosa.click.si\/en\/wp-json\/wp\/v2\/product\/9372","targetHints":{"allow":["GET"]}}],"collection":[{"href":"https:\/\/ritosa.click.si\/en\/wp-json\/wp\/v2\/product"}],"about":[{"href":"https:\/\/ritosa.click.si\/en\/wp-json\/wp\/v2\/types\/product"}],"wp:featuredmedia":[{"embeddable":true,"href":"https:\/\/ritosa.click.si\/en\/wp-json\/wp\/v2\/media\/9376"}],"wp:attachment":[{"href":"https:\/\/ritosa.click.si\/en\/wp-json\/wp\/v2\/media?parent=9372"}],"wp:term":[{"taxonomy":"product_brand","embeddable":true,"href":"https:\/\/ritosa.click.si\/en\/wp-json\/wp\/v2\/product_brand?post=9372"},{"taxonomy":"product_cat","embeddable":true,"href":"https:\/\/ritosa.click.si\/en\/wp-json\/wp\/v2\/product_cat?post=9372"},{"taxonomy":"product_tag","embeddable":true,"href":"https:\/\/ritosa.click.si\/en\/wp-json\/wp\/v2\/product_tag?post=9372"}],"curies":[{"name":"wp","href":"https:\/\/api.w.org\/{rel}","templated":true}]}}