{"id":9354,"date":"2020-08-25T16:44:13","date_gmt":"2020-08-25T16:44:13","guid":{"rendered":"https:\/\/ritosa.click.si\/?post_type=product&#038;p=9354"},"modified":"2026-03-12T16:50:51","modified_gmt":"2026-03-12T15:50:51","slug":"bidon-purist-moflo-0-62l","status":"publish","type":"product","link":"https:\/\/ritosa.click.si\/en\/trgovina\/cycling\/kolesarska-oprema\/dodatna-oprema-in-rezervni-deli\/bidoni\/bidon-purist-moflo-0-62l\/","title":{"rendered":"ELITE FLY MTB TEX 750ML Water Bottle"},"content":{"rendered":"<ul>\n<li>30 % la\u017eja od drugih bidonov<\/li>\n<li data-start=\"119\" data-end=\"151\">0.75L<\/li>\n<li data-start=\"154\" data-end=\"247\">Z ergonomskim pokrov\u010dkom iz ve\u010d materialov, ki zagotavlja bolj\u0161i in la\u017eji pretok teko\u010dine<\/li>\n<li data-start=\"250\" data-end=\"330\">Povr\u0161ina ima nov oprijem (grip), ki omogo\u010da varnej\u0161o in enostavnej\u0161o uporabo<\/li>\n<li data-start=\"333\" data-end=\"403\">Visoka stabilnost v nosilcu bidona in enostavno jemanje med vo\u017enjo<\/li>\n<li data-start=\"406\" data-end=\"471\">Izdelana iz mehke in trpe\u017ene plastike, brez BPA in brez vonja<\/li>\n<li data-start=\"474\" data-end=\"520\">Used by the best World Tour teams<\/li>\n<li data-start=\"523\" data-end=\"599\">Na voljo v \u0161tevilnih barvah za popolno ujemanje z okvirjem va\u0161ega kolesa<\/li>\n<li data-start=\"602\" data-end=\"624\">100 % recyclable<\/li>\n<\/ul>","protected":false},"excerpt":{"rendered":"<p>Fly Elite \u2013 the world&#039;s lightest 0.75l water bottle<\/p>","protected":false},"featured_media":19299,"template":"","meta":{"_acf_changed":false,"inline_featured_image":false},"product_brand":[1192],"product_cat":[636],"product_tag":[1390,1337],"class_list":{"0":"post-9354","1":"product","2":"type-product","3":"status-publish","4":"has-post-thumbnail","6":"product_brand-cube","7":"product_cat-bidoni","8":"product_tag-bidon-za-kolo","9":"product_tag-bidone-cube","11":"first","12":"instock","13":"sale","14":"taxable","15":"shipping-taxable","16":"purchasable","17":"product-type-simple"},"acf":[],"_links":{"self":[{"href":"https:\/\/ritosa.click.si\/en\/wp-json\/wp\/v2\/product\/9354","targetHints":{"allow":["GET"]}}],"collection":[{"href":"https:\/\/ritosa.click.si\/en\/wp-json\/wp\/v2\/product"}],"about":[{"href":"https:\/\/ritosa.click.si\/en\/wp-json\/wp\/v2\/types\/product"}],"wp:featuredmedia":[{"embeddable":true,"href":"https:\/\/ritosa.click.si\/en\/wp-json\/wp\/v2\/media\/19299"}],"wp:attachment":[{"href":"https:\/\/ritosa.click.si\/en\/wp-json\/wp\/v2\/media?parent=9354"}],"wp:term":[{"taxonomy":"product_brand","embeddable":true,"href":"https:\/\/ritosa.click.si\/en\/wp-json\/wp\/v2\/product_brand?post=9354"},{"taxonomy":"product_cat","embeddable":true,"href":"https:\/\/ritosa.click.si\/en\/wp-json\/wp\/v2\/product_cat?post=9354"},{"taxonomy":"product_tag","embeddable":true,"href":"https:\/\/ritosa.click.si\/en\/wp-json\/wp\/v2\/product_tag?post=9354"}],"curies":[{"name":"wp","href":"https:\/\/api.w.org\/{rel}","templated":true}]}}