{"id":9327,"date":"2020-08-20T15:37:57","date_gmt":"2020-08-20T15:37:57","guid":{"rendered":"https:\/\/ritosa.click.si\/?post_type=product&#038;p=9327"},"modified":"2026-03-24T11:15:13","modified_gmt":"2026-03-24T10:15:13","slug":"otroska-celada-alpina-ximo-disney","status":"publish","type":"product","link":"https:\/\/ritosa.click.si\/en\/trgovina\/cycling\/kolesarska-oprema\/kolesarske-celade\/otroske-kolesarske-celade\/otroska-celada-alpina-ximo-disney\/","title":{"rendered":"Children's helmet ALPINA XIMO 2 DISNEY"},"content":{"rendered":"<p data-start=\"61\" data-end=\"279\">Otroci obo\u017eujejo svobodo na dveh kolesih \u2013 od prvih vo\u017eenj s poganjalcem do svojega prvega pravega kolesa. Pri tem se neizmerno zabavajo \u2026 in v\u010dasih tudi padejo. Zato naj bo \u010delada Ximo 2 Disney vedno del vsake vo\u017enje.<\/p>\n<p data-start=\"281\" data-end=\"597\">Ximo 2 Disney je zasnovana za majhne, aktivne otroke, ki radi zdru\u017eujejo igro in gibanje. Navdu\u0161uje z \u017eivahnimi barvami in priljubljenimi <strong data-start=\"419\" data-end=\"436\">Disney motivi<\/strong>, ki jih bodo otroci z veseljem nosili, hkrati pa ponuja odli\u010dno udobje in prileganje. Ker otroci nosijo le tisto, kar jim je v\u0161e\u010d \u2013 in ta \u010delada to zagotovo je.<\/p>\n<p data-start=\"599\" data-end=\"846\">Star\u0161em pa daje tisto, kar je najpomembnej\u0161e: zanesljivo za\u0161\u010dito. Integriran, po vi\u0161ini nastavljiv 360\u00b0 sistem prileganja omogo\u010da popolno prilagoditev glavi in stabilnost med vo\u017enjo. To je klju\u010dnega pomena za optimalno za\u0161\u010dito ob morebitnem padcu.<\/p>\n<p data-start=\"848\" data-end=\"1108\">Zahvaljujo\u010d lahki inmold konstrukciji je \u010delada izjemno udobna za no\u0161enje, u\u010dinkovito prezra\u010devanje pa poskrbi za prijeten ob\u010dutek tudi med dalj\u0161imi vo\u017enjami. Ximo 2 Disney zdru\u017euje varnost, udobje in igriv dizajn \u2013 \u010delada, ki jo bodo otroci z veseljem nosili.<\/p>\n<h4 data-start=\"1115\" data-end=\"1396\"><strong data-start=\"1115\" data-end=\"1128\">Features<\/strong><\/h4>\n<p data-start=\"1115\" data-end=\"1396\">\u2022 Po vi\u0161ini nastavljiv 360\u00b0 sistem za popolno prileganje<br data-start=\"1187\" data-end=\"1190\" \/>\u2022 Odli\u010dno prezra\u010devanje in mre\u017eica proti mr\u010desu<br data-start=\"1237\" data-end=\"1240\" \/>\u2022 Atraktivni Disney motivi<br data-start=\"1266\" data-end=\"1269\" \/>\u2022 Podalj\u0161an zadnji del za dodatno za\u0161\u010dito in ve\u010dje udobje (tudi v otro\u0161kem sede\u017eu ali prikolici)<br data-start=\"1365\" data-end=\"1368\" \/>\u2022 Mo\u017enost dodatne LED lu\u010di<\/p>","protected":false},"excerpt":{"rendered":"<p>Otro\u0161ka kolesarska \u010delada ALPINA XIMO 2 DISNEY<\/p>","protected":false},"featured_media":22268,"template":"","meta":{"_acf_changed":false,"inline_featured_image":false},"product_brand":[678],"product_cat":[577],"product_tag":[1198],"class_list":{"0":"post-9327","1":"product","2":"type-product","3":"status-publish","4":"has-post-thumbnail","6":"product_brand-alpina","7":"product_cat-otroske-kolesarske-celade","8":"product_tag-otroci","9":"pa_velikost-45-49","10":"pa_velikost-47-51","11":"pa_velikost-49-54","13":"first","14":"instock","15":"sale","16":"taxable","17":"shipping-taxable","18":"purchasable","19":"product-type-variable"},"acf":[],"_links":{"self":[{"href":"https:\/\/ritosa.click.si\/en\/wp-json\/wp\/v2\/product\/9327","targetHints":{"allow":["GET"]}}],"collection":[{"href":"https:\/\/ritosa.click.si\/en\/wp-json\/wp\/v2\/product"}],"about":[{"href":"https:\/\/ritosa.click.si\/en\/wp-json\/wp\/v2\/types\/product"}],"wp:featuredmedia":[{"embeddable":true,"href":"https:\/\/ritosa.click.si\/en\/wp-json\/wp\/v2\/media\/22268"}],"wp:attachment":[{"href":"https:\/\/ritosa.click.si\/en\/wp-json\/wp\/v2\/media?parent=9327"}],"wp:term":[{"taxonomy":"product_brand","embeddable":true,"href":"https:\/\/ritosa.click.si\/en\/wp-json\/wp\/v2\/product_brand?post=9327"},{"taxonomy":"product_cat","embeddable":true,"href":"https:\/\/ritosa.click.si\/en\/wp-json\/wp\/v2\/product_cat?post=9327"},{"taxonomy":"product_tag","embeddable":true,"href":"https:\/\/ritosa.click.si\/en\/wp-json\/wp\/v2\/product_tag?post=9327"}],"curies":[{"name":"wp","href":"https:\/\/api.w.org\/{rel}","templated":true}]}}