{"id":8314,"date":"2018-08-30T09:09:10","date_gmt":"2018-08-30T09:09:10","guid":{"rendered":"https:\/\/ritosa.click.si\/?post_type=product&#038;p=8314"},"modified":"2025-09-25T15:29:09","modified_gmt":"2025-09-25T13:29:09","slug":"torbica-topeak-tourguide-handlebar-bag","status":"publish","type":"product","link":"https:\/\/ritosa.click.si\/en\/trgovina\/cycling\/kolesarska-oprema\/dodatna-oprema-in-rezervni-deli\/torbice\/torbica-topeak-tourguide-handlebar-bag\/","title":{"rendered":"Topeak TourGuide Handlebar Bag"},"content":{"rendered":"<div class=\"clearfix text-formatted field field--name-body field--type-text-with-summary field--label-hidden field__item\">\n<p>Handlebar bag with a medium-sized handle with QuickClick\u2122 attachment and shoulder strap for easy carrying. Padded, divided main compartment plus front zip and two side pockets provide great organization. Ideal for travel, day trips and commuting. Includes rain cover.<\/p>\n<ul>\n<li><strong>ADDITIONAL FEATURES <\/strong>pocket with transparent cover for map, shoulder strap, handle, rain cover, 3M\u2122 reflective tape, space for safety light<\/li>\n<li><strong>ATTACHING THE BAG TO THE HANDLEBAR <\/strong>QuickClick\u2122 handlebar mount (FIXER 8)<br \/>\nSuitable for handlebars with diameters of \u00f825.4, \u00f828.6 and \u00f831.8 mm<\/li>\n<li><strong>CAPACITY <\/strong>5 L \/ 305 ci<\/li>\n<li><strong>ORGANIZATION <\/strong>Main compartment, front zip pocket, two side zip pockets, map pocket with transparent cover<\/li>\n<li><strong>MATERIAL <\/strong>1800 \/ 840 denier nylon<\/li>\n<li><strong>MAXIMUM LOAD CAPACITY<\/strong>T 5 kg \/ 11 lb<\/li>\n<li><strong>PROTECTION <\/strong>Fully padded<\/li>\n<li><strong>DIMENSIONS <\/strong>25.5 x 23 x 18 cm \/ 10&quot; x 9.1&quot; x 7.1&quot;<\/li>\n<li><strong>WEIGHT <\/strong>670g \/ 1.48lb<\/li>\n<\/ul>\n<\/div>","protected":false},"excerpt":{"rendered":"<p>Topeak TourGuide Handlebar Bag 5L<\/p>","protected":false},"featured_media":8315,"template":"","meta":{"_acf_changed":false,"inline_featured_image":false,"_monsterinsights_skip_tracking":false,"_monsterinsights_sitenote_active":false,"_monsterinsights_sitenote_note":"","_monsterinsights_sitenote_category":0},"product_brand":[1395],"product_cat":[517],"product_tag":[1554,1716,1715,1718,1717],"class_list":{"0":"post-8314","1":"product","2":"type-product","3":"status-publish","4":"has-post-thumbnail","6":"product_brand-topeak","7":"product_cat-torbice","8":"product_tag-topeak","9":"product_tag-topeak-tourguide-handlebar-bag","10":"product_tag-torba-topeak","11":"product_tag-tourguide-handlebar","12":"product_tag-tourguide-handlebar-bag","14":"first","15":"instock","16":"sale","17":"taxable","18":"shipping-taxable","19":"purchasable","20":"product-type-simple"},"acf":[],"aioseo_notices":[],"_links":{"self":[{"href":"https:\/\/ritosa.click.si\/en\/wp-json\/wp\/v2\/product\/8314","targetHints":{"allow":["GET"]}}],"collection":[{"href":"https:\/\/ritosa.click.si\/en\/wp-json\/wp\/v2\/product"}],"about":[{"href":"https:\/\/ritosa.click.si\/en\/wp-json\/wp\/v2\/types\/product"}],"wp:featuredmedia":[{"embeddable":true,"href":"https:\/\/ritosa.click.si\/en\/wp-json\/wp\/v2\/media\/8315"}],"wp:attachment":[{"href":"https:\/\/ritosa.click.si\/en\/wp-json\/wp\/v2\/media?parent=8314"}],"wp:term":[{"taxonomy":"product_brand","embeddable":true,"href":"https:\/\/ritosa.click.si\/en\/wp-json\/wp\/v2\/product_brand?post=8314"},{"taxonomy":"product_cat","embeddable":true,"href":"https:\/\/ritosa.click.si\/en\/wp-json\/wp\/v2\/product_cat?post=8314"},{"taxonomy":"product_tag","embeddable":true,"href":"https:\/\/ritosa.click.si\/en\/wp-json\/wp\/v2\/product_tag?post=8314"}],"curies":[{"name":"wp","href":"https:\/\/api.w.org\/{rel}","templated":true}]}}