{"id":7431,"date":"2012-05-28T10:49:56","date_gmt":"2012-05-28T10:49:56","guid":{"rendered":"https:\/\/ritosa.click.si\/?post_type=product&#038;p=7431"},"modified":"2025-09-23T15:49:46","modified_gmt":"2025-09-23T13:49:46","slug":"kolesarska-prikolica-za-otroke-hamax-traveller-dvojna","status":"publish","type":"product","link":"https:\/\/ritosa.click.si\/en\/trgovina\/cycling\/kolesarska-oprema\/dodatna-oprema-in-rezervni-deli\/otroski-sedezi\/kolesarska-prikolica-za-otroke-hamax-traveller-dvojna\/","title":{"rendered":"Hamax Traveller double bicycle trailer for children"},"content":{"rendered":"<p><!-- [if gte mso 9]&gt;--><\/p>\n<p><strong>LASTNOSTI:<\/strong><\/p>\n<ul>\n<li>Stre\u0161no okno<\/li>\n<li>Enostavno zlaganje \/ odvijanje<\/li>\n<li>Enostavna namestitev (vklju\u010deno je \u0161esto orodje)<\/li>\n<li>Zadnji predal za shranjevanje<\/li>\n<li>Vklju\u010dena je zadnja lu\u010dka (rde\u010da)<\/li>\n<li>5-to\u010dkovni snop s kakovostnimi zaponkami<\/li>\n<li>No\u017ena ro\u010dna zavora<\/li>\n<li>Shramba vle\u010dne mre\u017ee pod prikolico, ko je ne uporabljate<\/li>\n<\/ul>\n<p><strong>TEHNI\u010cNE LASTNOSTI:<\/strong><\/p>\n<ul>\n<li>Najve\u010dja te\u017ea otroka: 22 kg<\/li>\n<li>Najve\u010dja obremenitev: 47 kg<\/li>\n<li>Najve\u010dja hitrost: 24 km<\/li>\n<li>Najni\u017eja starost: 6 mesecev<\/li>\n<li>Najvi\u0161ja vi\u0161ina otroka: 117 cm<\/li>\n<li>Te\u017ea priklopnika (brez vle\u010dne palice): 13 kg<\/li>\n<\/ul>\n","protected":false},"excerpt":{"rendered":"<p>The Hamax Traveller Bicycle Trailer - Double is safe and easy to use! The bicycle trailer has enough space for 2 children, as well as your luggage, and is easy to fold\/unfold. Children will enjoy the comfortable seats and large windows that give them a good view on every journey.<\/p>","protected":false},"featured_media":7432,"template":"","meta":{"_acf_changed":false,"inline_featured_image":false},"product_brand":[1243],"product_cat":[538,524],"product_tag":[1244,1249,1644,1645,1246],"class_list":{"0":"post-7431","1":"product","2":"type-product","3":"status-publish","4":"has-post-thumbnail","6":"product_brand-hamax","7":"product_cat-otroski-sedezi","8":"product_cat-vozicki-in-prikolice","9":"product_tag-hamax","10":"product_tag-hamax-traveller","11":"product_tag-hamax-traveller-dvojna","12":"product_tag-kolesarska-prikolica-za-otroke","13":"product_tag-prikolica-za-otroke","15":"first","16":"instock","17":"sale","18":"taxable","19":"shipping-taxable","20":"purchasable","21":"product-type-simple"},"acf":[],"_links":{"self":[{"href":"https:\/\/ritosa.click.si\/en\/wp-json\/wp\/v2\/product\/7431","targetHints":{"allow":["GET"]}}],"collection":[{"href":"https:\/\/ritosa.click.si\/en\/wp-json\/wp\/v2\/product"}],"about":[{"href":"https:\/\/ritosa.click.si\/en\/wp-json\/wp\/v2\/types\/product"}],"wp:featuredmedia":[{"embeddable":true,"href":"https:\/\/ritosa.click.si\/en\/wp-json\/wp\/v2\/media\/7432"}],"wp:attachment":[{"href":"https:\/\/ritosa.click.si\/en\/wp-json\/wp\/v2\/media?parent=7431"}],"wp:term":[{"taxonomy":"product_brand","embeddable":true,"href":"https:\/\/ritosa.click.si\/en\/wp-json\/wp\/v2\/product_brand?post=7431"},{"taxonomy":"product_cat","embeddable":true,"href":"https:\/\/ritosa.click.si\/en\/wp-json\/wp\/v2\/product_cat?post=7431"},{"taxonomy":"product_tag","embeddable":true,"href":"https:\/\/ritosa.click.si\/en\/wp-json\/wp\/v2\/product_tag?post=7431"}],"curies":[{"name":"wp","href":"https:\/\/api.w.org\/{rel}","templated":true}]}}