{"id":7263,"date":"2009-01-07T18:44:18","date_gmt":"2009-01-07T18:44:18","guid":{"rendered":"https:\/\/ritosa.click.si\/?post_type=product&#038;p=7263"},"modified":"2026-03-07T12:43:42","modified_gmt":"2026-03-07T11:43:42","slug":"lopatka-za-po-snegu-hamax","status":"publish","type":"product","link":"https:\/\/ritosa.click.si\/en\/trgovina\/skiing\/ostali-zimski-sporti\/bobi-in-sanke\/lopatka-za-po-snegu-hamax\/","title":{"rendered":"Hamax \u2013 snow shovel"},"content":{"rendered":"<p data-start=\"193\" data-end=\"592\">Hamax lopatka za sneg je preprost mini bob, ki otrokom omogo\u010da veliko zabave tudi na manj\u0161ih zasne\u017eenih hrib\u010dkih. Zaradi svoje <strong data-start=\"320\" data-end=\"350\">kompaktne in lahke zasnove<\/strong> jo lahko otroci brez te\u017eav nosijo sami, hkrati pa omogo\u010da hitro in zabavno spu\u0161\u010danje po snegu. Oblika lopatke omogo\u010da drsenje naprej, vstran ali celo vrtenje, kar poskrbi za \u0161e ve\u010d zimskih dogodiv\u0161\u010din.<\/p>\n<p data-start=\"594\" data-end=\"845\">Izdelana je iz <strong data-start=\"609\" data-end=\"634\">trpe\u017ene HDPE plastike<\/strong>, odporne na nizke temperature, zato je primerna za uporabo v vseh zimskih razmerah. Zaradi majhne velikosti jo je enostavno vzeti s seboj na smu\u010di\u0161\u010de, izlet ali sankanje.<\/p>\n<h4 data-section-id=\"1xgzajh\" data-start=\"852\" data-end=\"877\"><strong data-start=\"856\" data-end=\"877\">Key features<\/strong><\/h4>\n<ul data-start=\"878\" data-end=\"1151\">\n<li data-section-id=\"173b79m\" data-start=\"878\" data-end=\"935\">\n<p data-start=\"880\" data-end=\"935\"><strong data-start=\"880\" data-end=\"913\">Kompaktna lopatka za sankanje<\/strong> \u2013 idealna za otroke<\/p>\n<\/li>\n<li data-section-id=\"f0xlft\" data-start=\"936\" data-end=\"976\">\n<p data-start=\"938\" data-end=\"976\"><strong data-start=\"938\" data-end=\"974\">Lahka in enostavna za prena\u0161anje<\/strong><\/p>\n<\/li>\n<li data-section-id=\"177iz2v\" data-start=\"977\" data-end=\"1028\">\n<p data-start=\"979\" data-end=\"1028\"><strong data-start=\"979\" data-end=\"1026\">Primerna za manj\u0161e sne\u017ene hrib\u010dke in klance<\/strong><\/p>\n<\/li>\n<li data-section-id=\"38hzz7\" data-start=\"1029\" data-end=\"1087\">\n<p data-start=\"1031\" data-end=\"1087\"><strong data-start=\"1031\" data-end=\"1068\">Izdelana iz trpe\u017ene HDPE plastike<\/strong>, odporne na mraz<\/p>\n<\/li>\n<li data-section-id=\"wu4b1\" data-start=\"1088\" data-end=\"1151\">\n<p data-start=\"1090\" data-end=\"1151\"><strong data-start=\"1090\" data-end=\"1111\">Enostavna uporaba<\/strong> \u2013 samo sedite in se spustite po snegu<\/p>\n<\/li>\n<\/ul>","protected":false},"excerpt":{"rendered":"<p data-start=\"130\" data-end=\"191\">Majhen, lahek in zabaven pripomo\u010dek za sankanje na snegu.<\/p>","protected":false},"featured_media":7267,"template":"","meta":{"_acf_changed":false,"inline_featured_image":false,"_monsterinsights_skip_tracking":false,"_monsterinsights_sitenote_active":false,"_monsterinsights_sitenote_note":"","_monsterinsights_sitenote_category":0},"product_brand":[1243],"product_cat":[558],"product_tag":[],"class_list":{"0":"post-7263","1":"product","2":"type-product","3":"status-publish","4":"has-post-thumbnail","6":"product_brand-hamax","7":"product_cat-bobi-in-sanke","8":"pa_barva-modra","9":"pa_barva-rdeca","10":"pa_barva-roza","12":"first","13":"instock","14":"sale","15":"taxable","16":"shipping-taxable","17":"purchasable","18":"product-type-variable"},"acf":[],"aioseo_notices":[],"_links":{"self":[{"href":"https:\/\/ritosa.click.si\/en\/wp-json\/wp\/v2\/product\/7263","targetHints":{"allow":["GET"]}}],"collection":[{"href":"https:\/\/ritosa.click.si\/en\/wp-json\/wp\/v2\/product"}],"about":[{"href":"https:\/\/ritosa.click.si\/en\/wp-json\/wp\/v2\/types\/product"}],"wp:featuredmedia":[{"embeddable":true,"href":"https:\/\/ritosa.click.si\/en\/wp-json\/wp\/v2\/media\/7267"}],"wp:attachment":[{"href":"https:\/\/ritosa.click.si\/en\/wp-json\/wp\/v2\/media?parent=7263"}],"wp:term":[{"taxonomy":"product_brand","embeddable":true,"href":"https:\/\/ritosa.click.si\/en\/wp-json\/wp\/v2\/product_brand?post=7263"},{"taxonomy":"product_cat","embeddable":true,"href":"https:\/\/ritosa.click.si\/en\/wp-json\/wp\/v2\/product_cat?post=7263"},{"taxonomy":"product_tag","embeddable":true,"href":"https:\/\/ritosa.click.si\/en\/wp-json\/wp\/v2\/product_tag?post=7263"}],"curies":[{"name":"wp","href":"https:\/\/api.w.org\/{rel}","templated":true}]}}