{"id":7070,"date":"2008-04-19T12:18:17","date_gmt":"2008-04-19T12:18:17","guid":{"rendered":"https:\/\/ritosa.click.si\/?post_type=product&#038;p=7070"},"modified":"2026-03-30T09:03:07","modified_gmt":"2026-03-30T07:03:07","slug":"zlozljiv-tricikel-di-blasi-r32","status":"publish","type":"product","link":"https:\/\/ritosa.click.si\/en\/trgovina\/invalidski-pripomocki\/tricikli\/zlozljiv-tricikel-di-blasi-r32\/","title":{"rendered":"Foldable tricycle Di Blasi R32"},"content":{"rendered":"<p>Zlo\u017eljiv tricikel Di Blasi za otroke in odrasle. Tricikli, ki vam bojo olaj\u0161ali gibanje. Zlo\u017eljiv tricikel za la\u017eja potovanja, ima prestave.<\/p>\n<ul>\n<li>Wheels: stainless steel spokes, aluminum rims, 20\u2033 (48 cm)<\/li>\n<li>Seat: adjustable in height from 84 cm to 98 cm from the ground.<\/li>\n<li>Gearset: 5 speeds<\/li>\n<li>Equipment: foldable pedals, bell, front and rear lights, seat adjustment lever, rear carrier.<\/li>\n<li>Dimensions \u2013 folded: 64 cm \u00d7 28.5 cm \u00d7 62 cm<\/li>\n<li>Weight: 21.8 kg<\/li>\n<li>Load capacity (max. rider weight): 100 kg,<\/li>\n<li>The tricycle features a differential and brake lock.<\/li>\n<\/ul>\n<p>When ordering a tricycle, optional accessories are also possible - different types of seats (orthopedic, orthopedic with backrest), pedals with straps, trunk bag, basket, mirror, bike bag, etc.<\/p>","protected":false},"excerpt":{"rendered":"<p>Discover comfort and practicality with the foldable tricycle DI Blasi, suitable for both children and adults. Thanks to its stable construction and foldable frame, it is easy to carry and store, making it ideal for boats, travel, trips, or everyday city rides.<\/p>\n<p>&nbsp;<\/p>\n<p>Po naro\u010dilu &#8211; rok dobave pribli\u017eno od 20 do 30 dni.<\/p>\n<p>&nbsp;<\/p>","protected":false},"featured_media":7074,"template":"","meta":{"_acf_changed":false,"inline_featured_image":false},"product_brand":[674],"product_cat":[496],"product_tag":[],"class_list":{"0":"post-7070","1":"product","2":"type-product","3":"status-publish","4":"has-post-thumbnail","6":"product_brand-di-blasi","7":"product_cat-tricikli","8":"pa_barva-atracitno-siva","9":"pa_barva-modra","10":"pa_barva-rdeca","12":"first","13":"onbackorder","14":"sale","15":"taxable","16":"shipping-taxable","17":"purchasable","18":"product-type-variable"},"acf":[],"_links":{"self":[{"href":"https:\/\/ritosa.click.si\/en\/wp-json\/wp\/v2\/product\/7070","targetHints":{"allow":["GET"]}}],"collection":[{"href":"https:\/\/ritosa.click.si\/en\/wp-json\/wp\/v2\/product"}],"about":[{"href":"https:\/\/ritosa.click.si\/en\/wp-json\/wp\/v2\/types\/product"}],"wp:featuredmedia":[{"embeddable":true,"href":"https:\/\/ritosa.click.si\/en\/wp-json\/wp\/v2\/media\/7074"}],"wp:attachment":[{"href":"https:\/\/ritosa.click.si\/en\/wp-json\/wp\/v2\/media?parent=7070"}],"wp:term":[{"taxonomy":"product_brand","embeddable":true,"href":"https:\/\/ritosa.click.si\/en\/wp-json\/wp\/v2\/product_brand?post=7070"},{"taxonomy":"product_cat","embeddable":true,"href":"https:\/\/ritosa.click.si\/en\/wp-json\/wp\/v2\/product_cat?post=7070"},{"taxonomy":"product_tag","embeddable":true,"href":"https:\/\/ritosa.click.si\/en\/wp-json\/wp\/v2\/product_tag?post=7070"}],"curies":[{"name":"wp","href":"https:\/\/api.w.org\/{rel}","templated":true}]}}