{"id":22532,"date":"2026-03-27T16:44:40","date_gmt":"2026-03-27T15:44:40","guid":{"rendered":"https:\/\/ritosa.click.si\/?post_type=product&#038;p=22532"},"modified":"2026-03-27T16:56:20","modified_gmt":"2026-03-27T15:56:20","slug":"cube-fold-hybrid-545-2026","status":"publish","type":"product","link":"https:\/\/ritosa.click.si\/en\/trgovina\/cycling\/kolesa\/elektricna-kolesa\/mestna-elektricna-kolesa\/cube-fold-hybrid-545-2026\/","title":{"rendered":"CUBE FOLD HYBRID 545 2026"},"content":{"rendered":"<p data-start=\"0\" data-end=\"95\"><strong data-start=\"0\" data-end=\"43\">CUBE FOLD HYBRID 545<\/strong><br data-start=\"43\" data-end=\"46\" \/>Kompakten, prakti\u010den in vedno pripravljen na pot.<\/p>\n<p data-start=\"97\" data-end=\"358\">CUBE Fold Hybrid 545 prina\u0161a povsem novo raven fleksibilnosti in prakti\u010dnosti v urbani mobilnosti. Zahvaljujo\u010d zmogljivemu<strong> Bosch Performance motorju, 545 Wh bateriji<\/strong> in Bosch Smart Systemu z aplikacijo eBike Flow je vsaka vo\u017enja hitra, enostavna in brez stresa.<\/p>\n<p data-start=\"360\" data-end=\"681\">Pameten <strong>zlo\u017eljiv mehanizem<\/strong> in <strong>integriran ro\u010daj<\/strong> omogo\u010data enostavno shranjevanje in prena\u0161anje \u2013 bodisi v prtlja\u017eniku, stanovanju ali pisarni. S <strong data-start=\"2\" data-end=\"51\">Shimano CUES 10-prestavnim menjalnim sistemom<\/strong> boste brez te\u017eav premagovali mestne ulice, medtem ko <strong>Shimano hidravli\u010dne disk zavore<\/strong> zagotavljajo varno zaviranje v vseh vremenskih pogojih.<\/p>\n<p data-start=\"683\" data-end=\"885\">Za vsakodnevno uporabo je kolo opremljeno z blatniki, trpe\u017enim zadnjim prtlja\u017enikom, stojalom in integrirano osvetlitvijo. Po \u017eelji lahko dodate tudi sprednji nosilec s prakti\u010dnimi torbami ali ko\u0161arami.<\/p>\n<p data-start=\"887\" data-end=\"1067\" data-is-last-node=\"\" data-is-only-node=\"\">Z <strong>20-pal\u010dnimi kolesi<\/strong>, robustnim <strong>Aluminium Superlite okvirjem<\/strong> ter enostavno nastavitvijo sede\u017ea in krmila se Fold Hybrid 545 popolnoma prilagodi sodobnemu mestnemu na\u010dinu \u017eivljenja.<\/p>\n<p><em>Najve\u010dja dovoljena skupna te\u017ea (vklju\u010dno z maso kolesa): 142 kg<\/em><\/p>\n<h4><strong>Specifikacije<\/strong><\/h4>\n<section class=\"text-token-text-primary w-full focus:outline-none [--shadow-height:45px] has-data-writing-block:pointer-events-none has-data-writing-block:-mt-(--shadow-height) has-data-writing-block:pt-(--shadow-height) [&amp;:has([data-writing-block])&gt;*]:pointer-events-auto scroll-mt-(--header-height)\" dir=\"auto\" data-turn-id=\"674c2bff-4b35-4de5-bbbe-a9e84db5c458\" data-testid=\"conversation-turn-149\" data-scroll-anchor=\"false\" data-turn=\"user\"><\/section>\n<section class=\"text-token-text-primary w-full focus:outline-none [--shadow-height:45px] has-data-writing-block:pointer-events-none has-data-writing-block:-mt-(--shadow-height) has-data-writing-block:pt-(--shadow-height) [&amp;:has([data-writing-block])&gt;*]:pointer-events-auto scroll-mt-[calc(var(--header-height)+min(200px,max(70px,20svh)))]\" dir=\"auto\" data-turn-id=\"request-69b434c4-df28-8387-ae43-ec8607ede2b4-7\" data-testid=\"conversation-turn-150\" data-scroll-anchor=\"true\" data-turn=\"assistant\">\n<div class=\"text-base my-auto mx-auto pb-10 [--thread-content-margin:var(--thread-content-margin-xs,calc(var(--spacing)*4))] @w-sm\/main:[--thread-content-margin:var(--thread-content-margin-sm,calc(var(--spacing)*6))] @w-lg\/main:[--thread-content-margin:var(--thread-content-margin-lg,calc(var(--spacing)*16))] px-(--thread-content-margin)\">\n<div class=\"[--thread-content-max-width:40rem] @w-lg\/main:[--thread-content-max-width:48rem] mx-auto max-w-(--thread-content-max-width) flex-1 group\/turn-messages focus-visible:outline-hidden relative flex w-full min-w-0 flex-col agent-turn\">\n<div class=\"flex max-w-full flex-col gap-4 grow\">\n<div class=\"min-h-8 text-message relative flex w-full flex-col items-end gap-2 text-start break-words whitespace-normal outline-none keyboard-focused:focus-ring [.text-message+&amp;]:mt-1\" dir=\"auto\" data-message-author-role=\"assistant\" data-message-id=\"d4770f3d-14fc-4a91-be6c-7ac40847b950\" data-message-model-slug=\"gpt-5-3\" data-turn-start-message=\"true\">\n<div class=\"flex w-full flex-col gap-1 empty:hidden\">\n<div class=\"markdown prose dark:prose-invert w-full wrap-break-word light markdown-new-styling\">\n<p data-start=\"0\" data-end=\"1515\" data-is-last-node=\"\" data-is-only-node=\"\">Motor: Bosch Drive Unit Performance Line 75Nm (BDU34)<br data-start=\"53\" data-end=\"56\" \/>Baterija: Bosch PowerPack 545<br data-start=\"85\" data-end=\"88\" \/>Zaslon: Bosch Purion 200 z integriranim prikazom<br data-start=\"136\" data-end=\"139\" \/>Okvir: Aluminium Superlite, Comfort Ride Geometry, delno integriran prtlja\u017enik, pripravljen za sprednji nosilec, Slider dropout, integrirana zlo\u017eljiva tehnologija, nosilni ro\u010daj<br data-start=\"316\" data-end=\"319\" \/>Vilica: Aluminijasta toga vilica, 20&#8243;<br data-start=\"356\" data-end=\"359\" \/>Le\u017eaj vilice: ACROS AZF-1038, zgoraj Zero-Stack 1 1\/8&#8243; (ZS 44mm), spodaj Zero-Stack 1 1\/2&#8243; (ZS 56mm)<br data-start=\"459\" data-end=\"462\" \/>Lula volana: Cube zlo\u017eljiva lula, nastavljiva dol\u017eina, objemka 25,4 mm<br data-start=\"532\" data-end=\"535\" \/>Volan: CUBE Comfort Trail Bar, 680 mm, 25,4 mm<br data-start=\"581\" data-end=\"584\" \/>Gripovi: ACID Travel Comfort<br data-start=\"612\" data-end=\"615\" \/>Zadnji menjalnik: Shimano Cues RD-U4010, 9-prestavni<br data-start=\"667\" data-end=\"670\" \/>Prestavne ro\u010dice: Shimano Cues SL-U4010, Rapidfire-Plus<br data-start=\"725\" data-end=\"728\" \/>Zavore: Shimano BR-MT200, hidravli\u010dne disk zavore (180\/180)<br data-start=\"787\" data-end=\"790\" \/>Gonilka: ACID Trekking Hybrid, 42T<br data-start=\"824\" data-end=\"827\" \/>Pedala: Zlo\u017eljiva, aluminij<br data-start=\"854\" data-end=\"857\" \/>Veriga: KMC eGlide<br data-start=\"875\" data-end=\"878\" \/>Kaseta: Shimano CS-LG300, 11\u201336T<br data-start=\"910\" data-end=\"913\" \/>Sprednja pesta: Shimano HB-QC300, QR, Centerlock<br data-start=\"961\" data-end=\"964\" \/>Zadnja pesta: Shimano FH-QC300-HM, QR, Centerlock<br data-start=\"1013\" data-end=\"1016\" \/>Obro\u010di \/ kolesa: ACID EX30, 32H, disk, Tubeless Ready<br data-start=\"1069\" data-end=\"1072\" \/>Pla\u0161\u010di: Schwalbe Super Moto-X, Double Defense, 62-406<br data-start=\"1125\" data-end=\"1128\" \/>Sede\u017e: ACID Sequence 160<br data-start=\"1152\" data-end=\"1155\" \/>Sede\u017ena opora: Satori Sorata 34,9 mm, 280\u2013440 mm teleskopska<br data-start=\"1215\" data-end=\"1218\" \/>Sprednja lu\u010d: ACID Front Light PRO-E 60 X-Connect, 12V, DC<br data-start=\"1276\" data-end=\"1279\" \/>Zadnja lu\u010d: ACID Mudguard Rear Light PRO-E, 12V, DC<br data-start=\"1330\" data-end=\"1333\" \/>Zvonec: Easy Bell<br data-start=\"1350\" data-end=\"1353\" \/>Blatniki: ACID 75, BB-Mount<br data-start=\"1380\" data-end=\"1383\" \/>Prtlja\u017enik: ACID 20&#8243; delno integriran, kompatibilen z ACID RILink adapterjem<br data-start=\"1459\" data-end=\"1462\" \/>Noga: Dvojna noga (Two Leg Kickstand)<br data-start=\"1499\" data-end=\"1502\" \/>Te\u017ea: 25,3 kg<\/p>\n<\/div>\n<\/div>\n<\/div>\n<\/div>\n<\/div>\n<\/div>\n<\/section>\n","protected":false},"excerpt":{"rendered":"<p>Zlo\u017eljivo elektri\u010dno kolo Cube Fold Hybrid 545 Coal &#8216;n&#8217; Reflex<\/p>","protected":false},"featured_media":22540,"template":"","meta":{"_acf_changed":false,"inline_featured_image":false,"_monsterinsights_skip_tracking":false,"_monsterinsights_sitenote_active":false,"_monsterinsights_sitenote_note":"","_monsterinsights_sitenote_category":0},"product_brand":[1192],"product_cat":[630,642],"product_tag":[],"class_list":{"0":"post-22532","1":"product","2":"type-product","3":"status-publish","4":"has-post-thumbnail","6":"product_brand-cube","7":"product_cat-mestna-elektricna-kolesa","8":"product_cat-zlozljiva-elektricna-kolesa","10":"first","11":"onbackorder","12":"taxable","13":"shipping-taxable","14":"purchasable","15":"product-type-simple"},"acf":[],"aioseo_notices":[],"_links":{"self":[{"href":"https:\/\/ritosa.click.si\/en\/wp-json\/wp\/v2\/product\/22532","targetHints":{"allow":["GET"]}}],"collection":[{"href":"https:\/\/ritosa.click.si\/en\/wp-json\/wp\/v2\/product"}],"about":[{"href":"https:\/\/ritosa.click.si\/en\/wp-json\/wp\/v2\/types\/product"}],"wp:featuredmedia":[{"embeddable":true,"href":"https:\/\/ritosa.click.si\/en\/wp-json\/wp\/v2\/media\/22540"}],"wp:attachment":[{"href":"https:\/\/ritosa.click.si\/en\/wp-json\/wp\/v2\/media?parent=22532"}],"wp:term":[{"taxonomy":"product_brand","embeddable":true,"href":"https:\/\/ritosa.click.si\/en\/wp-json\/wp\/v2\/product_brand?post=22532"},{"taxonomy":"product_cat","embeddable":true,"href":"https:\/\/ritosa.click.si\/en\/wp-json\/wp\/v2\/product_cat?post=22532"},{"taxonomy":"product_tag","embeddable":true,"href":"https:\/\/ritosa.click.si\/en\/wp-json\/wp\/v2\/product_tag?post=22532"}],"curies":[{"name":"wp","href":"https:\/\/api.w.org\/{rel}","templated":true}]}}