{"id":22456,"date":"2026-03-24T18:33:04","date_gmt":"2026-03-24T17:33:04","guid":{"rendered":"https:\/\/ritosa.click.si\/?post_type=product&#038;p=22456"},"modified":"2026-03-27T09:33:51","modified_gmt":"2026-03-27T08:33:51","slug":"oneal-backflip-rancid","status":"publish","type":"product","link":"https:\/\/ritosa.click.si\/en\/trgovina\/cycling\/kolesarska-oprema\/kolesarske-celade\/odrasle-kolesarske-celade\/oneal-backflip-rancid\/","title":{"rendered":"O&#8217;Neal Backflip Rancid"},"content":{"rendered":"<p>\u010celada O&#8217;Neal Backflip Rancid je izdelana iz trpe\u017enih materialov (72% ABS in 26% EPS), ki zagotavljajo izjemno za\u0161\u010dito va\u0161e glave pri vo\u017enji s kolesom. Zahvaljujo\u010d nizki te\u017ei in \u0161tevilnim zra\u010dnikom bo uporaba \u010delade prijetna tudi pri dalj\u0161i uporabi. K udobju bodo prav tako prispevale mehke blazinice, ki dobro vpijajo vlago in jih po potrebi lahko odstranite ter operete. Za enostavno zapenjanje in odpenjanje je \u010delada opremljena s Fidlock\u00ae magnetno zaponko, katero boste lahko odpeli oziroma zapeli z eno roko. Vizir \u010delade O&#8217;Neal Backflip Inked je nastavljiv, ter pritrjen s plasti\u010dnimi vijaki, ki so izdelani iz materiala, ki se v primeru padca zlomi, ter s tem pove\u010da va\u0161o varnost. \u010celada je kompatibilna z uporabo Airflaps\u2122 sistema, ki zagotavlja ve\u010djo zra\u010dnost.<\/p>\n<p>Materials:<br \/>\n&#8211; \u0161koljka \u010delade: 72% ABS \/ 26% EPS<\/p>\n<p>Features:<br \/>\n&#8211; odstranljive blazinice, ki dobro vpijajo vlago, ter zagotavljajo udobno no\u0161njo<br \/>\n&#8211; magnetno enoro\u010dno zapiranje s Fidlock\u00ae zaponko<br \/>\n&#8211; nastavljiv vizir<br \/>\n&#8211; plasti\u010dni hitro lomljivi vijaki vizirja za manj\u0161o mo\u017enost po\u0161kodb ob padcu<br \/>\n&#8211; poseben utor namenjen traku o\u010dal, za bolj\u0161e prileganje<br \/>\n&#8211; kompatibilnost z Airflaps\u2122<br \/>\n&#8211; ustreza varnostnemu certifikatu EN1078<br \/>\n&#8211; te\u017ea: 1030 g (+-50 g)<\/p>\n<p>Velikosti: XS (53-54 cm), S (55-56 cm), M (57-58 cm), L (59-60 cm), XL (61-62 cm), XXL (62-64 cm)<\/p>","protected":false},"excerpt":{"rendered":"<p>Kolesarska fullface \u010delada O&#8217;NEAL BACKFLIP RANCID<\/p>","protected":false},"featured_media":22450,"template":"","meta":{"_acf_changed":false,"inline_featured_image":false,"_monsterinsights_skip_tracking":false,"_monsterinsights_sitenote_active":false,"_monsterinsights_sitenote_note":"","_monsterinsights_sitenote_category":0},"product_brand":[],"product_cat":[662],"product_tag":[],"class_list":{"0":"post-22456","1":"product","2":"type-product","3":"status-publish","4":"has-post-thumbnail","6":"product_cat-odrasle-kolesarske-celade","7":"pa_velikost-m","9":"first","10":"instock","11":"sale","12":"taxable","13":"shipping-taxable","14":"purchasable","15":"product-type-variable"},"acf":[],"aioseo_notices":[],"_links":{"self":[{"href":"https:\/\/ritosa.click.si\/en\/wp-json\/wp\/v2\/product\/22456","targetHints":{"allow":["GET"]}}],"collection":[{"href":"https:\/\/ritosa.click.si\/en\/wp-json\/wp\/v2\/product"}],"about":[{"href":"https:\/\/ritosa.click.si\/en\/wp-json\/wp\/v2\/types\/product"}],"wp:featuredmedia":[{"embeddable":true,"href":"https:\/\/ritosa.click.si\/en\/wp-json\/wp\/v2\/media\/22450"}],"wp:attachment":[{"href":"https:\/\/ritosa.click.si\/en\/wp-json\/wp\/v2\/media?parent=22456"}],"wp:term":[{"taxonomy":"product_brand","embeddable":true,"href":"https:\/\/ritosa.click.si\/en\/wp-json\/wp\/v2\/product_brand?post=22456"},{"taxonomy":"product_cat","embeddable":true,"href":"https:\/\/ritosa.click.si\/en\/wp-json\/wp\/v2\/product_cat?post=22456"},{"taxonomy":"product_tag","embeddable":true,"href":"https:\/\/ritosa.click.si\/en\/wp-json\/wp\/v2\/product_tag?post=22456"}],"curies":[{"name":"wp","href":"https:\/\/api.w.org\/{rel}","templated":true}]}}