{"id":22433,"date":"2026-03-24T18:08:49","date_gmt":"2026-03-24T17:08:49","guid":{"rendered":"https:\/\/ritosa.click.si\/?post_type=product&#038;p=22433"},"modified":"2026-03-24T18:12:43","modified_gmt":"2026-03-24T17:12:43","slug":"alpina-rootage-2","status":"publish","type":"product","link":"https:\/\/ritosa.click.si\/en\/trgovina\/cycling\/kolesarska-oprema\/kolesarske-celade\/odrasle-kolesarske-celade\/alpina-rootage-2\/","title":{"rendered":"Alpina Rootage 2"},"content":{"rendered":"<div class=\"flex max-w-full flex-col flex-grow\">\n<div class=\"min-h-8 text-message relative flex w-full flex-col items-end gap-2 whitespace-normal break-words text-start [.text-message+&amp;]:mt-5\">\n<div class=\"flex w-full flex-col gap-1 empty:hidden first:pt-[3px]\">\n<div class=\"markdown prose w-full break-words dark:prose-invert light\">\n<p data-start=\"0\" data-end=\"121\"><strong data-start=\"0\" data-end=\"83\">100 % Enduro. Brez kompromisov na trailu. Stil, ki se prilega. To je Rootage 2.<\/strong><br data-start=\"83\" data-end=\"86\" \/>Nadeni si jo, zapelji se in u\u017eivaj.<\/p>\n<p data-start=\"123\" data-end=\"381\">Nova \u010delada <strong data-start=\"135\" data-end=\"148\">Rootage 2<\/strong> z naprednim <strong data-start=\"161\" data-end=\"189\">360\u00b0 sistemom prileganja<\/strong> popolnoma objame glavo, kar je klju\u010dno za optimalno za\u0161\u010dito. Kot je zna\u010dilno za enduro \u010delade, je tudi ta model dodatno poglobljen na podro\u010dju senc in zatilja, kar pove\u010duje za\u0161\u010ditno povr\u0161ino.<\/p>\n<p data-start=\"383\" data-end=\"595\">Ploski, nastavljivi Y-razdelilci in preizku\u0161ena <strong data-start=\"431\" data-end=\"452\">Ergomatic zaponka<\/strong> na bradi omogo\u010dajo natan\u010dno in udobno prilagoditev. Kakovostna <strong data-start=\"516\" data-end=\"534\">dvojna \u0161koljka<\/strong> \u0161\u010diti \u010delado pred zunanjimi vplivi in ji daje izrazit videz.<\/p>\n<p data-start=\"597\" data-end=\"866\">Barvan, nastavljiv vizir te \u0161\u010diti pred ble\u0161\u010de\u010dim soncem, blatom in vejami na poti. Rootage 2 zdru\u017euje certificirano za\u0161\u010dito (DIN standard) z dovr\u0161enim dizajnom. Ne glede na to, ali se podaja\u0161 na tehni\u010dne spuste ali teko\u010de traile \u2013 ta \u010delada je pripravljena. Si tudi ti?<\/p>\n<h4 data-start=\"577\" data-end=\"822\"><strong data-start=\"829\" data-end=\"842\">Lastnosti<\/strong><\/h4>\n<p data-start=\"577\" data-end=\"822\">\u2022 Pove\u010dana za\u0161\u010dita na terenu zaradi podalj\u0161anega zadnjega dela in globljih stranskih predelov<br data-start=\"982\" data-end=\"985\" \/>\u2022 Nastavljiv 360\u00b0 sistem za popolno prileganje<br data-start=\"1031\" data-end=\"1034\" \/>\u2022 Ploski, nastavljivi Y-Clip trakovi<br data-start=\"1070\" data-end=\"1073\" data-is-only-node=\"\" \/>\u2022 Nastavljiv vizir po vi\u0161ini<br data-start=\"1101\" data-end=\"1104\" \/>\u2022 Mre\u017eica proti insektom<\/p>\n<\/div>\n<\/div>\n<\/div>\n<\/div>\n","protected":false},"excerpt":{"rendered":"<p>Kolesarska \u010delada ALPINA ROOTAGE 2<\/p>","protected":false},"featured_media":22439,"template":"","meta":{"_acf_changed":false,"inline_featured_image":false},"product_brand":[678],"product_cat":[662],"product_tag":[],"class_list":{"0":"post-22433","1":"product","2":"type-product","3":"status-publish","4":"has-post-thumbnail","6":"product_brand-alpina","7":"product_cat-odrasle-kolesarske-celade","8":"pa_velikost-59-61","10":"first","11":"instock","12":"sale","13":"taxable","14":"shipping-taxable","15":"purchasable","16":"product-type-variable"},"acf":[],"_links":{"self":[{"href":"https:\/\/ritosa.click.si\/en\/wp-json\/wp\/v2\/product\/22433","targetHints":{"allow":["GET"]}}],"collection":[{"href":"https:\/\/ritosa.click.si\/en\/wp-json\/wp\/v2\/product"}],"about":[{"href":"https:\/\/ritosa.click.si\/en\/wp-json\/wp\/v2\/types\/product"}],"wp:featuredmedia":[{"embeddable":true,"href":"https:\/\/ritosa.click.si\/en\/wp-json\/wp\/v2\/media\/22439"}],"wp:attachment":[{"href":"https:\/\/ritosa.click.si\/en\/wp-json\/wp\/v2\/media?parent=22433"}],"wp:term":[{"taxonomy":"product_brand","embeddable":true,"href":"https:\/\/ritosa.click.si\/en\/wp-json\/wp\/v2\/product_brand?post=22433"},{"taxonomy":"product_cat","embeddable":true,"href":"https:\/\/ritosa.click.si\/en\/wp-json\/wp\/v2\/product_cat?post=22433"},{"taxonomy":"product_tag","embeddable":true,"href":"https:\/\/ritosa.click.si\/en\/wp-json\/wp\/v2\/product_tag?post=22433"}],"curies":[{"name":"wp","href":"https:\/\/api.w.org\/{rel}","templated":true}]}}