{"id":22243,"date":"2026-03-24T10:59:13","date_gmt":"2026-03-24T09:59:13","guid":{"rendered":"https:\/\/ritosa.click.si\/?post_type=product&#038;p=22243"},"modified":"2026-03-24T11:00:12","modified_gmt":"2026-03-24T10:00:12","slug":"otroska-celada-alpina-ximo-2-flash-2","status":"publish","type":"product","link":"https:\/\/ritosa.click.si\/en\/trgovina\/cycling\/kolesarska-oprema\/kolesarske-celade\/otroske-kolesarske-celade\/otroska-celada-alpina-ximo-2-flash-2\/","title":{"rendered":"Children's helmet ALPINA XIMO 2 FLASH"},"content":{"rendered":"<p data-start=\"63\" data-end=\"280\">Otroci obo\u017eujejo svobodo na dveh kolesih \u2013 od prvih vo\u017eenj s poganjalcem do svojega prvega pravega kolesa. Pri tem se neizmerno zabavajo \u2026 in v\u010dasih tudi padejo. Zato naj bo \u010delada Ximo 2 Flash vedno del vsake vo\u017enje.<\/p>\n<p data-start=\"282\" data-end=\"602\">Ximo 2 Flash je zasnovana za majhne, aktivne otroke, ki so vedno v gibanju. Navdu\u0161uje z igrivim dizajnom, barvami in motivi, ki jih otroci z veseljem nosijo, hkrati pa ponuja odli\u010dno udobje in prileganje. Posebnost modela Flash je <strong data-start=\"513\" data-end=\"543\">integrirana zadnja LED lu\u010d<\/strong>, ki poskrbi za bolj\u0161o vidnost in dodatno varnost na cesti.<\/p>\n<p data-start=\"604\" data-end=\"851\">Star\u0161em pa daje tisto, kar je najpomembnej\u0161e: zanesljivo za\u0161\u010dito. Integriran, po vi\u0161ini nastavljiv 360\u00b0 sistem prileganja omogo\u010da popolno prilagoditev glavi in stabilnost med vo\u017enjo. To je klju\u010dnega pomena za optimalno za\u0161\u010dito ob morebitnem padcu.<\/p>\n<p data-start=\"853\" data-end=\"1113\">Zahvaljujo\u010d lahki inmold konstrukciji je \u010delada izjemno udobna za no\u0161enje, u\u010dinkovito prezra\u010devanje pa zagotavlja prijeten ob\u010dutek tudi med dalj\u0161imi vo\u017enjami. Ximo 2 Flash je \u010delada, ki zdru\u017euje varnost, udobje in vidnost \u2013 in jo bodo otroci z veseljem nosili.<\/p>\n<h4 data-start=\"1120\" data-end=\"1429\"><strong data-start=\"1120\" data-end=\"1133\">Features<\/strong><\/h4>\n<p data-start=\"1120\" data-end=\"1429\">\u2022 Po vi\u0161ini nastavljiv 360\u00b0 sistem za popolno prileganje<br data-start=\"1192\" data-end=\"1195\" \/>\u2022 Odli\u010dno prezra\u010devanje in mre\u017eica proti mr\u010desu<br data-start=\"1242\" data-end=\"1245\" \/>\u2022 Odsevni detajli za bolj\u0161o vidnost<br data-start=\"1280\" data-end=\"1283\" \/>\u2022 Podalj\u0161an zadnji del za dodatno za\u0161\u010dito in ve\u010dje udobje (tudi v otro\u0161kem sede\u017eu ali prikolici)<br data-start=\"1379\" data-end=\"1382\" \/>\u2022 Integrirana LED zadnja lu\u010d za ve\u010djo vidnost<\/p>","protected":false},"excerpt":{"rendered":"<p>Otro\u0161ka kolesarska \u010delada ALPINA XIMO 2 FLASH<\/p>","protected":false},"featured_media":22238,"template":"","meta":{"_acf_changed":false,"inline_featured_image":false,"_monsterinsights_skip_tracking":false,"_monsterinsights_sitenote_active":false,"_monsterinsights_sitenote_note":"","_monsterinsights_sitenote_category":0},"product_brand":[678],"product_cat":[577],"product_tag":[1198],"class_list":{"0":"post-22243","1":"product","2":"type-product","3":"status-publish","4":"has-post-thumbnail","6":"product_brand-alpina","7":"product_cat-otroske-kolesarske-celade","8":"product_tag-otroci","9":"pa_velikost-45-49","10":"pa_velikost-47-51","11":"pa_velikost-49-54","13":"first","14":"instock","15":"sale","16":"taxable","17":"shipping-taxable","18":"purchasable","19":"product-type-variable"},"acf":[],"aioseo_notices":[],"_links":{"self":[{"href":"https:\/\/ritosa.click.si\/en\/wp-json\/wp\/v2\/product\/22243","targetHints":{"allow":["GET"]}}],"collection":[{"href":"https:\/\/ritosa.click.si\/en\/wp-json\/wp\/v2\/product"}],"about":[{"href":"https:\/\/ritosa.click.si\/en\/wp-json\/wp\/v2\/types\/product"}],"wp:featuredmedia":[{"embeddable":true,"href":"https:\/\/ritosa.click.si\/en\/wp-json\/wp\/v2\/media\/22238"}],"wp:attachment":[{"href":"https:\/\/ritosa.click.si\/en\/wp-json\/wp\/v2\/media?parent=22243"}],"wp:term":[{"taxonomy":"product_brand","embeddable":true,"href":"https:\/\/ritosa.click.si\/en\/wp-json\/wp\/v2\/product_brand?post=22243"},{"taxonomy":"product_cat","embeddable":true,"href":"https:\/\/ritosa.click.si\/en\/wp-json\/wp\/v2\/product_cat?post=22243"},{"taxonomy":"product_tag","embeddable":true,"href":"https:\/\/ritosa.click.si\/en\/wp-json\/wp\/v2\/product_tag?post=22243"}],"curies":[{"name":"wp","href":"https:\/\/api.w.org\/{rel}","templated":true}]}}