{"id":22142,"date":"2026-03-23T15:33:40","date_gmt":"2026-03-23T14:33:40","guid":{"rendered":"https:\/\/ritosa.click.si\/?post_type=product&#038;p=22142"},"modified":"2026-04-03T14:44:27","modified_gmt":"2026-04-03T12:44:27","slug":"otroska-celada-alpina-rupi-4","status":"publish","type":"product","link":"https:\/\/ritosa.click.si\/en\/trgovina\/cycling\/kolesarska-oprema\/kolesarske-celade\/otroske-kolesarske-celade\/otroska-celada-alpina-rupi-4\/","title":{"rendered":"ALPINA RUPI children&#039;s helmet"},"content":{"rendered":"<p>Alpina RUPI je otro\u0161ka &#8220;full-face&#8221; \u010delada za te\u017eavne gorske poti, ki so prekrite s koreninami in kamenjem in so lahko precej zapletene. \u010celada ponuja vsestransko za\u0161\u010dito, kljub izredno nizki te\u017ei, samo 385g, zahvaljujo\u010d INMOLD tehnologiji, ki zdru\u017euje zunanjo trdo \u0161koljko z notranjim Hi-EPS delom in tako zagotavlja najvi\u0161jo stopnjo varnosti . Zaradi odstranljivega \u0161\u010ditnika za brado, je otro\u0161ka \u010delada primerna tako za spust, kot tudi za vsakodnevno uporabo! Prav tako je odstranljiv tudi vizir, ki sicer slu\u017ei kot za\u0161\u010dita pred soncem, blatom in kamenjem. 15 zra\u010dnikov poskrbi, da je \u010delada zelo zra\u010dna.<\/p>\n<ul>\n<li>HI-EPS \u2013 optimal shock absorption due to Hi-EPS material with microscopically small air chambers<\/li>\n<li>Inmold Tec \u2013 The low weight is due to Inmold technology, where the upper shell is thermally bonded to the Hi-EPS. This results in a solid surface connection, providing a very solid design<\/li>\n<li>Edge protect: a protective layer that makes the helmet more resistant to breaks and scratches and offers additional protection against external influences during frequent use<\/li>\n<li>Ceramic shell: the name for the outer shell of all Alpina helmets made using the Inmold process. It is a thin, lightweight material that is extremely resistant to impacts and scratches, contains UV stabilizers and is antistatic.<\/li>\n<li>Run System Classic \u2013 the fine-tuning system is fluid and soft to the touch, ensuring the highest level of comfort<\/li>\n<li>Helmet weight 385g<\/li>\n<li>15 ventilation openings ensure ideal airflow inside<\/li>\n<li>Fly net \u2013 insect protection net<\/li>\n<\/ul>","protected":false},"excerpt":{"rendered":"<p>ALPINA RUPI children&#039;s full-face cycling helmet<\/p>","protected":false},"featured_media":22147,"template":"","meta":{"_acf_changed":false,"inline_featured_image":false,"_monsterinsights_skip_tracking":false,"_monsterinsights_sitenote_active":false,"_monsterinsights_sitenote_note":"","_monsterinsights_sitenote_category":0},"product_brand":[678],"product_cat":[577],"product_tag":[1198],"class_list":{"0":"post-22142","1":"product","2":"type-product","3":"status-publish","4":"has-post-thumbnail","6":"product_brand-alpina","7":"product_cat-otroske-kolesarske-celade","8":"product_tag-otroci","9":"pa_velikost-50-55","11":"first","12":"instock","13":"sale","14":"taxable","15":"shipping-taxable","16":"purchasable","17":"product-type-variable"},"acf":[],"aioseo_notices":[],"_links":{"self":[{"href":"https:\/\/ritosa.click.si\/en\/wp-json\/wp\/v2\/product\/22142","targetHints":{"allow":["GET"]}}],"collection":[{"href":"https:\/\/ritosa.click.si\/en\/wp-json\/wp\/v2\/product"}],"about":[{"href":"https:\/\/ritosa.click.si\/en\/wp-json\/wp\/v2\/types\/product"}],"wp:featuredmedia":[{"embeddable":true,"href":"https:\/\/ritosa.click.si\/en\/wp-json\/wp\/v2\/media\/22147"}],"wp:attachment":[{"href":"https:\/\/ritosa.click.si\/en\/wp-json\/wp\/v2\/media?parent=22142"}],"wp:term":[{"taxonomy":"product_brand","embeddable":true,"href":"https:\/\/ritosa.click.si\/en\/wp-json\/wp\/v2\/product_brand?post=22142"},{"taxonomy":"product_cat","embeddable":true,"href":"https:\/\/ritosa.click.si\/en\/wp-json\/wp\/v2\/product_cat?post=22142"},{"taxonomy":"product_tag","embeddable":true,"href":"https:\/\/ritosa.click.si\/en\/wp-json\/wp\/v2\/product_tag?post=22142"}],"curies":[{"name":"wp","href":"https:\/\/api.w.org\/{rel}","templated":true}]}}