{"id":22096,"date":"2026-03-22T16:41:13","date_gmt":"2026-03-22T15:41:13","guid":{"rendered":"https:\/\/ritosa.click.si\/?post_type=product&#038;p=22096"},"modified":"2026-03-22T16:47:01","modified_gmt":"2026-03-22T15:47:01","slug":"cube-touring-hybrid-one-600","status":"publish","type":"product","link":"https:\/\/ritosa.click.si\/en\/trgovina\/cycling\/kolesa\/elektricna-kolesa\/mestna-elektricna-kolesa\/cube-touring-hybrid-one-600\/","title":{"rendered":"CUBE TOURING HYBRID ONE 600"},"content":{"rendered":"<p data-start=\"0\" data-end=\"85\"><strong data-start=\"0\" data-end=\"64\">CUBE TOURING HYBRID ONE 600<\/strong><\/p>\n<p data-start=\"87\" data-end=\"433\">Razli\u010dica Easy Entry modela Touring Hybrid omogo\u010da enostavno vstopanje in sestopanje s kolesa, brez kompromisov pri prakti\u010dnosti in vsestranskosti. Robustni <strong data-start=\"244\" data-end=\"286\">Semi Integrated Carrier 2.0 prtlja\u017enik<\/strong> olaj\u0161a prevoz potreb\u0161\u010din, medtem ko ACID veri\u017enik, polni blatniki, nogar in komplet lu\u010di dodatno izbolj\u0161ajo vsakodnevno uporabo in touring vo\u017enje.<\/p>\n<p data-start=\"435\" data-end=\"698\">Integrirani <strong data-start=\"447\" data-end=\"474\">Bosch Performance motor<\/strong> with <strong data-start=\"477\" data-end=\"517\">PowerTube baterijo kapacitete 600 Wh<\/strong> zagotavlja tiho in zmogljivo elektri\u010dno pomo\u010d, medtem ko <strong data-start=\"575\" data-end=\"605\">Efficient Comfort Geometry<\/strong> and <strong data-start=\"609\" data-end=\"641\">100 mm amortizacijska vilica<\/strong> omogo\u010data varno in udobno vo\u017enjo tudi po slab\u0161ih cestah.<\/p>\n<p><em>Najve\u010dja dovoljena skupna te\u017ea (vklju\u010dno z maso kolesa): 150 kg<\/em><\/p>\n<p><em><em>Velikosti Easy Entry: XS (46cm), S (50cm), M (54cm), L (58cm), XL (62cm)<\/em><\/em><\/p>\n<h4><strong>Specifications<\/strong><\/h4>\n<p>Motor: Bosch Drive Unit Performance Line, 75 Nm (BDU34)<br data-start=\"780\" data-end=\"783\" \/>Baterija: Bosch PowerTube 600<br data-start=\"812\" data-end=\"815\" \/>Zaslon: Bosch Purion 200 z integriranim zaslonom<br data-start=\"863\" data-end=\"866\" \/>Okvir: Aluminium Superlite, Gravity Casting Technology, Efficient Comfort Geometry, Boost148, UDH\u2122, popolnoma integrirana baterija, SIC 2.0, napredno notranje vodenje kablov, integrirana objemka sede\u017ea<br data-start=\"1067\" data-end=\"1070\" \/>Vilica: SR Suntour X32 NLO, tapered, 15&#215;110 mm, 100 mm<br data-start=\"1124\" data-end=\"1127\" \/>Le\u017eaj vilice: ACROS AZF-1035, ICR (integrirano vodenje kablov), zgoraj Zero-Stack 1 1\/2&#8243; (ZS 56 mm), spodaj Zero-Stack 1 1\/2&#8243; (ZS 56 mm), HIC<br data-start=\"1268\" data-end=\"1271\" \/>Lula krmila: CUBE Comfort Stem Pro, 31.8 mm, nastavljiva<br data-start=\"1327\" data-end=\"1330\" \/>Krmilo: CUBE Comfort Trail Bar, 700 mm<br data-start=\"1368\" data-end=\"1371\" \/>Ro\u010daji: ACID Travel Comfort<br data-start=\"1398\" data-end=\"1401\" \/>Zadnji menjalnik: Shimano Cues RD-U4000-GS, 9-stopenjski<br data-start=\"1457\" data-end=\"1460\" \/>Menjalne ro\u010dice: Shimano Cues SL-U4010, Rapidfire-Plus<br data-start=\"1514\" data-end=\"1517\" \/>Zavore: Shimano BR-MT200, hidravli\u010dne disk zavore (180\/180 mm)<br data-start=\"1579\" data-end=\"1582\" \/>Gonilka: ACID Trekking Hybrid, 40T<br data-start=\"1616\" data-end=\"1619\" \/>Pedala: ACID PP Trekking<br data-start=\"1643\" data-end=\"1646\" \/>Veriga: KMC eGlide<br data-start=\"1664\" data-end=\"1667\" \/>Kaseta: Shimano Cues CS-LG300, 11\u201346T<br data-start=\"1704\" data-end=\"1707\" \/>Obro\u010di \/ kolesa: ACID Pro 25, 32\/32 naper, 15&#215;110 mm \/ 12&#215;148 mm, Tubeless Ready<br data-start=\"1787\" data-end=\"1790\" \/>Pnevmatike: Schwalbe Motion Big Apple, Performance, 55-622<br data-start=\"1848\" data-end=\"1851\" \/>Sede\u017e: ACID Sequence 180<br data-start=\"1875\" data-end=\"1878\" \/>Sede\u017ena opora: CUBE Performance Post, 31.6 mm<br data-start=\"1923\" data-end=\"1926\" \/>Prednja lu\u010d: ACID Front Light PRO-E 60 X-Connect, 12V, DC<br data-start=\"1983\" data-end=\"1986\" \/>Zadnja lu\u010d: ACID Mudguard Rear Light PRO-E, 12V, DC<br data-start=\"2037\" data-end=\"2040\" \/>Zvonec: Easy Bell<br data-start=\"2057\" data-end=\"2060\" \/>Blatniki: ACID 57 SIC 2.0<br data-start=\"2085\" data-end=\"2088\" \/>Prtlja\u017enik: ACID SIC 2.0 RILink<br data-start=\"2119\" data-end=\"2122\" \/>Nogar: ACID FM Pure Kickstand<br data-start=\"2151\" data-end=\"2154\" \/>Te\u017ea: 27,9 kg<\/p>","protected":false},"excerpt":{"rendered":"<p>Elektri\u010dno kolo Cube Touring Hybrid One 600 Glacier &#8216;n&#8217; Reflex &#8211; Easy Entry<\/p>\n<p><span style=\"color: #00ccff\">POSSIBILITY OF APPLYING FOR ADDITIONAL SUBSIDIES -25%<\/span><\/p>","protected":false},"featured_media":22094,"template":"","meta":{"_acf_changed":false,"inline_featured_image":false},"product_brand":[1192],"product_cat":[630,649],"product_tag":[],"class_list":{"0":"post-22096","1":"product","2":"type-product","3":"status-publish","4":"has-post-thumbnail","6":"product_brand-cube","7":"product_cat-mestna-elektricna-kolesa","8":"product_cat-treking-elektricna-kolesa","9":"pa_velikost-50-2","11":"first","12":"instock","13":"sale","14":"taxable","15":"shipping-taxable","16":"purchasable","17":"product-type-variable"},"acf":[],"_links":{"self":[{"href":"https:\/\/ritosa.click.si\/en\/wp-json\/wp\/v2\/product\/22096","targetHints":{"allow":["GET"]}}],"collection":[{"href":"https:\/\/ritosa.click.si\/en\/wp-json\/wp\/v2\/product"}],"about":[{"href":"https:\/\/ritosa.click.si\/en\/wp-json\/wp\/v2\/types\/product"}],"wp:featuredmedia":[{"embeddable":true,"href":"https:\/\/ritosa.click.si\/en\/wp-json\/wp\/v2\/media\/22094"}],"wp:attachment":[{"href":"https:\/\/ritosa.click.si\/en\/wp-json\/wp\/v2\/media?parent=22096"}],"wp:term":[{"taxonomy":"product_brand","embeddable":true,"href":"https:\/\/ritosa.click.si\/en\/wp-json\/wp\/v2\/product_brand?post=22096"},{"taxonomy":"product_cat","embeddable":true,"href":"https:\/\/ritosa.click.si\/en\/wp-json\/wp\/v2\/product_cat?post=22096"},{"taxonomy":"product_tag","embeddable":true,"href":"https:\/\/ritosa.click.si\/en\/wp-json\/wp\/v2\/product_tag?post=22096"}],"curies":[{"name":"wp","href":"https:\/\/api.w.org\/{rel}","templated":true}]}}