{"id":22016,"date":"2026-03-22T11:56:14","date_gmt":"2026-03-22T10:56:14","guid":{"rendered":"https:\/\/ritosa.click.si\/?post_type=product&#038;p=22016"},"modified":"2026-03-22T12:05:35","modified_gmt":"2026-03-22T11:05:35","slug":"cube-stereo-hybrid-one22-pro-800-2026","status":"publish","type":"product","link":"https:\/\/ritosa.click.si\/en\/trgovina\/cycling\/kolesa\/elektricna-kolesa\/gorska-elektricna-kolesa\/cube-stereo-hybrid-one22-pro-800-2026\/","title":{"rendered":"CUBE STEREO HYBRID ONE22 PRO 800 2026"},"content":{"rendered":"<p data-start=\"0\" data-end=\"104\"><strong data-start=\"0\" data-end=\"37\">CUBE STEREO HYBRID ONE22 PRO 800<br \/>\n<\/strong>Elektri\u010dno trail kolo za dolge avanture in udobno raziskovanje<\/p>\n<p data-start=\"103\" data-end=\"365\">CUBE Stereo Hybrid ONE22 Pro 800 zdru\u017euje zmogljiv <strong data-start=\"154\" data-end=\"182\">Bosch CX pogonski sistem<\/strong> z baterijo kapacitete <strong data-start=\"205\" data-end=\"215\">800 Wh<\/strong> in preverjeno CUBE kinematiko vzmetenja. Rezultat je zanesljiv in udoben e-MTB, ki ponuja dovolj mo\u010di in dosega za celodnevne vo\u017enje in raziskovanje.<\/p>\n<p data-start=\"367\" data-end=\"659\">Lahek okvir <strong data-start=\"379\" data-end=\"402\">Aluminium Superlite<\/strong>, notranje vodenje kablov ter <strong data-start=\"432\" data-end=\"447\">UDH dropout<\/strong> z <strong data-start=\"450\" data-end=\"481\">Direct Mount za\u0161\u010dito verige<\/strong> poudarjajo pozornost do vsakega detajla. Stereo Hybrid ONE22 Pro 800 je zasnovan za kolesarje, ki i\u0161\u010dejo udobje in varnost na trailu, ob podpori zmogljivega elektri\u010dnega pogona.<\/p>\n<p data-start=\"661\" data-end=\"1058\"><strong data-start=\"661\" data-end=\"693\">120 mm Suntour zra\u010dna vilica<\/strong> in zadnji amortizer zagotavljata gladko vo\u017enjo tudi na neravnem terenu, medtem ko <strong data-start=\"776\" data-end=\"811\">Shimano hidravli\u010dne disk zavore<\/strong> in <strong data-start=\"815\" data-end=\"843\">Schwalbe 2,6\u201d pnevmatike<\/strong> zagotavljajo maksimalen nadzor in oprijem. Zahvaljujo\u010d <strong data-start=\"899\" data-end=\"927\">Shimano Cues 1\u00d710 pogonu<\/strong> so prestave enostavne in natan\u010dne, z upravljalnikom <strong data-start=\"980\" data-end=\"994\">Purion 200<\/strong> pa imate vedno pregled nad podporo motorja in stanjem baterije.<\/p>\n<p><em>Najve\u010dja dovoljena skupna te\u017ea (vklju\u010dno s kolesom): 150 kg<\/em><\/p>\n<p><em>Size Split:<\/em><\/p>\n<ul>\n<li><em> S = 27,5&#8221;<\/em><\/li>\n<li><em> M, L, XL, XXL = 29&#8221;<\/em><\/li>\n<\/ul>\n<h4><strong>Specifikacije<\/strong><\/h4>\n<div class=\"flex flex-col text-sm pb-25\">\n<article class=\"text-token-text-primary w-full focus:outline-none [--shadow-height:45px] has-data-writing-block:pointer-events-none has-data-writing-block:-mt-(--shadow-height) has-data-writing-block:pt-(--shadow-height) [&amp;:has([data-writing-block])&gt;*]:pointer-events-auto scroll-mt-[calc(var(--header-height)+min(200px,max(70px,20svh)))]\" dir=\"auto\" data-turn-id=\"request-WEB:77bb5810-ba1d-46d3-a5dc-5380a22fdc04-53\" data-testid=\"conversation-turn-68\" data-scroll-anchor=\"true\" data-turn=\"assistant\">\n<div class=\"text-base my-auto mx-auto pb-10 [--thread-content-margin:var(--thread-content-margin-xs,calc(var(--spacing)*4))] @w-sm\/main:[--thread-content-margin:var(--thread-content-margin-sm,calc(var(--spacing)*6))] @w-lg\/main:[--thread-content-margin:var(--thread-content-margin-lg,calc(var(--spacing)*16))] px-(--thread-content-margin)\">\n<div class=\"[--thread-content-max-width:40rem] @w-lg\/main:[--thread-content-max-width:48rem] mx-auto max-w-(--thread-content-max-width) flex-1 group\/turn-messages focus-visible:outline-hidden relative flex w-full min-w-0 flex-col agent-turn\">\n<div class=\"flex max-w-full flex-col gap-4 grow\">\n<div class=\"min-h-8 text-message relative flex w-full flex-col items-end gap-2 text-start break-words whitespace-normal [.text-message+&amp;]:mt-1\" dir=\"auto\" data-message-author-role=\"assistant\" data-message-id=\"c185a0ee-7c75-4a92-baaa-90f362126c53\" data-message-model-slug=\"gpt-5-3\">\n<div class=\"flex w-full flex-col gap-1 empty:hidden\">\n<div class=\"markdown prose dark:prose-invert w-full wrap-break-word light markdown-new-styling\">\n<p data-start=\"1065\" data-end=\"2646\" data-is-last-node=\"\" data-is-only-node=\"\">Motor: Bosch Drive Unit Performance Line CX, max. 100 Nm (BDU38)<br data-start=\"1149\" data-end=\"1152\" \/>Baterija: Bosch PowerTube 800<br data-start=\"1181\" data-end=\"1184\" \/>Polnilec: Bosch 2A<br data-start=\"1202\" data-end=\"1205\" data-is-only-node=\"\" \/>Zaslon: Bosch Purion 200 z integriranim zaslonom<br data-start=\"1253\" data-end=\"1256\" \/>Okvir: Aluminium Superlite, Gravity Casting Technology, Efficient Comfort Control, FSP 4-Link, Agile Comfort Geometry, Boost 148, UDH\u2122, integrirana baterija, napredno notranje vodenje kablov, nosilci za nogar\/blatnike\/prtlja\u017enik, integrirana objemka sede\u017ene opore<br data-start=\"1519\" data-end=\"1522\" \/>Vilica: SR Suntour XCR34X 2CR Air, tapered, 15&#215;110 mm, 120 mm<br data-start=\"1583\" data-end=\"1586\" \/>Le\u017eaj vilice: ACROS AZF-1034, ICR (notranje vodenje kablov), zgoraj Zero-Stack 1 1\/2&#8243; (ZS 56 mm), spodaj Zero-Stack 1 1\/2&#8243; (ZS 56 mm), X-Connect Interface<br data-start=\"1740\" data-end=\"1743\" \/>Zadnje vzmetenje: SR Suntour EdgeX R 185&#215;52.5 mm, nastavitev povratka (rebound), Trunnion Mount, zgoraj 54 mm Trunnion Mount, spodaj 22.2&#215;8 mm<br data-start=\"1885\" data-end=\"1888\" \/>Lula krmila: CUBE Performance Stem E-MTB 35, FPI-Link<br data-start=\"1941\" data-end=\"1944\" \/>Krmilo: CUBE Rise Trail Bar 35<br data-start=\"1974\" data-end=\"1977\" \/>Ro\u010daji: ACID Hybrid Perform<br data-start=\"2004\" data-end=\"2007\" \/>Zadnji menjalnik: Shimano Cues RD-U6000-GS, 10-stopenjski<br data-start=\"2064\" data-end=\"2067\" \/>Menjalne ro\u010dice: Shimano Cues SL-U6000, Rapidfire-Plus<br data-start=\"2121\" data-end=\"2124\" \/>Zavore: Shimano BR-MT420, hidravli\u010dne disk zavore (203\/203 mm)<br data-start=\"2186\" data-end=\"2189\" \/>Gonilka: ACID MTB Hybrid Pro, 38T<br data-start=\"2222\" data-end=\"2225\" \/>Pedala: ACID PP MTB<br data-start=\"2244\" data-end=\"2247\" \/>Veriga: KMC eGlide<br data-start=\"2265\" data-end=\"2268\" \/>Vodilo verige: Reverse Flip-Guide E-Chain Guide, Direct Mount, I-Plate<br data-start=\"2338\" data-end=\"2341\" \/>Kaseta: Shimano Cues CS-LG300, 11\u201348T<br data-start=\"2378\" data-end=\"2381\" \/>Obro\u010di \/ kolesa: ACID PRO 30, 32\/32 naper, 15&#215;110 mm \/ 12&#215;148 mm, Tubeless Ready<br data-start=\"2461\" data-end=\"2464\" \/>Pnevmatike: Schwalbe Smart Sam, Active, 2.6<br data-start=\"2507\" data-end=\"2510\" \/>Sede\u017e: ACID Venec EMTB Plus 145<br data-start=\"2541\" data-end=\"2544\" \/>Sede\u017ena opora: CUBE Dropper Post, ro\u010dica na krmilu, notranja napeljava kablov, 31.6 mm<br data-start=\"2630\" data-end=\"2633\" \/>Te\u017ea: 26,8 kg<\/p>\n<\/div>\n<\/div>\n<\/div>\n<\/div>\n<\/div>\n<\/div>\n<\/article>\n<\/div>\n","protected":false},"excerpt":{"rendered":"<p>Elektri\u010dno gorsko kolo Cube Stereo Hybrid One22 Pro 800 Stonegrey &#8216;n&#8217; Black<\/p>","protected":false},"featured_media":22025,"template":"","meta":{"_acf_changed":false,"inline_featured_image":false,"_monsterinsights_skip_tracking":false,"_monsterinsights_sitenote_active":false,"_monsterinsights_sitenote_note":"","_monsterinsights_sitenote_category":0},"product_brand":[1192],"product_cat":[629],"product_tag":[],"class_list":{"0":"post-22016","1":"product","2":"type-product","3":"status-publish","4":"has-post-thumbnail","6":"product_brand-cube","7":"product_cat-gorska-elektricna-kolesa","8":"pa_velikost-l","9":"pa_velikost-m","10":"pa_velikost-s","11":"pa_velikost-xl","13":"first","14":"onbackorder","15":"sale","16":"taxable","17":"shipping-taxable","18":"purchasable","19":"product-type-variable"},"acf":[],"aioseo_notices":[],"_links":{"self":[{"href":"https:\/\/ritosa.click.si\/en\/wp-json\/wp\/v2\/product\/22016","targetHints":{"allow":["GET"]}}],"collection":[{"href":"https:\/\/ritosa.click.si\/en\/wp-json\/wp\/v2\/product"}],"about":[{"href":"https:\/\/ritosa.click.si\/en\/wp-json\/wp\/v2\/types\/product"}],"wp:featuredmedia":[{"embeddable":true,"href":"https:\/\/ritosa.click.si\/en\/wp-json\/wp\/v2\/media\/22025"}],"wp:attachment":[{"href":"https:\/\/ritosa.click.si\/en\/wp-json\/wp\/v2\/media?parent=22016"}],"wp:term":[{"taxonomy":"product_brand","embeddable":true,"href":"https:\/\/ritosa.click.si\/en\/wp-json\/wp\/v2\/product_brand?post=22016"},{"taxonomy":"product_cat","embeddable":true,"href":"https:\/\/ritosa.click.si\/en\/wp-json\/wp\/v2\/product_cat?post=22016"},{"taxonomy":"product_tag","embeddable":true,"href":"https:\/\/ritosa.click.si\/en\/wp-json\/wp\/v2\/product_tag?post=22016"}],"curies":[{"name":"wp","href":"https:\/\/api.w.org\/{rel}","templated":true}]}}