{"id":21790,"date":"2026-03-18T15:35:25","date_gmt":"2026-03-18T14:35:25","guid":{"rendered":"https:\/\/ritosa.click.si\/?post_type=product&#038;p=21790"},"modified":"2026-03-18T15:39:16","modified_gmt":"2026-03-18T14:39:16","slug":"cube-aim-pro-2026-2","status":"publish","type":"product","link":"https:\/\/ritosa.click.si\/en\/trgovina\/cycling\/kolesa\/gorska-kolesa\/zenska-gorska-kolesa\/cube-aim-pro-2026-2\/","title":{"rendered":"CUBE AIM PRO 2026"},"content":{"rendered":"<p><strong>CUBE AIM PRO<\/strong><\/p>\n<p><strong>CUBE Aim Pro<\/strong>\u00a0je popolna izbira za rekreativne kolesarje, ki \u017eelijo do\u017eiveti pravo gorsko kolesarsko izku\u0161njo. Njegov lahek aluminijast okvir\u00a0<strong>Aluminium Lite<\/strong>\u00a0z elegantnimi\u00a0<strong>Smooth Welded<\/strong>\u00a0spoji in notranjim vodenjem kablov ponuja sodoben videz, trpe\u017enost in \u010dist dizajn.<\/p>\n<p>With\u00a0<strong>SR Suntour<\/strong>\u00a0vilico s 100 mm hoda to kolo zagotavlja udobje in nadzor na neravnih terenih, medtem ko\u00a0<strong>hidravli\u010dne Shimano disk zavore<\/strong>\u00a0poskrbijo za mo\u010dno in zanesljivo zaustavljanje v vseh razmerah.<\/p>\n<p><strong>Shimano Cues 1&#215;10<\/strong>\u00a0pogon z razponom 11\u201348T omogo\u010da enostavno premagovanje strmih vzponov in hitro vo\u017enjo po ravninah, medtem ko robustne 2,25&#8243; pnevmatike ponujajo optimalen oprijem in stabilnost. Zahvaljujo\u010d\u00a0<strong>Size Split<\/strong>\u00a0sistemu vsak kolesar enostavno najde idealno velikost okvirja, ki je \u017ee pripravljena za nadgradnjo s\u00a0<strong>potopno sede\u017eno oporo<\/strong>\u00a0za \u0161e ve\u010djo prilagodljivost.<\/p>\n<p><em>Najve\u010dja dovoljena obremenitev (vklju\u010dno z maso kolesa): 140 kg<\/em><\/p>\n<p><em>Size Split:<\/em><\/p>\n<ul>\n<li><em>14&#8221; (XS), 16&#8221; (S) = 27,5&#8221;<\/em><\/li>\n<li><em>18&#8221; (M), 20&#8221; (L), 22&#8221; (XL), 24&#8221; (XXL) = 29&#8221;<\/em><\/li>\n<\/ul>\n<h4><strong>Specifications<\/strong><\/h4>\n<ul>\n<li><strong>Frame:<\/strong>\u00a0Aluminium Lite, AMF, Double Butted, Internal Cable Routing, Tapered Head Tube, Flat Mount Brake, SIC Mount, FM Kickstand Mount<\/li>\n<li><strong>Fork:<\/strong>\u00a0SR Suntour XCT, 100 mm<\/li>\n<li><strong>Fork bearing:<\/strong>\u00a0CUBE FPH868p, Tapered, Semi-Integrated<\/li>\n<li><strong>Stem:<\/strong>\u00a0CUBE Performance Stem, 31.8 mm<\/li>\n<li><strong>Handlebar:<\/strong>\u00a0CUBE Rise Trail Bar, 680 mm<\/li>\n<li><strong>Grips:<\/strong>\u00a0ACID Icon<\/li>\n<li><strong>Rear derailleur:<\/strong>\u00a0Shimano Cues RD-U6000-GS, 10-speed<\/li>\n<li><strong>Gear shifters:<\/strong>\u00a0Shimano Cues SL-U6000, Rapidfire Plus<\/li>\n<li><strong>Brakes:<\/strong>\u00a0Shimano BR-MT200\/UR300, hidravli\u010dne disk zavore (160\/160)<\/li>\n<li><strong>Drive axle:<\/strong>\u00a0Thun Paso-ML, 73 mm BSA<\/li>\n<li><strong>Crank:<\/strong>\u00a0Shimano Cues FC-UT400, 32T<\/li>\n<li><strong>Pedals:<\/strong>\u00a0CUBE PP MTB<\/li>\n<li><strong>Chain:<\/strong>\u00a0KMC xGlide<\/li>\n<li><strong>Cassette:<\/strong>\u00a0Shimano Cues CS-LG300, 11\u201348T<\/li>\n<li><strong>Obro\u010di \/ kolesa:<\/strong>\u00a0ACID Pro 25, 32\/32 naper, QR\/QR, Tubeless Ready<\/li>\n<li><strong>Tires:<\/strong>\u00a0CUBE MTB, 2.25<\/li>\n<li><strong>Saddle:<\/strong>\u00a0ACID Wreath Lite<\/li>\n<li><strong>Seat post:<\/strong>\u00a0CUBE Performance Post, 27.2 mm<\/li>\n<li><strong>Weight:<\/strong>\u00a015,1 kg<\/li>\n<\/ul>","protected":false},"excerpt":{"rendered":"<p>Gorsko kolo Cube Aim Pro Smaragdgrey &#8216;n&#8217; Prism<\/p>","protected":false},"featured_media":21798,"template":"","meta":{"_acf_changed":false,"inline_featured_image":false,"_monsterinsights_skip_tracking":false,"_monsterinsights_sitenote_active":false,"_monsterinsights_sitenote_note":"","_monsterinsights_sitenote_category":0},"product_brand":[1192],"product_cat":[488,572],"product_tag":[],"class_list":{"0":"post-21790","1":"product","2":"type-product","3":"status-publish","4":"has-post-thumbnail","6":"product_brand-cube","7":"product_cat-gorska-kolesa","8":"product_cat-zenska-gorska-kolesa","9":"pa_velikost-xxl","11":"first","12":"instock","13":"sale","14":"taxable","15":"shipping-taxable","16":"purchasable","17":"product-type-variable"},"acf":[],"aioseo_notices":[],"_links":{"self":[{"href":"https:\/\/ritosa.click.si\/en\/wp-json\/wp\/v2\/product\/21790","targetHints":{"allow":["GET"]}}],"collection":[{"href":"https:\/\/ritosa.click.si\/en\/wp-json\/wp\/v2\/product"}],"about":[{"href":"https:\/\/ritosa.click.si\/en\/wp-json\/wp\/v2\/types\/product"}],"wp:featuredmedia":[{"embeddable":true,"href":"https:\/\/ritosa.click.si\/en\/wp-json\/wp\/v2\/media\/21798"}],"wp:attachment":[{"href":"https:\/\/ritosa.click.si\/en\/wp-json\/wp\/v2\/media?parent=21790"}],"wp:term":[{"taxonomy":"product_brand","embeddable":true,"href":"https:\/\/ritosa.click.si\/en\/wp-json\/wp\/v2\/product_brand?post=21790"},{"taxonomy":"product_cat","embeddable":true,"href":"https:\/\/ritosa.click.si\/en\/wp-json\/wp\/v2\/product_cat?post=21790"},{"taxonomy":"product_tag","embeddable":true,"href":"https:\/\/ritosa.click.si\/en\/wp-json\/wp\/v2\/product_tag?post=21790"}],"curies":[{"name":"wp","href":"https:\/\/api.w.org\/{rel}","templated":true}]}}