{"id":21750,"date":"2026-03-18T13:38:20","date_gmt":"2026-03-18T12:38:20","guid":{"rendered":"https:\/\/ritosa.click.si\/?post_type=product&#038;p=21750"},"modified":"2026-03-18T15:58:24","modified_gmt":"2026-03-18T14:58:24","slug":"head-granger-1-5-joy","status":"publish","type":"product","link":"https:\/\/ritosa.click.si\/en\/trgovina\/cycling\/kolesa\/gorska-kolesa\/zenska-gorska-kolesa\/head-granger-1-5-joy\/","title":{"rendered":"HEAD Granger 1.5 Joy"},"content":{"rendered":"<p data-start=\"0\" data-end=\"408\">Granger Joy je vsestransko \u017eensko gorsko kolo, zasnovano za udobno in samozavestno vo\u017enjo po razli\u010dnih terenih. Opremljeno je z <strong data-start=\"128\" data-end=\"150\">29-pal\u010dnimi kolesi<\/strong>, ki u\u010dinkovito bla\u017eijo neravnine, zmanj\u0161ujejo vibracije in omogo\u010dajo bolj teko\u010do ter lahkotno vo\u017enjo tako na makadamu kot gozdnih poteh. Ve\u010dja kolesa prispevajo tudi k la\u017ejemu ohranjanju hitrosti, kar pride \u0161e posebej do izraza pri vzponih in dalj\u0161ih turah.<\/p>\n<p data-start=\"410\" data-end=\"727\">Za dodatno udobje in nadzor poskrbi <strong data-start=\"446\" data-end=\"479\">amortizacijska vilica Suntour<\/strong>, ki zgladi neravnine ter izbolj\u0161a stabilnost na zahtevnej\u0161em terenu. <strong data-start=\"549\" data-end=\"571\">Shimano menjalniki<\/strong> zagotavljajo natan\u010dno in zanesljivo prestavljanje, medtem ko <strong data-start=\"633\" data-end=\"667\">hidravli\u010dne disk zavore Tektro<\/strong> poskrbijo za varno in u\u010dinkovito zaviranje v vseh razmerah.<\/p>\n<p data-start=\"729\" data-end=\"998\" data-is-last-node=\"\" data-is-only-node=\"\">Geometrija kolesa je posebej prilagojena \u017eenskam, kar omogo\u010da bolj naraven polo\u017eaj, ve\u010d udobja in bolj\u0161i nadzor nad kolesom. Granger Joy je odli\u010dna izbira za vse, ki i\u0161\u010dejo zanesljivo, udobno in vsestransko gorsko kolo za rekreacijo ali prve resnej\u0161e kolesarske izzive.<\/p>\n<h3><strong>SPECIFICATION<\/strong><\/h3>\n<ul>\n<li>Okvir: Aluminij 6061 HT DB, velikosti: 42\/47\/52cm<\/li>\n<li>Forks: <a class=\"elementor-accordion-title\">SUNTOUR XCT 30, HLO DS, 100mm<\/a><\/li>\n<li>Hod: 100 mm, z mo\u017enostjo blokade (lockout)<\/li>\n<li>Krmilni le\u017eaj: Neco H148M, polintegrirani<\/li>\n<li>Zadnji menjalnik: Shimano RDM370, 9 prestav<\/li>\n<li>Sprednji menjalnik: Shimano <a class=\"elementor-accordion-title\">Altus FDM2020, 34,9mm, top swing<\/a><\/li>\n<li>Menjalne ro\u010dice: Shimano STEF 505, 2\u00d79 prestav<\/li>\n<li>Crank: <a class=\"elementor-accordion-title\">SHIMANO Altus MT101, 36\/22t, 170\/175mm<\/a><\/li>\n<li>Chain: KMC X9<\/li>\n<li>Obro\u010di: ROCKY 23 RX, 32 lukenj<\/li>\n<li>Front hub: HBC, QR, 100 mm<\/li>\n<li>Rear hub: HBC, QR, 135 mm<\/li>\n<li>Tires: CST Caballero, 29\u00d72.1\u201d<\/li>\n<li>Brakes: <a class=\"elementor-accordion-title\">SHIMANO STEF 505 180\/160mm<\/a><\/li>\n<li>Brake disc: 180\/160 mm<\/li>\n<li>Krmilo: HBC, \u0160irina: 720 mm, 31,8 mm<\/li>\n<li>Nosilec krmila: HBC, Dol\u017eina 70-100 mm, 31,8 mm<\/li>\n<li>Sede\u017e: HEAD 12250<\/li>\n<li>Sede\u017ena opora: HBC, Dol\u017eina: 350-400 mm, 31,6 mm<\/li>\n<li>Pedala: Wellgo C127DU<\/li>\n<\/ul>","protected":false},"excerpt":{"rendered":"<p>\u017densko gorsko kolo Head Granger 1.5 Joy<\/p>\n<ul>\n<li><strong>Frame:<\/strong> Aluminij 6061 HT DB<\/li>\n<li><strong>Forks:<\/strong> SUNTOUR XCT 30, HLO DS, 100mm<\/li>\n<li><strong>Rear derailleur:<\/strong> Shimano RDM370; 9 prestav<\/li>\n<li><strong>Brakes:<\/strong> <a class=\"elementor-accordion-title\">SHIMANO STEF 505 180\/160mm<\/a><\/li>\n<li><strong>Wheels:<\/strong> 29\u2033<\/li>\n<li><strong>Weight:<\/strong> 14.7 kg<\/li>\n<\/ul>","protected":false},"featured_media":21752,"template":"","meta":{"_acf_changed":false,"inline_featured_image":false},"product_brand":[1193],"product_cat":[488,572],"product_tag":[],"class_list":{"0":"post-21750","1":"product","2":"type-product","3":"status-publish","4":"has-post-thumbnail","6":"product_brand-head","7":"product_cat-gorska-kolesa","8":"product_cat-zenska-gorska-kolesa","9":"pa_velikost-m","11":"first","12":"instock","13":"sale","14":"taxable","15":"shipping-taxable","16":"purchasable","17":"product-type-variable"},"acf":[],"_links":{"self":[{"href":"https:\/\/ritosa.click.si\/en\/wp-json\/wp\/v2\/product\/21750","targetHints":{"allow":["GET"]}}],"collection":[{"href":"https:\/\/ritosa.click.si\/en\/wp-json\/wp\/v2\/product"}],"about":[{"href":"https:\/\/ritosa.click.si\/en\/wp-json\/wp\/v2\/types\/product"}],"wp:featuredmedia":[{"embeddable":true,"href":"https:\/\/ritosa.click.si\/en\/wp-json\/wp\/v2\/media\/21752"}],"wp:attachment":[{"href":"https:\/\/ritosa.click.si\/en\/wp-json\/wp\/v2\/media?parent=21750"}],"wp:term":[{"taxonomy":"product_brand","embeddable":true,"href":"https:\/\/ritosa.click.si\/en\/wp-json\/wp\/v2\/product_brand?post=21750"},{"taxonomy":"product_cat","embeddable":true,"href":"https:\/\/ritosa.click.si\/en\/wp-json\/wp\/v2\/product_cat?post=21750"},{"taxonomy":"product_tag","embeddable":true,"href":"https:\/\/ritosa.click.si\/en\/wp-json\/wp\/v2\/product_tag?post=21750"}],"curies":[{"name":"wp","href":"https:\/\/api.w.org\/{rel}","templated":true}]}}