{"id":21650,"date":"2026-03-14T13:10:39","date_gmt":"2026-03-14T12:10:39","guid":{"rendered":"https:\/\/ritosa.click.si\/?post_type=product&#038;p=21650"},"modified":"2026-03-14T13:22:33","modified_gmt":"2026-03-14T12:22:33","slug":"cube-acid-260-disc-2","status":"publish","type":"product","link":"https:\/\/ritosa.click.si\/en\/trgovina\/cycling\/kolesa\/otroska-kolesa\/26-2\/cube-acid-260-disc-2\/","title":{"rendered":"CUBE ACID 260 DISC"},"content":{"rendered":"<p data-start=\"43\" data-end=\"262\">Pravi gorski kolesarski model za mlade kolesarje, ki \u017eelijo raziskovati gozdne poti in trail steze. CUBE Acid 260 Disc je zasnovan po vzoru odraslih MTB koles, vendar prilagojen potrebam mlaj\u0161ih kolesarjev.<\/p>\n<p data-start=\"264\" data-end=\"663\">Lahek in trpe\u017een <strong data-start=\"281\" data-end=\"305\">Aluminium Lite okvir<\/strong> z Agile Ride geometrijo zagotavlja stabilno in samozavestno vo\u017enjo, medtem ko <strong data-start=\"384\" data-end=\"433\">amortizacijska vilica SR Suntour z 80 mm hoda<\/strong> poskrbi za ve\u010d udobja in nadzora na neravnem terenu. <strong data-start=\"487\" data-end=\"524\">Shimano 16-stopenjski pogon (2&#215;8)<\/strong> omogo\u010da enostavno prestavljanje in premagovanje vzponov, <strong data-start=\"582\" data-end=\"609\">hidravli\u010dne disk zavore<\/strong> pa zagotavljajo zanesljivo zaviranje v vseh razmerah.<\/p>\n<p data-start=\"665\" data-end=\"798\">With <strong data-start=\"667\" data-end=\"689\">26-pal\u010dnimi kolesi<\/strong> in geometrijo, prilagojeno mladim kolesarjem, je Acid 260 Disc odli\u010dna izbira za prve resnej\u0161e MTB avanture.<\/p>\n<p><em>Cube Acid 260 je idealen za otroke z vi\u0161ino med 124 &#8211; 141 cm in dol\u017eino notranjega dela noge 57 &#8211; 66 cm.<\/em><\/p>\n<p><em>Najve\u010dja nosilnost (vklju\u010dno s te\u017eo kolesa): 65 kg<\/em><\/p>\n<p><strong>Specifications<\/strong><\/p>\n<ul>\n<li data-start=\"975\" data-end=\"1286\"><strong data-start=\"975\" data-end=\"985\">Frame:<\/strong> Aluminium Lite, AMF, Double Butted, notranja napeljava kablov, SIC nosilec, nosilec za ta\u010dko<\/li>\n<li data-start=\"975\" data-end=\"1286\"><strong data-start=\"1081\" data-end=\"1092\">Fork:<\/strong> SR Suntour XCE, hod 80 mm<\/li>\n<li data-start=\"975\" data-end=\"1286\"><strong data-start=\"1121\" data-end=\"1139\">Headset:<\/strong> CUBE FPH863, polintegriran<\/li>\n<li data-start=\"975\" data-end=\"1286\"><strong data-start=\"1169\" data-end=\"1188\">Handlebar bracket:<\/strong> CUBE Performance Stem, 31.8 mm<\/li>\n<li data-start=\"975\" data-end=\"1286\"><strong data-start=\"1222\" data-end=\"1233\">Handlebar:<\/strong> CUBE Rise Trail Bar, 680 mm<\/li>\n<li data-start=\"975\" data-end=\"1286\"><strong data-start=\"1264\" data-end=\"1274\">Gripi:<\/strong> ACID Icon<\/li>\n<li data-start=\"1288\" data-end=\"1450\"><strong data-start=\"1288\" data-end=\"1310\">Front derailleur:<\/strong> Shimano FD-M315, Top Swing<\/li>\n<li data-start=\"1288\" data-end=\"1450\"><strong data-start=\"1340\" data-end=\"1361\">Rear derailleur:<\/strong> Shimano RD-TX800, 8-stopenjski<\/li>\n<li data-start=\"1288\" data-end=\"1450\"><strong data-start=\"1395\" data-end=\"1416\">Gear levers:<\/strong> Shimano SL-M315, Rapidfire-Plus<\/li>\n<li data-start=\"1452\" data-end=\"1526\"><strong data-start=\"1452\" data-end=\"1463\">Brakes:<\/strong> Shimano BR-MT200\/UR300, hidravli\u010dne disk zavore (160\/160 mm)<\/li>\n<li data-start=\"1528\" data-end=\"1711\"><strong data-start=\"1528\" data-end=\"1543\">Drive axle:<\/strong> Thun Paso-ML, 73 mm BSA<\/li>\n<li data-start=\"1528\" data-end=\"1711\"><strong data-start=\"1570\" data-end=\"1582\">Crank:<\/strong> Shimano FC-M315, 36x22T, 170 mm<\/li>\n<li data-start=\"1528\" data-end=\"1711\"><strong data-start=\"1617\" data-end=\"1628\">Pedals:<\/strong> CUBE PP MTB medium<\/li>\n<li data-start=\"1528\" data-end=\"1711\"><strong data-start=\"1650\" data-end=\"1661\">Chain:<\/strong> KMC Z8.3<\/li>\n<li data-start=\"1528\" data-end=\"1711\"><strong data-start=\"1673\" data-end=\"1684\">Cassette:<\/strong> Shimano CS-HG200, 12\u201332T<\/li>\n<li data-start=\"1713\" data-end=\"1811\"><strong data-start=\"1713\" data-end=\"1733\">Obro\u010di \/ kolesa:<\/strong> ACID Pro 20, 32\/32 naper, QR\/QR, Tubeless Ready<\/li>\n<li data-start=\"1713\" data-end=\"1811\"><strong data-start=\"1784\" data-end=\"1795\">Tires:<\/strong> CUBE MTB 2.25<\/li>\n<li data-start=\"1813\" data-end=\"1912\"><strong data-start=\"1813\" data-end=\"1823\">Saddle:<\/strong> ACID Wreath Lite<\/li>\n<li data-start=\"1813\" data-end=\"1912\"><strong data-start=\"1842\" data-end=\"1860\">Seat post:<\/strong> CUBE Performance Post, 27.2 mm<\/li>\n<li data-start=\"1813\" data-end=\"1912\"><strong data-start=\"1894\" data-end=\"1905\">Zvonec:<\/strong> ACID<\/li>\n<li data-start=\"1914\" data-end=\"1931\"><strong data-start=\"1914\" data-end=\"1923\">Weight:<\/strong> 13.8 kg<\/li>\n<\/ul>","protected":false},"excerpt":{"rendered":"<p>Otro\u0161ko kolo 26&#8221; Cube Acid 260 Disc Lizard &#8216;n&#8217; Blue<\/p>","protected":false},"featured_media":21657,"template":"","meta":{"_acf_changed":false,"inline_featured_image":false,"_monsterinsights_skip_tracking":false,"_monsterinsights_sitenote_active":false,"_monsterinsights_sitenote_note":"","_monsterinsights_sitenote_category":0},"product_brand":[1192],"product_cat":[648],"product_tag":[1198,1202,1007],"class_list":{"0":"post-21650","1":"product","2":"type-product","3":"status-publish","4":"has-post-thumbnail","6":"product_brand-cube","7":"product_cat-26-2","8":"product_tag-otroci","9":"product_tag-otroska-kolesa","10":"product_tag-otrosko-kolo","12":"first","13":"instock","14":"taxable","15":"shipping-taxable","16":"purchasable","17":"product-type-simple"},"acf":[],"aioseo_notices":[],"_links":{"self":[{"href":"https:\/\/ritosa.click.si\/en\/wp-json\/wp\/v2\/product\/21650","targetHints":{"allow":["GET"]}}],"collection":[{"href":"https:\/\/ritosa.click.si\/en\/wp-json\/wp\/v2\/product"}],"about":[{"href":"https:\/\/ritosa.click.si\/en\/wp-json\/wp\/v2\/types\/product"}],"wp:featuredmedia":[{"embeddable":true,"href":"https:\/\/ritosa.click.si\/en\/wp-json\/wp\/v2\/media\/21657"}],"wp:attachment":[{"href":"https:\/\/ritosa.click.si\/en\/wp-json\/wp\/v2\/media?parent=21650"}],"wp:term":[{"taxonomy":"product_brand","embeddable":true,"href":"https:\/\/ritosa.click.si\/en\/wp-json\/wp\/v2\/product_brand?post=21650"},{"taxonomy":"product_cat","embeddable":true,"href":"https:\/\/ritosa.click.si\/en\/wp-json\/wp\/v2\/product_cat?post=21650"},{"taxonomy":"product_tag","embeddable":true,"href":"https:\/\/ritosa.click.si\/en\/wp-json\/wp\/v2\/product_tag?post=21650"}],"curies":[{"name":"wp","href":"https:\/\/api.w.org\/{rel}","templated":true}]}}