{"id":21568,"date":"2026-03-13T19:23:29","date_gmt":"2026-03-13T18:23:29","guid":{"rendered":"https:\/\/ritosa.click.si\/?post_type=product&#038;p=21568"},"modified":"2026-03-13T19:26:54","modified_gmt":"2026-03-13T18:26:54","slug":"specialized-riprock-coaster-16","status":"publish","type":"product","link":"https:\/\/ritosa.click.si\/en\/trgovina\/cycling\/kolesa\/otroska-kolesa\/16\/specialized-riprock-coaster-16\/","title":{"rendered":"Specialized Riprock Coaster 16"},"content":{"rendered":"<p data-start=\"86\" data-end=\"372\">Otro\u0161ko kolo, zasnovano za prve prave kolesarske avanture. Okvir iz <strong data-start=\"154\" data-end=\"178\">A1 Premium aluminija<\/strong> je lahek, vzdr\u017eljiv in prilagojen otro\u0161ki uporabi, geometrija z zelo nizkim prestopom pa omogo\u010da enostavno sedenje na kolo in ve\u010d samozavesti pri vo\u017enji.<\/p>\n<p data-start=\"374\" data-end=\"697\">Kolo je opremljeno z <strong data-start=\"395\" data-end=\"420\">rear torpedo brake<\/strong>, ki omogo\u010da preprosto in varno zaviranje s pedaliranjem nazaj. \u0160iroke <strong data-start=\"491\" data-end=\"527\">16 x 2.3&#8243; pnevmatike Rhythm Lite<\/strong> zagotavljajo odli\u010den oprijem, stabilnost in udobje na razli\u010dnih podlagah, zato je vo\u017enja zabavna tako na asfaltu kot na makadamu.<\/p>\n<p data-start=\"699\" data-end=\"854\">Specialized Riprock Coaster 16 je odli\u010dna izbira za otroke, ki se u\u010dijo samostojne vo\u017enje in \u017eelijo raziskovati okolico na zanesljivem in stabilnem kolesu.<\/p>\n<p data-start=\"856\" data-end=\"1001\"><strong data-start=\"856\" data-end=\"886\">Priporo\u010dena vi\u0161ina otroka:<\/strong> pribli\u017eno 94\u2013107 cm<br data-start=\"906\" data-end=\"909\" \/><strong data-start=\"909\" data-end=\"928\">Velikost koles:<\/strong> 16\u2033<br data-start=\"932\" data-end=\"935\" \/><strong data-start=\"935\" data-end=\"944\">Weight:<\/strong> pribli\u017eno 9,1 kg<\/p>","protected":false},"excerpt":{"rendered":"<p>Otro\u0161ko kolo Specialized Riprock Coaster 16 \u2013 satin mystic blue \/ fiery red<\/p>","protected":false},"featured_media":21569,"template":"","meta":{"_acf_changed":false,"inline_featured_image":false,"_monsterinsights_skip_tracking":false,"_monsterinsights_sitenote_active":false,"_monsterinsights_sitenote_note":"","_monsterinsights_sitenote_category":0},"product_brand":[673],"product_cat":[645],"product_tag":[1198,1202,1007],"class_list":{"0":"post-21568","1":"product","2":"type-product","3":"status-publish","4":"has-post-thumbnail","6":"product_brand-specialized","7":"product_cat-645","8":"product_tag-otroci","9":"product_tag-otroska-kolesa","10":"product_tag-otrosko-kolo","12":"first","13":"instock","14":"sale","15":"taxable","16":"shipping-taxable","17":"purchasable","18":"product-type-simple"},"acf":[],"aioseo_notices":[],"_links":{"self":[{"href":"https:\/\/ritosa.click.si\/en\/wp-json\/wp\/v2\/product\/21568","targetHints":{"allow":["GET"]}}],"collection":[{"href":"https:\/\/ritosa.click.si\/en\/wp-json\/wp\/v2\/product"}],"about":[{"href":"https:\/\/ritosa.click.si\/en\/wp-json\/wp\/v2\/types\/product"}],"wp:featuredmedia":[{"embeddable":true,"href":"https:\/\/ritosa.click.si\/en\/wp-json\/wp\/v2\/media\/21569"}],"wp:attachment":[{"href":"https:\/\/ritosa.click.si\/en\/wp-json\/wp\/v2\/media?parent=21568"}],"wp:term":[{"taxonomy":"product_brand","embeddable":true,"href":"https:\/\/ritosa.click.si\/en\/wp-json\/wp\/v2\/product_brand?post=21568"},{"taxonomy":"product_cat","embeddable":true,"href":"https:\/\/ritosa.click.si\/en\/wp-json\/wp\/v2\/product_cat?post=21568"},{"taxonomy":"product_tag","embeddable":true,"href":"https:\/\/ritosa.click.si\/en\/wp-json\/wp\/v2\/product_tag?post=21568"}],"curies":[{"name":"wp","href":"https:\/\/api.w.org\/{rel}","templated":true}]}}