{"id":21236,"date":"2026-03-07T20:20:54","date_gmt":"2026-03-07T19:20:54","guid":{"rendered":"https:\/\/ritosa.click.si\/?post_type=product&#038;p=21236"},"modified":"2026-03-07T20:24:45","modified_gmt":"2026-03-07T19:24:45","slug":"reusch-lore-stormbloxx","status":"publish","type":"product","link":"https:\/\/ritosa.click.si\/en\/trgovina\/skiing\/smucarska-oprema\/smucarske-rokavice\/odrasle-smucarske-rokavice\/reusch-lore-stormbloxx\/","title":{"rendered":"Reusch Lore STORMBLOXX"},"content":{"rendered":"<p>Ski gloves <strong data-start=\"19\" data-end=\"46\">Reusch Lore STORMBLOXX<\/strong>\u00a0so tople in udobne \u017eenske rokavice, zasnovane za smu\u010danje v hladnih zimskih razmerah. Opremljene so z <strong data-start=\"149\" data-end=\"173\">membrano STORMBLOXX\u2122<\/strong>, ki zagotavlja odli\u010dno za\u0161\u010dito pred vetrom ter dobro zra\u010dnost, zato roke ostanejo suhe in prijetno tople. Za dodatno toploto skrbi <strong data-start=\"305\" data-end=\"334\">PrimaLoft\u00ae Gold izolacija<\/strong>, ki u\u010dinkovito zadr\u017euje toploto tudi v zelo mrzlem vremenu. Zgornji del rokavic je izdelan iz <strong data-start=\"429\" data-end=\"461\">pro\u017enega softshell materiala<\/strong>, dlan iz <strong data-start=\"471\" data-end=\"496\">mehkega ov\u010djega usnja<\/strong> pa omogo\u010da odli\u010den oprijem smu\u010darskih palic in ve\u010djo vzdr\u017eljivost. Zaradi kakovostnih materialov in udobnega kroja so rokavice odli\u010dna izbira za <strong data-start=\"642\" data-end=\"681\">smu\u010danje in druge zimske aktivnosti<\/strong>.<\/p>","protected":false},"excerpt":{"rendered":"<p>\u017denske smu\u010darske rokavice Reusch Lore STORMBLOXX<\/p>","protected":false},"featured_media":21240,"template":"","meta":{"_acf_changed":false,"inline_featured_image":false,"_monsterinsights_skip_tracking":false,"_monsterinsights_sitenote_active":false,"_monsterinsights_sitenote_note":"","_monsterinsights_sitenote_category":0},"product_brand":[683],"product_cat":[604],"product_tag":[],"class_list":{"0":"post-21236","1":"product","2":"type-product","3":"status-publish","4":"has-post-thumbnail","6":"product_brand-reusch","7":"product_cat-odrasle-smucarske-rokavice","8":"pa_velikost-7-5","9":"pa_velikost-799","11":"first","12":"instock","13":"sale","14":"taxable","15":"shipping-taxable","16":"purchasable","17":"product-type-variable"},"acf":[],"aioseo_notices":[],"_links":{"self":[{"href":"https:\/\/ritosa.click.si\/en\/wp-json\/wp\/v2\/product\/21236","targetHints":{"allow":["GET"]}}],"collection":[{"href":"https:\/\/ritosa.click.si\/en\/wp-json\/wp\/v2\/product"}],"about":[{"href":"https:\/\/ritosa.click.si\/en\/wp-json\/wp\/v2\/types\/product"}],"wp:featuredmedia":[{"embeddable":true,"href":"https:\/\/ritosa.click.si\/en\/wp-json\/wp\/v2\/media\/21240"}],"wp:attachment":[{"href":"https:\/\/ritosa.click.si\/en\/wp-json\/wp\/v2\/media?parent=21236"}],"wp:term":[{"taxonomy":"product_brand","embeddable":true,"href":"https:\/\/ritosa.click.si\/en\/wp-json\/wp\/v2\/product_brand?post=21236"},{"taxonomy":"product_cat","embeddable":true,"href":"https:\/\/ritosa.click.si\/en\/wp-json\/wp\/v2\/product_cat?post=21236"},{"taxonomy":"product_tag","embeddable":true,"href":"https:\/\/ritosa.click.si\/en\/wp-json\/wp\/v2\/product_tag?post=21236"}],"curies":[{"name":"wp","href":"https:\/\/api.w.org\/{rel}","templated":true}]}}