{"id":21208,"date":"2026-03-07T20:06:21","date_gmt":"2026-03-07T19:06:21","guid":{"rendered":"https:\/\/ritosa.click.si\/?post_type=product&#038;p=21208"},"modified":"2026-03-07T20:09:35","modified_gmt":"2026-03-07T19:09:35","slug":"reusch-mastery","status":"publish","type":"product","link":"https:\/\/ritosa.click.si\/en\/trgovina\/skiing\/smucarska-oprema\/smucarske-rokavice\/odrasle-smucarske-rokavice\/reusch-mastery\/","title":{"rendered":"Reusch Mastery"},"content":{"rendered":"<p>Ski gloves <strong data-start=\"19\" data-end=\"37\">Reusch Mastery<\/strong> so \u0161portne rokavice, zasnovane za smu\u010darje, ki i\u0161\u010dejo visoko zmogljivost, udobje in za\u0161\u010dito v zimskih razmerah. Tesno prilegajo\u010d kroj omogo\u010da odli\u010den ob\u010dutek in natan\u010den oprijem smu\u010darskih palic tudi pri dinami\u010dni vo\u017enji. Rokavice so izdelane iz <strong data-start=\"284\" data-end=\"337\">kakovostnega kozjega usnja in softshell materiala<\/strong>, kar zagotavlja dobro odpornost in vzdr\u017eljivost. Za toploto skrbi <strong data-start=\"404\" data-end=\"425\">R-LOFT\u2122 izolacija<\/strong>, ki u\u010dinkovito zadr\u017euje toploto, hkrati pa omogo\u010da dobro zra\u010dnost. Dodatno za\u0161\u010dito nudijo <strong data-start=\"516\" data-end=\"555\">mehke oja\u010ditve na prstih in \u010dlenkih<\/strong>, nastavljivo <strong data-start=\"569\" data-end=\"589\">Velcro zapiranje<\/strong> pa omogo\u010da popolno prileganje zapestju.<\/p>","protected":false},"excerpt":{"rendered":"<p>Mo\u0161ke smu\u010darske rokavice Reusch Mastery<\/p>","protected":false},"featured_media":21214,"template":"","meta":{"_acf_changed":false,"inline_featured_image":false},"product_brand":[683],"product_cat":[604],"product_tag":[],"class_list":{"0":"post-21208","1":"product","2":"type-product","3":"status-publish","4":"has-post-thumbnail","6":"product_brand-reusch","7":"product_cat-odrasle-smucarske-rokavice","8":"pa_velikost-8-5","9":"pa_velikost-794","11":"first","12":"instock","13":"sale","14":"taxable","15":"shipping-taxable","16":"purchasable","17":"product-type-variable"},"acf":[],"_links":{"self":[{"href":"https:\/\/ritosa.click.si\/en\/wp-json\/wp\/v2\/product\/21208","targetHints":{"allow":["GET"]}}],"collection":[{"href":"https:\/\/ritosa.click.si\/en\/wp-json\/wp\/v2\/product"}],"about":[{"href":"https:\/\/ritosa.click.si\/en\/wp-json\/wp\/v2\/types\/product"}],"wp:featuredmedia":[{"embeddable":true,"href":"https:\/\/ritosa.click.si\/en\/wp-json\/wp\/v2\/media\/21214"}],"wp:attachment":[{"href":"https:\/\/ritosa.click.si\/en\/wp-json\/wp\/v2\/media?parent=21208"}],"wp:term":[{"taxonomy":"product_brand","embeddable":true,"href":"https:\/\/ritosa.click.si\/en\/wp-json\/wp\/v2\/product_brand?post=21208"},{"taxonomy":"product_cat","embeddable":true,"href":"https:\/\/ritosa.click.si\/en\/wp-json\/wp\/v2\/product_cat?post=21208"},{"taxonomy":"product_tag","embeddable":true,"href":"https:\/\/ritosa.click.si\/en\/wp-json\/wp\/v2\/product_tag?post=21208"}],"curies":[{"name":"wp","href":"https:\/\/api.w.org\/{rel}","templated":true}]}}