{"id":21199,"date":"2026-03-07T19:36:25","date_gmt":"2026-03-07T18:36:25","guid":{"rendered":"https:\/\/ritosa.click.si\/?post_type=product&#038;p=21199"},"modified":"2026-03-07T19:38:42","modified_gmt":"2026-03-07T18:38:42","slug":"reusch-travis-gore-tex-junior","status":"publish","type":"product","link":"https:\/\/ritosa.click.si\/en\/trgovina\/skiing\/smucarska-oprema\/smucarske-rokavice\/otroske-smucarske-rokavice\/reusch-travis-gore-tex-junior\/","title":{"rendered":"Reusch Travis GORE-TEX Junior"},"content":{"rendered":"<p>Ski gloves <strong data-start=\"19\" data-end=\"53\">Reusch Travis GORE-TEX\u00ae Junior<\/strong> so tople in zanesljive otro\u0161ke rokavice, zasnovane za za\u0161\u010dito v zahtevnih zimskih razmerah. Opremljene so z <strong data-start=\"162\" data-end=\"183\">membrano GORE-TEX<\/strong>, ki zagotavlja vodoodpornost, odpornost proti vetru in dobro zra\u010dnost, zato roke ostanejo suhe tudi v mokrem snegu. Za toploto skrbi <strong data-start=\"317\" data-end=\"346\">PrimaLoft\u00ae Gold izolacija<\/strong>, ki u\u010dinkovito zadr\u017euje toploto tudi v zelo hladnem vremenu. Zunanji <strong data-start=\"416\" data-end=\"438\">Softshell material<\/strong> in dlan iz <strong data-start=\"450\" data-end=\"461\">Hide PU<\/strong> nudita dober oprijem smu\u010darskih palic ter visoko vzdr\u017eljivost. Rokavice imajo tudi <strong data-start=\"545\" data-end=\"607\">\u017eep za grelni vlo\u017eek, Velcro zapiranje in varnostno vrvico<\/strong>, kar zagotavlja dodatno udobje in prakti\u010dnost pri smu\u010danju.<\/p>","protected":false},"excerpt":{"rendered":"<p>Smu\u010darske rokavice Reusch Travis GORE-TEX Junior<\/p>","protected":false},"featured_media":21204,"template":"","meta":{"_acf_changed":false,"inline_featured_image":false},"product_brand":[683],"product_cat":[605],"product_tag":[1198],"class_list":{"0":"post-21199","1":"product","2":"type-product","3":"status-publish","4":"has-post-thumbnail","6":"product_brand-reusch","7":"product_cat-otroske-smucarske-rokavice","8":"product_tag-otroci","9":"pa_velikost-749","10":"pa_velikost-55-2","12":"first","13":"instock","14":"sale","15":"taxable","16":"shipping-taxable","17":"purchasable","18":"product-type-variable"},"acf":[],"_links":{"self":[{"href":"https:\/\/ritosa.click.si\/en\/wp-json\/wp\/v2\/product\/21199","targetHints":{"allow":["GET"]}}],"collection":[{"href":"https:\/\/ritosa.click.si\/en\/wp-json\/wp\/v2\/product"}],"about":[{"href":"https:\/\/ritosa.click.si\/en\/wp-json\/wp\/v2\/types\/product"}],"wp:featuredmedia":[{"embeddable":true,"href":"https:\/\/ritosa.click.si\/en\/wp-json\/wp\/v2\/media\/21204"}],"wp:attachment":[{"href":"https:\/\/ritosa.click.si\/en\/wp-json\/wp\/v2\/media?parent=21199"}],"wp:term":[{"taxonomy":"product_brand","embeddable":true,"href":"https:\/\/ritosa.click.si\/en\/wp-json\/wp\/v2\/product_brand?post=21199"},{"taxonomy":"product_cat","embeddable":true,"href":"https:\/\/ritosa.click.si\/en\/wp-json\/wp\/v2\/product_cat?post=21199"},{"taxonomy":"product_tag","embeddable":true,"href":"https:\/\/ritosa.click.si\/en\/wp-json\/wp\/v2\/product_tag?post=21199"}],"curies":[{"name":"wp","href":"https:\/\/api.w.org\/{rel}","templated":true}]}}