{"id":21182,"date":"2026-03-07T19:22:19","date_gmt":"2026-03-07T18:22:19","guid":{"rendered":"https:\/\/ritosa.click.si\/?post_type=product&#038;p=21182"},"modified":"2026-03-07T19:26:25","modified_gmt":"2026-03-07T18:26:25","slug":"reusch-bennet-r-tex-xt-junior","status":"publish","type":"product","link":"https:\/\/ritosa.click.si\/en\/trgovina\/skiing\/smucarska-oprema\/smucarske-rokavice\/otroske-smucarske-rokavice\/reusch-bennet-r-tex-xt-junior\/","title":{"rendered":"Reusch Bennet R-TEX XT Junior"},"content":{"rendered":"<p>Ski gloves <strong data-start=\"19\" data-end=\"53\">Reusch Bennet R-TEX\u00ae XT Junior<\/strong> so klasi\u010dne otro\u0161ke rokavice, zasnovane za toploto in za\u0161\u010dito med zimskimi aktivnostmi. Opremljene so z <strong data-start=\"158\" data-end=\"180\">membrano R-TEX\u00ae XT<\/strong>, ki je vodoodporna, odporna proti vetru in zra\u010dna, zato roke ostanejo suhe tudi v mokrem snegu. Toploto zagotavlja <strong data-start=\"296\" data-end=\"318\">TecFill\u2122 izolacija<\/strong>, ki u\u010dinkovito zadr\u017euje toploto v hladnih zimskih razmerah. Zunanji material je <strong data-start=\"399\" data-end=\"414\">vodoodbojen<\/strong>, dlan pa je oja\u010dana z umetnim usnjem za bolj\u0161i oprijem in ve\u010djo vzdr\u017eljivost. Rokavice so zaradi udobnega prileganja primerne za <strong data-start=\"544\" data-end=\"617\">otroke pri smu\u010danju, deskanju na snegu ali drugih zimskih aktivnostih<\/strong>.<\/p>","protected":false},"excerpt":{"rendered":"<p>Smu\u010darske rokavice Reusch Bennet R-TEX XT Junior<\/p>","protected":false},"featured_media":21187,"template":"","meta":{"_acf_changed":false,"inline_featured_image":false,"_monsterinsights_skip_tracking":false,"_monsterinsights_sitenote_active":false,"_monsterinsights_sitenote_note":"","_monsterinsights_sitenote_category":0},"product_brand":[683],"product_cat":[605],"product_tag":[1198],"class_list":{"0":"post-21182","1":"product","2":"type-product","3":"status-publish","4":"has-post-thumbnail","6":"product_brand-reusch","7":"product_cat-otroske-smucarske-rokavice","8":"product_tag-otroci","9":"pa_velikost-55-2","10":"pa_velikost-750","11":"pa_velikost-6-5","13":"first","14":"instock","15":"sale","16":"taxable","17":"shipping-taxable","18":"purchasable","19":"product-type-variable"},"acf":[],"aioseo_notices":[],"_links":{"self":[{"href":"https:\/\/ritosa.click.si\/en\/wp-json\/wp\/v2\/product\/21182","targetHints":{"allow":["GET"]}}],"collection":[{"href":"https:\/\/ritosa.click.si\/en\/wp-json\/wp\/v2\/product"}],"about":[{"href":"https:\/\/ritosa.click.si\/en\/wp-json\/wp\/v2\/types\/product"}],"wp:featuredmedia":[{"embeddable":true,"href":"https:\/\/ritosa.click.si\/en\/wp-json\/wp\/v2\/media\/21187"}],"wp:attachment":[{"href":"https:\/\/ritosa.click.si\/en\/wp-json\/wp\/v2\/media?parent=21182"}],"wp:term":[{"taxonomy":"product_brand","embeddable":true,"href":"https:\/\/ritosa.click.si\/en\/wp-json\/wp\/v2\/product_brand?post=21182"},{"taxonomy":"product_cat","embeddable":true,"href":"https:\/\/ritosa.click.si\/en\/wp-json\/wp\/v2\/product_cat?post=21182"},{"taxonomy":"product_tag","embeddable":true,"href":"https:\/\/ritosa.click.si\/en\/wp-json\/wp\/v2\/product_tag?post=21182"}],"curies":[{"name":"wp","href":"https:\/\/api.w.org\/{rel}","templated":true}]}}