{"id":21162,"date":"2026-03-07T17:46:12","date_gmt":"2026-03-07T16:46:12","guid":{"rendered":"https:\/\/ritosa.click.si\/?post_type=product&#038;p=21162"},"modified":"2026-03-07T17:54:02","modified_gmt":"2026-03-07T16:54:02","slug":"marker-projector-dark-rose-dark-rose-mirror","status":"publish","type":"product","link":"https:\/\/ritosa.click.si\/en\/trgovina\/skiing\/smucarska-oprema\/smucarska-ocala\/odrasla-smucarska-ocala\/marker-projector-dark-rose-dark-rose-mirror\/","title":{"rendered":"Marker Projector+ Dark Rose-Dark Rose Mirror"},"content":{"rendered":"<p data-start=\"49\" data-end=\"369\">Ski goggles <strong data-start=\"65\" data-end=\"112\">Marker Projector+ M Dark Rose &#8211; Dark Rose Mirror<\/strong> zdru\u017eujejo sodoben minimalisti\u010den dizajn, \u0161iroko vidno polje in napredno optiko. Velika <strong data-start=\"201\" data-end=\"239\">sferi\u010dna Dual Bionomic dvojna le\u010da<\/strong> zagotavlja jasen in nepopa\u010den pogled na teren ter odli\u010dno zaznavanje kontrastov na snegu.<\/p>\n<p data-start=\"371\" data-end=\"677\">Le\u010da <strong data-start=\"376\" data-end=\"405\">Dark Rose Mirror (Cat. 2)<\/strong> je primerna za razli\u010dne svetlobne razmere, predvsem za delno son\u010dne dni, saj izbolj\u0161a kontrast in zmanj\u0161a ble\u0161\u010danje. Premaz <strong data-start=\"530\" data-end=\"544\">NMT Optics<\/strong> odbija vodo, prah in umazanijo ter pomaga ohranjati jasno vidljivost skozi ves dan smu\u010danja.<\/p>\n<p data-start=\"679\" data-end=\"978\">Za udobje skrbi <strong data-start=\"695\" data-end=\"715\">Xdry trojna pena<\/strong>, ki se prilagodi obrazu in odvaja vlago, medtem ko <strong data-start=\"767\" data-end=\"797\">MarkAIR Ventilation sistem<\/strong> zagotavlja u\u010dinkovito prezra\u010devanje in zmanj\u0161uje rosenje le\u010de. Trak s silikonskim oprijemom omogo\u010da stabilno prileganje na smu\u010darski \u010deladi.<\/p>\n<p data-start=\"980\" data-end=\"994\"><strong data-start=\"980\" data-end=\"994\">Features:<\/strong><\/p>\n<ul data-start=\"995\" data-end=\"1473\">\n<li data-section-id=\"iqm8oe\" data-start=\"995\" data-end=\"1059\">\n<p data-start=\"997\" data-end=\"1059\">le\u010da <strong data-start=\"1002\" data-end=\"1031\">Dark Rose Mirror \u2013 Cat. 2<\/strong> (za delno son\u010dne razmere)<\/p>\n<\/li>\n<li data-section-id=\"108st0u\" data-start=\"1060\" data-end=\"1124\">\n<p data-start=\"1062\" data-end=\"1124\"><strong data-start=\"1062\" data-end=\"1100\">Dual Bionomic sferi\u010dna dvojna le\u010da<\/strong> za \u0161iroko vidno polje<\/p>\n<\/li>\n<li data-section-id=\"s01tx6\" data-start=\"1125\" data-end=\"1179\">\n<p data-start=\"1127\" data-end=\"1179\"><strong data-start=\"1127\" data-end=\"1148\">NMT Optics premaz<\/strong> proti vodi, prahu in praskam<\/p>\n<\/li>\n<li data-section-id=\"16j0rrd\" data-start=\"1180\" data-end=\"1228\">\n<p data-start=\"1182\" data-end=\"1228\"><strong data-start=\"1182\" data-end=\"1205\">MarkAIR Ventilation<\/strong> sistem proti rosenju<\/p>\n<\/li>\n<li data-section-id=\"11vg64h\" data-start=\"1229\" data-end=\"1263\">\n<p data-start=\"1231\" data-end=\"1263\"><strong data-start=\"1231\" data-end=\"1251\">Xdry trojna pena<\/strong> za udobje<\/p>\n<\/li>\n<li data-section-id=\"1ejf4qp\" data-start=\"1264\" data-end=\"1324\">\n<p data-start=\"1266\" data-end=\"1324\">trak s <strong data-start=\"1273\" data-end=\"1298\">silikonskim oprijemom<\/strong> za stabilnost na \u010deladi<\/p>\n<\/li>\n<li data-section-id=\"157hhck\" data-start=\"1325\" data-end=\"1355\">\n<p data-start=\"1327\" data-end=\"1355\"><strong data-start=\"1327\" data-end=\"1353\">100 % UV A\/B\/C za\u0161\u010dita<\/strong><\/p>\n<\/li>\n<li data-section-id=\"iyvit1\" data-start=\"1356\" data-end=\"1473\">\n<p data-start=\"1358\" data-end=\"1473\">vklju\u010dena <strong data-start=\"1368\" data-end=\"1413\">dodatna Clarity le\u010da za slab\u0161o vidljivost<\/strong> in za\u0161\u010ditna torbica<\/p>\n<\/li>\n<\/ul>","protected":false},"excerpt":{"rendered":"<p>\u017denska smu\u010darska o\u010dala Marker Projector+ Dark Rose-Dark Rose Mirror<\/p>","protected":false},"featured_media":21163,"template":"","meta":{"_acf_changed":false,"inline_featured_image":false,"_monsterinsights_skip_tracking":false,"_monsterinsights_sitenote_active":false,"_monsterinsights_sitenote_note":"","_monsterinsights_sitenote_category":0},"product_brand":[2242],"product_cat":[606,607],"product_tag":[],"class_list":{"0":"post-21162","1":"product","2":"type-product","3":"status-publish","4":"has-post-thumbnail","6":"product_brand-marker","7":"product_cat-odrasla-smucarska-ocala","8":"product_cat-otroska-smucarska-ocala","10":"first","11":"instock","12":"sale","13":"taxable","14":"shipping-taxable","15":"purchasable","16":"product-type-simple"},"acf":[],"aioseo_notices":[],"_links":{"self":[{"href":"https:\/\/ritosa.click.si\/en\/wp-json\/wp\/v2\/product\/21162","targetHints":{"allow":["GET"]}}],"collection":[{"href":"https:\/\/ritosa.click.si\/en\/wp-json\/wp\/v2\/product"}],"about":[{"href":"https:\/\/ritosa.click.si\/en\/wp-json\/wp\/v2\/types\/product"}],"wp:featuredmedia":[{"embeddable":true,"href":"https:\/\/ritosa.click.si\/en\/wp-json\/wp\/v2\/media\/21163"}],"wp:attachment":[{"href":"https:\/\/ritosa.click.si\/en\/wp-json\/wp\/v2\/media?parent=21162"}],"wp:term":[{"taxonomy":"product_brand","embeddable":true,"href":"https:\/\/ritosa.click.si\/en\/wp-json\/wp\/v2\/product_brand?post=21162"},{"taxonomy":"product_cat","embeddable":true,"href":"https:\/\/ritosa.click.si\/en\/wp-json\/wp\/v2\/product_cat?post=21162"},{"taxonomy":"product_tag","embeddable":true,"href":"https:\/\/ritosa.click.si\/en\/wp-json\/wp\/v2\/product_tag?post=21162"}],"curies":[{"name":"wp","href":"https:\/\/api.w.org\/{rel}","templated":true}]}}