{"id":21154,"date":"2026-03-07T17:22:06","date_gmt":"2026-03-07T16:22:06","guid":{"rendered":"https:\/\/ritosa.click.si\/?post_type=product&#038;p=21154"},"modified":"2026-03-07T17:27:53","modified_gmt":"2026-03-07T16:27:53","slug":"marker-1610-black-blacklight-adaptive-mirror","status":"publish","type":"product","link":"https:\/\/ritosa.click.si\/en\/trgovina\/skiing\/smucarska-oprema\/smucarska-ocala\/odrasla-smucarska-ocala\/marker-1610-black-blacklight-adaptive-mirror\/","title":{"rendered":"Marker 16:10 Black-Blacklight Adaptive Mirror"},"content":{"rendered":"<p data-start=\"46\" data-end=\"357\">Ski goggles <strong data-start=\"62\" data-end=\"106\">Marker 16:10 Black \/ Blacklight Adaptive<\/strong> ponujajo \u0161iroko vidno polje, sodoben pol-brezokvirni dizajn in visoko udobje pri smu\u010danju. <strong data-start=\"198\" data-end=\"248\">Fotokromatska le\u010da Blacklight Adaptive (S1\u2013S3)<\/strong> se samodejno prilagaja svetlobnim razmeram ter zagotavlja dobro vidljivost v obla\u010dnem ali son\u010dnem vremenu.<\/p>\n<p data-start=\"359\" data-end=\"606\">Frame <strong data-start=\"365\" data-end=\"377\">Superfit<\/strong> z ergonomskim <strong data-start=\"392\" data-end=\"409\">V-Split nosom<\/strong> omogo\u010da odli\u010dno prileganje, medtem ko <strong data-start=\"448\" data-end=\"468\">Xdry trojna pena<\/strong> poskrbi za udobje in odvajanje vlage. <strong data-start=\"507\" data-end=\"521\">NMT premaz<\/strong> pomaga odbijati vodo in umazanijo, prezra\u010devalni sistem pa zmanj\u0161uje rosenje le\u010de.<\/p>\n<h4 data-start=\"608\" data-end=\"622\"><strong data-start=\"608\" data-end=\"622\">Features:<\/strong><\/h4>\n<ul data-start=\"623\" data-end=\"885\" data-is-last-node=\"\" data-is-only-node=\"\">\n<li data-section-id=\"qqeeu3\" data-start=\"623\" data-end=\"677\">\n<p data-start=\"625\" data-end=\"677\">fotokromatska le\u010da <strong data-start=\"644\" data-end=\"675\">Blacklight Adaptive (S1\u2013S3)<\/strong><\/p>\n<\/li>\n<li data-section-id=\"hzwvcv\" data-start=\"678\" data-end=\"700\">\n<p data-start=\"680\" data-end=\"700\">\u0161iroko vidno polje<\/p>\n<\/li>\n<li data-section-id=\"114a21k\" data-start=\"701\" data-end=\"739\">\n<p data-start=\"703\" data-end=\"739\"><strong data-start=\"703\" data-end=\"721\">Superfit okvir<\/strong> z V-Split nosom<\/p>\n<\/li>\n<li data-section-id=\"13gzhmz\" data-start=\"740\" data-end=\"782\">\n<p data-start=\"742\" data-end=\"782\"><strong data-start=\"742\" data-end=\"756\">NMT premaz<\/strong> proti vodi in umazaniji<\/p>\n<\/li>\n<li data-section-id=\"11vg64h\" data-start=\"783\" data-end=\"817\">\n<p data-start=\"785\" data-end=\"817\"><strong data-start=\"785\" data-end=\"805\">Xdry trojna pena<\/strong> za udobje<\/p>\n<\/li>\n<li data-section-id=\"qp6zvf\" data-start=\"818\" data-end=\"862\">\n<p data-start=\"820\" data-end=\"862\">trak s silikonom za stabilnost na \u010deladi<\/p>\n<\/li>\n<li data-section-id=\"1luhmb8\" data-start=\"863\" data-end=\"885\" data-is-last-node=\"\">\n<p data-start=\"865\" data-end=\"885\" data-is-last-node=\"\"><strong data-start=\"865\" data-end=\"885\" data-is-last-node=\"\">100 % UV za\u0161\u010dita<\/strong><\/p>\n<\/li>\n<\/ul>","protected":false},"excerpt":{"rendered":"<p>Odrasla smu\u010darska o\u010dala Marker 16:10 Black-Blacklight Adaptive Mirror<\/p>","protected":false},"featured_media":21155,"template":"","meta":{"_acf_changed":false,"inline_featured_image":false,"_monsterinsights_skip_tracking":false,"_monsterinsights_sitenote_active":false,"_monsterinsights_sitenote_note":"","_monsterinsights_sitenote_category":0},"product_brand":[2242],"product_cat":[606],"product_tag":[],"class_list":{"0":"post-21154","1":"product","2":"type-product","3":"status-publish","4":"has-post-thumbnail","6":"product_brand-marker","7":"product_cat-odrasla-smucarska-ocala","9":"first","10":"instock","11":"sale","12":"taxable","13":"shipping-taxable","14":"purchasable","15":"product-type-simple"},"acf":[],"aioseo_notices":[],"_links":{"self":[{"href":"https:\/\/ritosa.click.si\/en\/wp-json\/wp\/v2\/product\/21154","targetHints":{"allow":["GET"]}}],"collection":[{"href":"https:\/\/ritosa.click.si\/en\/wp-json\/wp\/v2\/product"}],"about":[{"href":"https:\/\/ritosa.click.si\/en\/wp-json\/wp\/v2\/types\/product"}],"wp:featuredmedia":[{"embeddable":true,"href":"https:\/\/ritosa.click.si\/en\/wp-json\/wp\/v2\/media\/21155"}],"wp:attachment":[{"href":"https:\/\/ritosa.click.si\/en\/wp-json\/wp\/v2\/media?parent=21154"}],"wp:term":[{"taxonomy":"product_brand","embeddable":true,"href":"https:\/\/ritosa.click.si\/en\/wp-json\/wp\/v2\/product_brand?post=21154"},{"taxonomy":"product_cat","embeddable":true,"href":"https:\/\/ritosa.click.si\/en\/wp-json\/wp\/v2\/product_cat?post=21154"},{"taxonomy":"product_tag","embeddable":true,"href":"https:\/\/ritosa.click.si\/en\/wp-json\/wp\/v2\/product_tag?post=21154"}],"curies":[{"name":"wp","href":"https:\/\/api.w.org\/{rel}","templated":true}]}}