{"id":21129,"date":"2026-03-07T16:22:08","date_gmt":"2026-03-07T15:22:08","guid":{"rendered":"https:\/\/ritosa.click.si\/?post_type=product&#038;p=21129"},"modified":"2026-03-07T16:24:05","modified_gmt":"2026-03-07T15:24:05","slug":"alpina-venet-q-lite-white-rose","status":"publish","type":"product","link":"https:\/\/ritosa.click.si\/en\/trgovina\/skiing\/smucarska-oprema\/smucarska-ocala\/odrasla-smucarska-ocala\/alpina-venet-q-lite-white-rose\/","title":{"rendered":"Alpina Venet Q-Lite white-rose"},"content":{"rendered":"<div class=\"product-short-description\">\n<p>Alpina Venet so smu\u010darska o\u010dala, ki zdru\u017eujejo stil, udobje in odli\u010dne tehni\u010dne lastnosti. Primerna so tako za smu\u010darje kot tudi deskarje. Smu\u010darska o\u010dala Venet zagotavljajo popolno vidljivost in za\u0161\u010dito v vseh vremenskih razmerah. Venet so na voljo z razli\u010dnimi variacijami stekel. Stopnja zatemnitve: S2.<\/p>\n<ul>\n<li>Q-lite le\u010da\u00a0odbija infrarde\u010de \u017earke in tako zmanj\u0161a obremenitev o\u010di hkrati pa pove\u010da kontraste<\/li>\n<li>Mirror (M):\u00a0le\u010da z mo\u010dno odsevno plastjo \u0161\u010diti pred ble\u0161\u010danjem in infrarde\u010do svetlobo<\/li>\n<li>Fogstop: je premaz na notranji strani le\u010d za za\u0161\u010dito o\u010dal pred rosenjem<\/li>\n<li>Dvojna le\u010da:\u00a0(Double lens) \u2014 povezana z za\u0161\u010dito proti rosenju (\u201cFogstop\u201d) in z Thermoblock tehnologijo, ki zmanj\u0161uje temperaturne razlike in prepre\u010duje kondenzacijo.<\/li>\n<li>180\u00b0+ view: Alpina smu\u010darska o\u010dala s 180\u00b0+ pogledom imajo \u0161e ve\u010dje vidno polje kot je zahtevano po CE standardu<\/li>\n<li>Comfort frame: Za\u0161\u010ditna o\u010dala so ergonomi\u010dno oblikovana in se tako optimalno prilegajo vsaki obliki obraza<\/li>\n<li>Airframe venting: Openings on the side and bottom edges of the frame allow air to flow into the interior of the glasses, preventing the lenses from fogging up<\/li>\n<li>Rimless: Smu\u010darska o\u010dala brez vidnega okvirja imajo ve\u010dje vidno polje<\/li>\n<li>\u0160irok trak:\u00a0z anti-slip lastnostmi (Skid Grip) \u2014 trak je dovolj \u0161irok in oja\u010dan, da o\u010dala \u201cdr\u017eijo\u201d na \u010deladi tudi pri dinami\u010dni vo\u017enji brez drsenja.<\/li>\n<li>OTG\u00a0&#8211; O\u010dala se lahko nosijo skupaj z va\u0161imi korekcijskimi o\u010dali.<\/li>\n<\/ul>\n<\/div>","protected":false},"excerpt":{"rendered":"<p>Smu\u010darska o\u010dala\u00a0Alpina Venet Q-Lite<\/p>","protected":false},"featured_media":21083,"template":"","meta":{"_acf_changed":false,"inline_featured_image":false,"_monsterinsights_skip_tracking":false,"_monsterinsights_sitenote_active":false,"_monsterinsights_sitenote_note":"","_monsterinsights_sitenote_category":0},"product_brand":[678],"product_cat":[606],"product_tag":[],"class_list":{"0":"post-21129","1":"product","2":"type-product","3":"status-publish","4":"has-post-thumbnail","6":"product_brand-alpina","7":"product_cat-odrasla-smucarska-ocala","9":"first","10":"instock","11":"sale","12":"taxable","13":"shipping-taxable","14":"purchasable","15":"product-type-simple"},"acf":[],"aioseo_notices":[],"_links":{"self":[{"href":"https:\/\/ritosa.click.si\/en\/wp-json\/wp\/v2\/product\/21129","targetHints":{"allow":["GET"]}}],"collection":[{"href":"https:\/\/ritosa.click.si\/en\/wp-json\/wp\/v2\/product"}],"about":[{"href":"https:\/\/ritosa.click.si\/en\/wp-json\/wp\/v2\/types\/product"}],"wp:featuredmedia":[{"embeddable":true,"href":"https:\/\/ritosa.click.si\/en\/wp-json\/wp\/v2\/media\/21083"}],"wp:attachment":[{"href":"https:\/\/ritosa.click.si\/en\/wp-json\/wp\/v2\/media?parent=21129"}],"wp:term":[{"taxonomy":"product_brand","embeddable":true,"href":"https:\/\/ritosa.click.si\/en\/wp-json\/wp\/v2\/product_brand?post=21129"},{"taxonomy":"product_cat","embeddable":true,"href":"https:\/\/ritosa.click.si\/en\/wp-json\/wp\/v2\/product_cat?post=21129"},{"taxonomy":"product_tag","embeddable":true,"href":"https:\/\/ritosa.click.si\/en\/wp-json\/wp\/v2\/product_tag?post=21129"}],"curies":[{"name":"wp","href":"https:\/\/api.w.org\/{rel}","templated":true}]}}