{"id":21124,"date":"2026-03-07T15:42:43","date_gmt":"2026-03-07T14:42:43","guid":{"rendered":"https:\/\/ritosa.click.si\/?post_type=product&#038;p=21124"},"modified":"2026-03-07T15:44:38","modified_gmt":"2026-03-07T14:44:38","slug":"alpina-scarabeo-jr-sunny-lime","status":"publish","type":"product","link":"https:\/\/ritosa.click.si\/en\/trgovina\/skiing\/smucarska-oprema\/smucarska-ocala\/otroska-smucarska-ocala\/alpina-scarabeo-jr-sunny-lime\/","title":{"rendered":"Alpina Scarabeo JR sunny-lime"},"content":{"rendered":"<div class=\"product-short-description\">\n<p>A large field of vision, comfortable wearing, modern design and an excellent price-performance ratio - these are the features that characterize the Alpina Scarabeo HM JR children&#039;s ski goggles. The Fogstop coating on the inside prevents fogging. In addition, the double lens is shatterproof and provides 100% UV protection. The adjustable frame and foam padding ensure comfortable wearing. The goggles can be worn together with your prescription glasses. Protection level: S2<\/p>\n<ul>\n<li>Doubleflex: smu\u010darska o\u010dala z dvojnimi le\u010dami, ki ju lo\u010duje zrak med njima<\/li>\n<li>Fogstop: je premaz na notranji strani le\u010d za za\u0161\u010dito o\u010dal pred rosenjem.<\/li>\n<li>UV za\u0161\u010dita: 100% za\u0161\u010dita pred UV A, B in C \u017earki do 400nm<\/li>\n<li>180\u00b0+ view: Alpina smu\u010darska o\u010dala s 180\u00b0+ pogledom imajo \u0161e ve\u010dje vidno polje kot je zahtevano po CE standardu<\/li>\n<li>Comfort frame: The safety glasses are ergonomically designed to optimally fit every face shape.<\/li>\n<li>Airframe venting: Openings on the side and bottom edges of the frame allow air to flow into the interior of the glasses, preventing the lenses from fogging up<\/li>\n<li>OTG (over the glasses):\u00a0Smu\u010darska o\u010dala OTG imajo dovolj prostora v notranjosti o\u010dal ter s tem omogo\u010dajo, da se pod smu\u010darskimi o\u010dali lahko nosijo korekcijska o\u010dala<\/li>\n<\/ul>\n<\/div>","protected":false},"excerpt":{"rendered":"<p>Otro\u0161ka smu\u010darska o\u010dala Alpina Scarabeo JR<\/p>","protected":false},"featured_media":21115,"template":"","meta":{"_acf_changed":false,"inline_featured_image":false},"product_brand":[678],"product_cat":[607],"product_tag":[1198],"class_list":{"0":"post-21124","1":"product","2":"type-product","3":"status-publish","4":"has-post-thumbnail","6":"product_brand-alpina","7":"product_cat-otroska-smucarska-ocala","8":"product_tag-otroci","10":"first","11":"instock","12":"sale","13":"taxable","14":"shipping-taxable","15":"purchasable","16":"product-type-simple"},"acf":[],"_links":{"self":[{"href":"https:\/\/ritosa.click.si\/en\/wp-json\/wp\/v2\/product\/21124","targetHints":{"allow":["GET"]}}],"collection":[{"href":"https:\/\/ritosa.click.si\/en\/wp-json\/wp\/v2\/product"}],"about":[{"href":"https:\/\/ritosa.click.si\/en\/wp-json\/wp\/v2\/types\/product"}],"wp:featuredmedia":[{"embeddable":true,"href":"https:\/\/ritosa.click.si\/en\/wp-json\/wp\/v2\/media\/21115"}],"wp:attachment":[{"href":"https:\/\/ritosa.click.si\/en\/wp-json\/wp\/v2\/media?parent=21124"}],"wp:term":[{"taxonomy":"product_brand","embeddable":true,"href":"https:\/\/ritosa.click.si\/en\/wp-json\/wp\/v2\/product_brand?post=21124"},{"taxonomy":"product_cat","embeddable":true,"href":"https:\/\/ritosa.click.si\/en\/wp-json\/wp\/v2\/product_cat?post=21124"},{"taxonomy":"product_tag","embeddable":true,"href":"https:\/\/ritosa.click.si\/en\/wp-json\/wp\/v2\/product_tag?post=21124"}],"curies":[{"name":"wp","href":"https:\/\/api.w.org\/{rel}","templated":true}]}}