{"id":21064,"date":"2026-03-07T13:22:24","date_gmt":"2026-03-07T12:22:24","guid":{"rendered":"https:\/\/ritosa.click.si\/?post_type=product&#038;p=21064"},"modified":"2026-03-07T13:26:45","modified_gmt":"2026-03-07T12:26:45","slug":"drsalke-roces-jockey-ice-3-0-black-pink","status":"publish","type":"product","link":"https:\/\/ritosa.click.si\/en\/trgovina\/skiing\/ostali-zimski-sporti\/drsalke\/drsalke-roces-jockey-ice-3-0-black-pink\/","title":{"rendered":"Skates Roces Jockey Ice 3.0 black-pink"},"content":{"rendered":"<p>Roces Jokey Ice 3.0 so otro\u0161ke nastavljive hokejske drsalke, ki omogo\u010dajo prilagoditev velikosti za kar \u0161tiri \u0161tevilke in tako rastejo skupaj z otrokom. Trda plasti\u010dna lupina z oblazinjenim notranjim vlo\u017ekom nudi dobro oporo, toploto in udobje. Trojni sistem zapiranja (vezalke, trak in zaponka) zagotavlja stabilnost, rezilo iz nerjave\u010dega jekla pa pride tovarni\u0161ko nabru\u0161eno in pripravljeno za led. Drsalke so odli\u010dna izbira za za\u010detnike in rekreativne uporabnike, vendar niso namenjene zelo te\u017ekim otrokom ali naprednej\u0161emu drsanju.<\/p>","protected":false},"excerpt":{"rendered":"<p>Otro\u0161ke nastavljive drsalke Roces Jokey Ice 3.0<\/p>\n<h2 class=\"entry-title\"><\/h2>","protected":false},"featured_media":21066,"template":"","meta":{"_acf_changed":false,"inline_featured_image":false},"product_brand":[684],"product_cat":[589],"product_tag":[1198],"class_list":{"0":"post-21064","1":"product","2":"type-product","3":"status-publish","4":"has-post-thumbnail","6":"product_brand-roces","7":"product_cat-drsalke","8":"product_tag-otroci","9":"pa_velikost-34-37","10":"pa_velikost-38-41","12":"first","13":"instock","14":"sale","15":"taxable","16":"shipping-taxable","17":"purchasable","18":"product-type-variable"},"acf":[],"_links":{"self":[{"href":"https:\/\/ritosa.click.si\/en\/wp-json\/wp\/v2\/product\/21064","targetHints":{"allow":["GET"]}}],"collection":[{"href":"https:\/\/ritosa.click.si\/en\/wp-json\/wp\/v2\/product"}],"about":[{"href":"https:\/\/ritosa.click.si\/en\/wp-json\/wp\/v2\/types\/product"}],"wp:featuredmedia":[{"embeddable":true,"href":"https:\/\/ritosa.click.si\/en\/wp-json\/wp\/v2\/media\/21066"}],"wp:attachment":[{"href":"https:\/\/ritosa.click.si\/en\/wp-json\/wp\/v2\/media?parent=21064"}],"wp:term":[{"taxonomy":"product_brand","embeddable":true,"href":"https:\/\/ritosa.click.si\/en\/wp-json\/wp\/v2\/product_brand?post=21064"},{"taxonomy":"product_cat","embeddable":true,"href":"https:\/\/ritosa.click.si\/en\/wp-json\/wp\/v2\/product_cat?post=21064"},{"taxonomy":"product_tag","embeddable":true,"href":"https:\/\/ritosa.click.si\/en\/wp-json\/wp\/v2\/product_tag?post=21064"}],"curies":[{"name":"wp","href":"https:\/\/api.w.org\/{rel}","templated":true}]}}