{"id":20830,"date":"2026-03-06T12:24:19","date_gmt":"2026-03-06T11:24:19","guid":{"rendered":"https:\/\/ritosa.click.si\/?post_type=product&#038;p=20830"},"modified":"2026-03-06T13:17:42","modified_gmt":"2026-03-06T12:17:42","slug":"nogavice-tofit-classic","status":"publish","type":"product","link":"https:\/\/ritosa.click.si\/en\/trgovina\/cycling\/kolesarska-oprema\/kolesarska-oblacila\/nogavice\/nogavice-tofit-classic\/","title":{"rendered":"Tofit classic socks"},"content":{"rendered":"<ul>\n<li data-start=\"875\" data-end=\"910\">Cycling sock, 17 cm high<\/li>\n<li>Special mesh construction for maximum breathability<\/li>\n<li>Reinforced toes and heel<\/li>\n<li>Asymmetrical graphic anti-slip edge<\/li>\n<li>Reversed stitching on the toe area to prevent pressure or irritation<\/li>\n<\/ul>","protected":false},"excerpt":{"rendered":"<p>Kolesarska nogavica, visoka 17 cm Posebna mre\u017easta konstrukcija za maksimalno zra\u010dnost Oja\u010dani prsti in peta Asimetri\u010den grafi\u010dni rob proti drsenju Obrnjen \u0161iv na predelu prstov za prepre\u010devanje pritiska ali dra\u017eenja<\/p>","protected":false},"featured_media":20836,"template":"","meta":{"_acf_changed":false,"inline_featured_image":false,"_monsterinsights_skip_tracking":false,"_monsterinsights_sitenote_active":false,"_monsterinsights_sitenote_note":"","_monsterinsights_sitenote_category":0},"product_brand":[1975],"product_cat":[619],"product_tag":[2238,1988,2240],"class_list":{"0":"post-20830","1":"product","2":"type-product","3":"status-publish","4":"has-post-thumbnail","6":"product_brand-tofit","7":"product_cat-nogavice","8":"product_tag-kolesarske-nogavice","9":"product_tag-nogavice","10":"product_tag-nogavice-tofit","11":"pa_velikost-43-47","13":"first","14":"instock","15":"sale","16":"taxable","17":"shipping-taxable","18":"purchasable","19":"product-type-variable"},"acf":[],"aioseo_notices":[],"_links":{"self":[{"href":"https:\/\/ritosa.click.si\/en\/wp-json\/wp\/v2\/product\/20830","targetHints":{"allow":["GET"]}}],"collection":[{"href":"https:\/\/ritosa.click.si\/en\/wp-json\/wp\/v2\/product"}],"about":[{"href":"https:\/\/ritosa.click.si\/en\/wp-json\/wp\/v2\/types\/product"}],"wp:featuredmedia":[{"embeddable":true,"href":"https:\/\/ritosa.click.si\/en\/wp-json\/wp\/v2\/media\/20836"}],"wp:attachment":[{"href":"https:\/\/ritosa.click.si\/en\/wp-json\/wp\/v2\/media?parent=20830"}],"wp:term":[{"taxonomy":"product_brand","embeddable":true,"href":"https:\/\/ritosa.click.si\/en\/wp-json\/wp\/v2\/product_brand?post=20830"},{"taxonomy":"product_cat","embeddable":true,"href":"https:\/\/ritosa.click.si\/en\/wp-json\/wp\/v2\/product_cat?post=20830"},{"taxonomy":"product_tag","embeddable":true,"href":"https:\/\/ritosa.click.si\/en\/wp-json\/wp\/v2\/product_tag?post=20830"}],"curies":[{"name":"wp","href":"https:\/\/api.w.org\/{rel}","templated":true}]}}