{"id":20737,"date":"2026-03-06T09:36:55","date_gmt":"2026-03-06T08:36:55","guid":{"rendered":"https:\/\/ritosa.click.si\/?post_type=product&#038;p=20737"},"modified":"2026-03-06T09:43:58","modified_gmt":"2026-03-06T08:43:58","slug":"volkl-racetiger-sc-white-2026","status":"publish","type":"product","link":"https:\/\/ritosa.click.si\/en\/trgovina\/skiing\/smuci\/moske-smuci\/volkl-racetiger-sc-white-2026\/","title":{"rendered":"V\u00f6lkl Racetiger SC White 2026"},"content":{"rendered":"<p><strong>V\u00f6lkl Racetiger SC\u00a0<\/strong>is the perfect choice for skiers who love fast, precise turns and complete control on groomed slopes. It is designed for those who enjoy dynamic, technical skiing and want a ski that combines power, precision and smoothness with every turn.<\/p>\n<p>The Racetiger SC is an extremely agile ski with additional\u00a0<strong>Titanal tapes<\/strong>\u00a0and specially designed, wider\u00a0<strong>carbon tip (Tailored Carbon Tips)<\/strong>, giving it effortless responsiveness and stability. Despite its sporty character, it remains surprisingly light and easy to ride \u2013 ideal for experienced as well as recreational skiers looking for performance without excessive demands.<\/p>\n<p>Its balanced shape and narrower waist (68 mm) enable fast edge-to-edge transitions and a dynamic skiing style, while the sintered sliding surface\u00a0<strong>P-Tex 2100<\/strong>\u00a0provides excellent speed and long-lasting durability. Thanks to\u00a0<strong>3D Glass technology<\/strong>\u00a0The edge grip is even stronger, while the ski maintains a lively and stable feel in turns.<\/p>\n<p>In combination with a bond\u00a0<strong>vMotion 3<\/strong>\u00a0The Racetiger SC is the perfect balance between sporty performance and comfort \u2013 for anyone looking for the pleasure of precision carving.<\/p>\n<h4><strong>Key features<\/strong><\/h4>\n<ul>\n<li>A precise and playful slalom ski for groomed trails<\/li>\n<li><strong>Tailored Carbon Tips<\/strong>\u00a0\u2013 easier corner entry and precise tip response<\/li>\n<li><strong>Titanal Band<\/strong>\u00a0\u2013 calmness and stability at higher speeds<\/li>\n<li><strong>3D Glass<\/strong>\u00a0\u2013 strong curb grip and responsive cornering rebound<\/li>\n<li><strong>Multilayer Woodcore<\/strong>\u00a0\u2013 perfect balance between power and agility<\/li>\n<li><strong>P-Tex 2100<\/strong>\u00a0\u2013 sintered sliding surface with excellent sliding and durability<\/li>\n<li><strong>Type Rocker<\/strong>\u00a0\u2013 dynamic turn initiation and precise kerb grip<\/li>\n<li><strong>vMotion 3 system<\/strong>\u00a0\u2013 full compatibility with Marker GW bindings<\/li>\n<\/ul>\n<hr \/>\n<h4><strong>Technical specifications<\/strong><\/h4>\n<div class=\"_tableContainer_1rjym_1\">\n<div class=\"group _tableWrapper_1rjym_13 flex w-fit flex-col-reverse\">\n<table class=\"w-fit min-w-(--thread-content-width)\">\n<thead>\n<tr>\n<th>Length<\/th>\n<th>Geometry (mm)<\/th>\n<th>Radius (m)<\/th>\n<th>Weight (without bindings)<\/th>\n<\/tr>\n<\/thead>\n<tbody>\n<tr>\n<td>148 cm<\/td>\n<td>123\u201368\u2013102<\/td>\n<td>10.2<\/td>\n<td>2658 grams<\/td>\n<\/tr>\n<tr>\n<td>153 cm<\/td>\n<td>123\u201368\u2013102<\/td>\n<td>11.0<\/td>\n<td>2508 grams<\/td>\n<\/tr>\n<tr>\n<td>158 cm<\/td>\n<td>123\u201368\u2013102<\/td>\n<td>11.8<\/td>\n<td>2765g<\/td>\n<\/tr>\n<tr>\n<td>165 cm<\/td>\n<td>123\u201368\u2013102<\/td>\n<td>13.1<\/td>\n<td>2850g<\/td>\n<\/tr>\n<tr>\n<td>172 cm<\/td>\n<td>121.5\u201369\u2013100<\/td>\n<td>15.3<\/td>\n<td>2965g<\/td>\n<\/tr>\n<\/tbody>\n<\/table>\n<\/div>\n<\/div>\n<p><strong>Core:<\/strong>\u00a0Multilayer Woodcore<br \/>\n<strong>Construction:<\/strong>\u00a0Full Sidewall \/ Mini Cap, 3D Glass, Tailored Carbon Tips, Titanal Band<br \/>\n<strong>Profile:<\/strong>\u00a0Type Rocker<br \/>\n<strong>Sliding surface:<\/strong>\u00a0P-Tex 2100<br \/>\n<strong>Panel:<\/strong>\u00a0vMotion 3<br \/>\n<strong>Recommended links:<\/strong>\u00a0Marker vMotion 10 GW<\/p>","protected":false},"excerpt":{"rendered":"<p>Smu\u010di\u00a0V\u00f6lkl Racetiger\u00a0SC + vezi vMotion10<\/p>\n<div class=\"text-base my-auto mx-auto pb-10 [--thread-content-margin:--spacing(4)] thread-sm:[--thread-content-margin:--spacing(6)] thread-lg:[--thread-content-margin:--spacing(16)] px-(--thread-content-margin)\">\n<div class=\"[--thread-content-max-width:40rem] thread-lg:[--thread-content-max-width:48rem] mx-auto max-w-(--thread-content-max-width) flex-1 group\/turn-messages focus-visible:outline-hidden relative flex w-full min-w-0 flex-col agent-turn\">\n<div class=\"flex max-w-full flex-col grow\">\n<div class=\"min-h-8 text-message relative flex w-full flex-col items-end gap-2 text-start break-words whitespace-normal [.text-message+&amp;]:mt-1\">\n<div class=\"flex w-full flex-col gap-1 empty:hidden first:pt-[1px]\">\n<div class=\"markdown prose dark:prose-invert w-full break-words light markdown-new-styling\">\n<p>Idealne za\u00a0tehni\u010dno izpopolnjene in \u0161portne smu\u010darje, ki i\u0161\u010dejo natan\u010dno, stabilno in odzivno smu\u010dko za urejene proge in kratke do srednje dolge zavoje.<\/p>\n<\/div>\n<\/div>\n<\/div>\n<\/div>\n<\/div>\n<\/div>\n","protected":false},"featured_media":20747,"template":"","meta":{"_acf_changed":false,"inline_featured_image":false,"_monsterinsights_skip_tracking":false,"_monsterinsights_sitenote_active":false,"_monsterinsights_sitenote_note":"","_monsterinsights_sitenote_category":0},"product_brand":[1190],"product_cat":[508,567],"product_tag":[],"class_list":{"0":"post-20737","1":"product","2":"type-product","3":"status-publish","4":"has-post-thumbnail","6":"product_brand-volkl","7":"product_cat-moske-smuci","8":"product_cat-zenske-smuci","9":"pa_velikost-978","10":"pa_velikost-2221","12":"first","13":"instock","14":"sale","15":"taxable","16":"shipping-taxable","17":"purchasable","18":"product-type-variable"},"acf":[],"aioseo_notices":[],"_links":{"self":[{"href":"https:\/\/ritosa.click.si\/en\/wp-json\/wp\/v2\/product\/20737","targetHints":{"allow":["GET"]}}],"collection":[{"href":"https:\/\/ritosa.click.si\/en\/wp-json\/wp\/v2\/product"}],"about":[{"href":"https:\/\/ritosa.click.si\/en\/wp-json\/wp\/v2\/types\/product"}],"wp:featuredmedia":[{"embeddable":true,"href":"https:\/\/ritosa.click.si\/en\/wp-json\/wp\/v2\/media\/20747"}],"wp:attachment":[{"href":"https:\/\/ritosa.click.si\/en\/wp-json\/wp\/v2\/media?parent=20737"}],"wp:term":[{"taxonomy":"product_brand","embeddable":true,"href":"https:\/\/ritosa.click.si\/en\/wp-json\/wp\/v2\/product_brand?post=20737"},{"taxonomy":"product_cat","embeddable":true,"href":"https:\/\/ritosa.click.si\/en\/wp-json\/wp\/v2\/product_cat?post=20737"},{"taxonomy":"product_tag","embeddable":true,"href":"https:\/\/ritosa.click.si\/en\/wp-json\/wp\/v2\/product_tag?post=20737"}],"curies":[{"name":"wp","href":"https:\/\/api.w.org\/{rel}","templated":true}]}}